{"id":928,"date":"2017-09-13T09:51:35","date_gmt":"2017-09-13T09:51:35","guid":{"rendered":"http:\/\/annamcara.ch\/htm\/?page_id=928"},"modified":"2026-02-15T12:21:56","modified_gmt":"2026-02-15T11:21:56","slug":"anfahrtsweg","status":"publish","type":"page","link":"https:\/\/annamcara.ch\/htm\/kontakt\/anfahrtsweg\/","title":{"rendered":"Anfahrtsweg"},"content":{"rendered":"<div id=\"pl-928\"  class=\"panel-layout\" ><div id=\"pg-928-0\"  class=\"panel-grid panel-no-style\" ><div id=\"pgc-928-0-0\"  class=\"panel-grid-cell\" ><div id=\"panel-928-0-0-0\" class=\"so-panel widget widget_sow-editor panel-first-child\" data-index=\"0\" ><div\n\t\t\t\n\t\t\tclass=\"so-widget-sow-editor so-widget-sow-editor-base\"\n\t\t\t\n\t\t>\n<div class=\"siteorigin-widget-tinymce textwidget\">\n\t<h3 id=\"anfahrt\" style=\"color: #cc6600;\"><strong>Anfahrt mit dem Auto<\/strong><\/h3>\n<p><iframe loading=\"lazy\" style=\"border: 0;\" src=\"https:\/\/www.google.com\/maps\/embed?pb=!1m18!1m12!1m3!1d3235.302464942985!2d7.315574076710509!3d47.339475106385095!2m3!1f0!2f0!3f0!3m2!1i1024!2i768!4f13.1!3m3!1m2!1s0x4791e65a1526e2d1%3A0x8bf91bdff00863bb!2sRue%20Abb%C3%A9%20Gr%C3%A9goire%20Joliat%202%2C%202852%20Court%C3%A9telle!5e1!3m2!1sde!2sch!4v1771095154423!5m2!1sde!2sch\" width=\"100%\" height=\"350\" allowfullscreen=\"allowfullscreen\"><\/iframe><\/p>\n<\/div>\n<\/div><\/div><div id=\"panel-928-0-0-1\" class=\"so-panel widget widget_sow-editor panel-last-child\" data-index=\"1\" ><div\n\t\t\t\n\t\t\tclass=\"so-widget-sow-editor so-widget-sow-editor-base\"\n\t\t\t\n\t\t>\n<div class=\"siteorigin-widget-tinymce textwidget\">\n\t<p><span style=\"font-size: 17.6px;\">Auf dem Platz vor dem Haus stehen 2-3 Parkpl\u00e4tze zur Verf\u00fcgung. Parkiere und komme zum \"Restaurant\"-Eingang.<\/span><\/p>\n<p><span style=\"font-size: 1.1rem; color: #cc6600;\"><b>Ich erwarte Dich dort.<\/b><\/span><\/p>\n<\/div>\n<\/div><\/div><\/div><\/div><div id=\"pg-928-1\"  class=\"panel-grid panel-no-style\" ><div id=\"pgc-928-1-0\"  class=\"panel-grid-cell\" ><div id=\"panel-928-1-0-0\" class=\"so-panel widget widget_sow-editor panel-first-child panel-last-child\" data-index=\"2\" ><div\n\t\t\t\n\t\t\tclass=\"so-widget-sow-editor so-widget-sow-editor-base\"\n\t\t\t\n\t\t>\n<div class=\"siteorigin-widget-tinymce textwidget\">\n\t<hr \/>\n<\/div>\n<\/div><\/div><\/div><\/div><div id=\"pg-928-2\"  class=\"panel-grid panel-no-style\" ><div id=\"pgc-928-2-0\"  class=\"panel-grid-cell\" ><div id=\"panel-928-2-0-0\" class=\"so-panel widget widget_sow-editor panel-first-child panel-last-child\" data-index=\"3\" ><div\n\t\t\t\n\t\t\tclass=\"so-widget-sow-editor so-widget-sow-editor-base\"\n\t\t\t\n\t\t>\n<div class=\"siteorigin-widget-tinymce textwidget\">\n\t<h3 style=\"color: #cc6600;\"><strong>Anfahrt mit der Bahn<\/strong><\/h3>\n<p><span style=\"font-size: 1.1rem;\">Fahre mit der Bahn \/ dem Zug bis Court\u00e9telle Bahnhof.<\/span><\/p>\n<p><span style=\"font-size: 1.1rem;\">Schau gleich hier beim <a href=\"https:\/\/www.sbb.ch\/de\/fahrplan.html\" target=\"blank\" title=\"Direktlink zum Online Fahrplan der SBB\" style=\"color: #cc6600;\" rel=\"noopener\">SBB Online-Fahrplan<\/a> wann Du in Court\u00e9telle ankommst, damit wir einen passenden Termin finden k\u00f6nnen.<\/span><\/p>\n<p><span style=\"font-size: 1.1rem;\">Anschliessend sind es 5-7 min zu Fuss zu laufen, bis zu uns. Wir freuen uns auf dich.<\/span><\/p>\n<\/div>\n<\/div><\/div><\/div><div id=\"pgc-928-2-1\"  class=\"panel-grid-cell\" ><div id=\"panel-928-2-1-0\" class=\"so-panel widget widget_sow-image panel-first-child panel-last-child\" data-index=\"4\" ><div\n\t\t\t\n\t\t\tclass=\"so-widget-sow-image so-widget-sow-image-default-8b5b6f678277-928\"\n\t\t\t\n\t\t>\n<div class=\"sow-image-container\">\n\t\t<img \n\tsrc=\"https:\/\/annamcara.ch\/htm\/wp-content\/uploads\/AnnamCara-Kontakt-Anfahrt-Bahn.jpg\" width=\"900\" height=\"600\" srcset=\"https:\/\/annamcara.ch\/htm\/wp-content\/uploads\/AnnamCara-Kontakt-Anfahrt-Bahn.jpg 900w, https:\/\/annamcara.ch\/htm\/wp-content\/uploads\/AnnamCara-Kontakt-Anfahrt-Bahn-300x200.jpg 300w, https:\/\/annamcara.ch\/htm\/wp-content\/uploads\/AnnamCara-Kontakt-Anfahrt-Bahn-768x512.jpg 768w, https:\/\/annamcara.ch\/htm\/wp-content\/uploads\/AnnamCara-Kontakt-Anfahrt-Bahn-272x182.jpg 272w\" sizes=\"(max-width: 706px) 89vw, (max-width: 767px) 82vw, 740px\" title=\"Kontakt - Anfahrtweg - Anreise \u00d6V - Anna&#039;m&#039;Cara\" alt=\"Kontakt - Anfahrtweg - Anreise \u00d6V - Anna&#039;m&#039;Cara\" \t\tclass=\"so-widget-image\"\/>\n\t<\/div>\n\n<\/div><\/div><\/div><\/div><div id=\"pg-928-3\"  class=\"panel-grid panel-no-style\" ><div id=\"pgc-928-3-0\"  class=\"panel-grid-cell\" ><div id=\"panel-928-3-0-0\" class=\"so-panel widget widget_sow-editor panel-first-child panel-last-child\" data-index=\"5\" ><div\n\t\t\t\n\t\t\tclass=\"so-widget-sow-editor so-widget-sow-editor-base\"\n\t\t\t\n\t\t>\n<div class=\"siteorigin-widget-tinymce textwidget\">\n\t<hr\/  id=\"ppseminar\">\n<\/div>\n<\/div><\/div><\/div><\/div><div id=\"pg-928-4\"  class=\"panel-grid panel-no-style\" ><div id=\"pgc-928-4-0\"  class=\"panel-grid-cell\" ><div id=\"panel-928-4-0-0\" class=\"so-panel widget widget_sow-editor panel-first-child panel-last-child\" data-index=\"6\" ><div\n\t\t\t\n\t\t\tclass=\"so-widget-sow-editor so-widget-sow-editor-base\"\n\t\t\t\n\t\t>\n<div class=\"siteorigin-widget-tinymce textwidget\">\n\t<h3 id=\"seminar\" style=\"color: #cc6600;\"><strong>Parkplatz f\u00fcr Seminartage<\/strong><\/h3>\n<p><span style=\"font-size: 1.1rem;\">F\u00fcr Seminare stehen am Wochenende rund um in Court\u00e9telle gen\u00fcgend Parkpl\u00e4tze zur Verf\u00fcgung.<br \/>\nDetails werden dir in der Anmeldebest\u00e4tigungen mitgeteilt.<\/span><\/p>\n<\/div>\n<\/div><\/div><\/div><\/div><\/div>","protected":false},"excerpt":{"rendered":"<p>Anfahrt mit dem Auto Auf dem Platz vor dem Haus stehen 2-3 Parkpl\u00e4tze zur Verf\u00fcgung. Parkiere und komme zum &#8222;Restaurant&#8220;-Eingang. Ich erwarte Dich dort.<\/p>\n","protected":false},"author":1,"featured_media":0,"parent":18,"menu_order":2,"comment_status":"closed","ping_status":"closed","template":"","meta":{"ngg_post_thumbnail":0,"footnotes":""},"class_list":["post-928","page","type-page","status-publish","hentry"],"_links":{"self":[{"href":"https:\/\/annamcara.ch\/htm\/wp-json\/wp\/v2\/pages\/928","targetHints":{"allow":["GET"]}}],"collection":[{"href":"https:\/\/annamcara.ch\/htm\/wp-json\/wp\/v2\/pages"}],"about":[{"href":"https:\/\/annamcara.ch\/htm\/wp-json\/wp\/v2\/types\/page"}],"author":[{"embeddable":true,"href":"https:\/\/annamcara.ch\/htm\/wp-json\/wp\/v2\/users\/1"}],"replies":[{"embeddable":true,"href":"https:\/\/annamcara.ch\/htm\/wp-json\/wp\/v2\/comments?post=928"}],"version-history":[{"count":92,"href":"https:\/\/annamcara.ch\/htm\/wp-json\/wp\/v2\/pages\/928\/revisions"}],"predecessor-version":[{"id":19622,"href":"https:\/\/annamcara.ch\/htm\/wp-json\/wp\/v2\/pages\/928\/revisions\/19622"}],"up":[{"embeddable":true,"href":"https:\/\/annamcara.ch\/htm\/wp-json\/wp\/v2\/pages\/18"}],"wp:attachment":[{"href":"https:\/\/annamcara.ch\/htm\/wp-json\/wp\/v2\/media?parent=928"}],"curies":[{"name":"wp","href":"https:\/\/api.w.org\/{rel}","templated":true}]}}