{"id":765,"date":"2017-09-11T12:10:40","date_gmt":"2017-09-11T12:10:40","guid":{"rendered":"http:\/\/annamcara.ch\/htm\/?page_id=765"},"modified":"2017-09-11T12:16:48","modified_gmt":"2017-09-11T12:16:48","slug":"einzelaufstellungen","status":"publish","type":"page","link":"https:\/\/annamcara.ch\/htm\/einzelbegleitung\/methode\/einzelaufstellungen\/","title":{"rendered":"Einzelaufstellungen"},"content":{"rendered":"<div id=\"pl-765\"  class=\"panel-layout\" ><div id=\"pg-765-0\"  class=\"panel-grid panel-no-style\" ><div id=\"pgc-765-0-0\"  class=\"panel-grid-cell\" ><div id=\"panel-765-0-0-0\" class=\"so-panel widget widget_sow-editor panel-first-child panel-last-child\" data-index=\"0\" ><div\n\t\t\t\n\t\t\tclass=\"so-widget-sow-editor so-widget-sow-editor-base\"\n\t\t\t\n\t\t>\n<div class=\"siteorigin-widget-tinymce textwidget\">\n\t<p><strong><span class=\"h2bold\">Systemisch energetische Einzelaufstellung<\/span><\/strong><br \/>\n<span class=\"h1bold\"><br \/>\n<\/span><br \/>\nEine Einzelaufstellung gibt uns den gesch\u00fctzten und individuellen Rahmen, der erm\u00f6glicht, dass die L\u00f6sungen aus der Person selber entwickelt werden und Informationen in diesem gesch\u00fctzten Raum verbleiben (Ablauf - Ethik).<\/p>\n<p>Die systemisch energetische Einzelaufstellung ist ein einzigartiges Mittel der Arbeit mit inneren Bildern. Diese erm\u00f6glichen uns, unsere Sichtweise zur ver\u00e4ndern, die L\u00f6sung leicht zu integrieren und die Ver\u00e4nderung sofort wahr zu nehmen.<\/p>\n<p>Einzelaufstellungen spielen sich immer im individuell Verkraftbaren und dem im Augenblick Sinnvollen ab. Es zeigt sich also nur, was wir heute gemeinsam l\u00f6sen k\u00f6nnen.<\/p>\n<p>Um der L\u00f6sung nahe zu kommen, k\u00f6nnen weitere Methoden in der Einzelberatung unterst\u00fctzend eingesetzt werden. Eine liebevolle, wertfreie und achtsame Begleitung vor, w\u00e4hrend und nach der Einzelaufstellung sichern, dass das Geschehene integriert und die L\u00f6sung wirken kann.<\/p>\n<p><b>- In Balance sein -<\/b><\/p>\n<\/div>\n<\/div><\/div><\/div><div id=\"pgc-765-0-1\"  class=\"panel-grid-cell\" ><div id=\"panel-765-0-1-0\" class=\"so-panel widget widget_sow-image panel-first-child panel-last-child\" data-index=\"1\" ><div\n\t\t\t\n\t\t\tclass=\"so-widget-sow-image so-widget-sow-image-default-8b5b6f678277-765\"\n\t\t\t\n\t\t>\n<div class=\"sow-image-container\">\n\t\t<img \n\tsrc=\"https:\/\/annamcara.ch\/htm\/wp-content\/uploads\/seminar-aufstellungstage.png\" width=\"445\" height=\"550\" srcset=\"https:\/\/annamcara.ch\/htm\/wp-content\/uploads\/seminar-aufstellungstage.png 445w, https:\/\/annamcara.ch\/htm\/wp-content\/uploads\/seminar-aufstellungstage-243x300.png 243w\" sizes=\"(max-width: 445px) 100vw, 445px\" title=\"Beratung - 4. Chakra - Methoden - Einzelaufstellung - Anna&#039;m&#039;Cara\" alt=\"Beratung - 4. Chakra - Methoden - Einzelaufstellung - Anna&#039;m&#039;Cara\" \t\tclass=\"so-widget-image\"\/>\n\t<\/div>\n\n<\/div><\/div><\/div><\/div><\/div>","protected":false},"excerpt":{"rendered":"<p>Systemisch energetische Einzelaufstellung Eine Einzelaufstellung gibt uns den gesch\u00fctzten und individuellen Rahmen, der erm\u00f6glicht, dass die L\u00f6sungen aus der Person selber entwickelt werden und Informationen in diesem gesch\u00fctzten Raum verbleiben (Ablauf &#8211; Ethik). Die systemisch energetische Einzelaufstellung ist ein einzigartiges Mittel der Arbeit mit inneren Bildern. Diese erm\u00f6glichen uns, unsere Sichtweise zur ver\u00e4ndern, die L\u00f6sung &hellip; <\/p>\n<p class=\"link-more\"><a href=\"https:\/\/annamcara.ch\/htm\/einzelbegleitung\/methode\/einzelaufstellungen\/\" class=\"more-link\"><span class=\"screen-reader-text\">\u201eEinzelaufstellungen\u201c<\/span> weiterlesen<\/a><\/p>\n","protected":false},"author":1,"featured_media":0,"parent":323,"menu_order":2,"comment_status":"closed","ping_status":"closed","template":"","meta":{"ngg_post_thumbnail":0,"footnotes":""},"class_list":["post-765","page","type-page","status-publish","hentry"],"_links":{"self":[{"href":"https:\/\/annamcara.ch\/htm\/wp-json\/wp\/v2\/pages\/765","targetHints":{"allow":["GET"]}}],"collection":[{"href":"https:\/\/annamcara.ch\/htm\/wp-json\/wp\/v2\/pages"}],"about":[{"href":"https:\/\/annamcara.ch\/htm\/wp-json\/wp\/v2\/types\/page"}],"author":[{"embeddable":true,"href":"https:\/\/annamcara.ch\/htm\/wp-json\/wp\/v2\/users\/1"}],"replies":[{"embeddable":true,"href":"https:\/\/annamcara.ch\/htm\/wp-json\/wp\/v2\/comments?post=765"}],"version-history":[{"count":9,"href":"https:\/\/annamcara.ch\/htm\/wp-json\/wp\/v2\/pages\/765\/revisions"}],"predecessor-version":[{"id":778,"href":"https:\/\/annamcara.ch\/htm\/wp-json\/wp\/v2\/pages\/765\/revisions\/778"}],"up":[{"embeddable":true,"href":"https:\/\/annamcara.ch\/htm\/wp-json\/wp\/v2\/pages\/323"}],"wp:attachment":[{"href":"https:\/\/annamcara.ch\/htm\/wp-json\/wp\/v2\/media?parent=765"}],"curies":[{"name":"wp","href":"https:\/\/api.w.org\/{rel}","templated":true}]}}