{"id":7241,"date":"2021-01-18T17:40:24","date_gmt":"2021-01-18T16:40:24","guid":{"rendered":"https:\/\/annamcara.ch\/htm\/?page_id=7241"},"modified":"2026-02-10T12:12:18","modified_gmt":"2026-02-10T11:12:18","slug":"tarot-beratung","status":"publish","type":"page","link":"https:\/\/annamcara.ch\/htm\/einzelbegleitung\/tarot-beratung\/","title":{"rendered":"Tarot-Beratung"},"content":{"rendered":"<div id=\"pl-7241\"  class=\"panel-layout\" ><div id=\"pg-7241-0\"  class=\"panel-grid panel-no-style\" ><div id=\"pgc-7241-0-0\"  class=\"panel-grid-cell\" ><div id=\"panel-7241-0-0-0\" class=\"so-panel widget widget_sow-editor panel-first-child panel-last-child\" data-index=\"0\" ><div\n\t\t\t\n\t\t\tclass=\"so-widget-sow-editor so-widget-sow-editor-base\"\n\t\t\t\n\t\t>\n<div class=\"siteorigin-widget-tinymce textwidget\">\n\t<h3 style=\"color: #009900;\"><strong>Tarot-Karten - Spiegelbilder deiner Seele<\/strong><\/h3>\n<p><span style=\"font-size: 1.1rem;\"><b>Gleichmal vorweg: Nein, das ist keine Wahrsagerei.<\/b><\/span><\/p>\n<p><span style=\"font-size: 1.1rem;\">Tarot widerspiegelt die Seele, gew\u00e4hrt einen tiefgr\u00fcndigen Blick auf Ursachen, Begebenheiten und Tendenzen, erlaubt uns aktuelle Momentaufnahmen als Antworten auf klar formulierte Fragen. Sie verraten uns zum Beispiel bei wichtigen Entscheidungen, was tendenziell w\u00e4re, wenn wir uns f\u00fcr A entscheiden oder f\u00fcr B. <\/span><\/p>\n<p><span style=\"font-size: 1.1rem;\">Auch bei altbekannten Verhaltensmuster, Krankheiten oder Sackgassen helfen uns die Karten zu erkennen, woher diese kommen, was sie aktuell bewirken und was man allenfalls dagegen tun kann. Nat\u00fcrlich beraten die Karten uns auch in beruflichen Belangen oder Beziehungsfragen. Sie sind Lebensberater \u2013 nicht mehr, aber auch nicht weniger \ud83d\ude42<\/span><\/p>\n<\/div>\n<\/div><\/div><\/div><\/div><div id=\"pg-7241-1\"  class=\"panel-grid panel-no-style\" ><div id=\"pgc-7241-1-0\"  class=\"panel-grid-cell\" ><div id=\"panel-7241-1-0-0\" class=\"so-panel widget widget_sow-image panel-first-child panel-last-child\" data-index=\"1\" ><div\n\t\t\t\n\t\t\tclass=\"so-widget-sow-image so-widget-sow-image-default-8b5b6f678277-7241\"\n\t\t\t\n\t\t>\n<div class=\"sow-image-container\">\n\t\t<img \n\tsrc=\"https:\/\/annamcara.ch\/htm\/wp-content\/uploads\/AnnamCara-Seminare-Tarot-Jahreskreis-Spruch-Bild.png\" width=\"900\" height=\"600\" srcset=\"https:\/\/annamcara.ch\/htm\/wp-content\/uploads\/AnnamCara-Seminare-Tarot-Jahreskreis-Spruch-Bild.png 900w, https:\/\/annamcara.ch\/htm\/wp-content\/uploads\/AnnamCara-Seminare-Tarot-Jahreskreis-Spruch-Bild-300x200.png 300w, https:\/\/annamcara.ch\/htm\/wp-content\/uploads\/AnnamCara-Seminare-Tarot-Jahreskreis-Spruch-Bild-768x512.png 768w, https:\/\/annamcara.ch\/htm\/wp-content\/uploads\/AnnamCara-Seminare-Tarot-Jahreskreis-Spruch-Bild-272x182.png 272w\" sizes=\"(max-width: 706px) 89vw, (max-width: 767px) 82vw, 740px\" title=\"Seminare - Tarot-Jahreskreis - Spruchbild - Anna&#039;m&#039;Cara\" alt=\"Seminare - Tarot-Jahreskreis - Spruchbild - Anna&#039;m&#039;Cara\" \t\tclass=\"so-widget-image\"\/>\n\t<\/div>\n\n<\/div><\/div><\/div><div id=\"pgc-7241-1-1\"  class=\"panel-grid-cell\" ><div id=\"panel-7241-1-1-0\" class=\"so-panel widget widget_sow-image panel-first-child panel-last-child\" data-index=\"2\" ><div\n\t\t\t\n\t\t\tclass=\"so-widget-sow-image so-widget-sow-image-default-8b5b6f678277-7241\"\n\t\t\t\n\t\t>\n<div class=\"sow-image-container\">\n\t\t<img \n\tsrc=\"https:\/\/annamcara.ch\/htm\/wp-content\/uploads\/AnnamCara-Seminare-Tarot-Jahreskreis-Weisheit.png\" width=\"900\" height=\"600\" srcset=\"https:\/\/annamcara.ch\/htm\/wp-content\/uploads\/AnnamCara-Seminare-Tarot-Jahreskreis-Weisheit.png 900w, https:\/\/annamcara.ch\/htm\/wp-content\/uploads\/AnnamCara-Seminare-Tarot-Jahreskreis-Weisheit-300x200.png 300w, https:\/\/annamcara.ch\/htm\/wp-content\/uploads\/AnnamCara-Seminare-Tarot-Jahreskreis-Weisheit-768x512.png 768w, https:\/\/annamcara.ch\/htm\/wp-content\/uploads\/AnnamCara-Seminare-Tarot-Jahreskreis-Weisheit-272x182.png 272w\" sizes=\"(max-width: 706px) 89vw, (max-width: 767px) 82vw, 740px\" title=\"Weisheit - Seminare - Tarot-Jahreskreis - Anna&#039;m&#039;Cara\" alt=\"Weisheit - Seminare - Tarot-Jahreskreis - Anna&#039;m&#039;Cara\" \t\tclass=\"so-widget-image\"\/>\n\t<\/div>\n\n<\/div><\/div><\/div><\/div><div id=\"pg-7241-2\"  class=\"panel-grid panel-no-style\" ><div id=\"pgc-7241-2-0\"  class=\"panel-grid-cell\" ><div id=\"panel-7241-2-0-0\" class=\"so-panel widget widget_sow-editor panel-first-child panel-last-child\" data-index=\"3\" ><div\n\t\t\t\n\t\t\tclass=\"so-widget-sow-editor so-widget-sow-editor-base\"\n\t\t\t\n\t\t>\n<div class=\"siteorigin-widget-tinymce textwidget\">\n\t<p><span style=\"font-size: 1.1rem;\"><strong>Und so geht's:<\/strong><\/span><br \/>\n<span style=\"font-size: 1.1rem;\">Kontaktiere mich zuerst per Mail und hinterlasse bitte Deinen Namen und Telefonnummer. Danach ruf ich Dich an und wir unterhalten uns telefonisch \u00fcber Dein Anliegen und Du verr\u00e4tst mir Dein Geburtsdatum. <\/span><\/p>\n<p><span style=\"font-size: 1.1rem;\">Damit erstelle ich einen numerologischen und auf Tarotkarten umgerechneten Seelenspiegel, den wir bei der Tarot-Sitzung zusammen anschauen und Deine Frage an die Karten ausformulieren. Letztlich w\u00e4hle ich das passende Legesystem und wir sehen, was Dir die Karten auf Deine Frage raten. Das kann (bevorzugt) pers\u00f6nlich oder am Telefon geschehen.<\/span><\/p>\n<p><span style=\"font-size: 1.1rem;\">Ich freu mich auf Dich und unseren gemeinsamen Blick in die Karten.<\/p>\n<p>Keri<\/span><\/p>\n<\/div>\n<\/div><\/div><\/div><\/div><div id=\"pg-7241-3\"  class=\"panel-grid panel-no-style\" ><div id=\"pgc-7241-3-0\"  class=\"panel-grid-cell\" ><div id=\"panel-7241-3-0-0\" class=\"so-panel widget widget_sow-editor panel-first-child panel-last-child\" data-index=\"4\" ><div\n\t\t\t\n\t\t\tclass=\"so-widget-sow-editor so-widget-sow-editor-base\"\n\t\t\t\n\t\t>\n<div class=\"siteorigin-widget-tinymce textwidget\">\n\t<hr \/>\n<\/div>\n<\/div><\/div><\/div><\/div><div id=\"pg-7241-4\"  class=\"panel-grid panel-no-style\" ><div id=\"pgc-7241-4-0\"  class=\"panel-grid-cell panel-grid-cell-empty\" ><\/div><div id=\"pgc-7241-4-1\"  class=\"panel-grid-cell panel-grid-cell-mobile-last\" ><div id=\"panel-7241-4-1-0\" class=\"so-panel widget widget_sow-button panel-first-child panel-last-child\" data-index=\"5\" ><div\n\t\t\t\n\t\t\tclass=\"so-widget-sow-button so-widget-sow-button-atom-880e1b5a3c58-7241\"\n\t\t\t\n\t\t><div class=\"ow-button-base ow-button-align-center\"\n>\n\t\t\t<a\n\t\t\t\t\thref=\"mailto:keri@annamcara.ch?subject=Anfrage%20von%20Webseite%20-%20Tarot-Beratung\"\n\t\t\t\t\tclass=\"sowb-button ow-icon-placement-left ow-button-hover\" target=\"_blank\" rel=\"noopener noreferrer\" \t>\n\t\t<span>\n\t\t\t\n\t\t\tKontaktiere mich\t\t<\/span>\n\t\t\t<\/a>\n\t<\/div>\n<\/div><\/div><\/div><div id=\"pgc-7241-4-2\"  class=\"panel-grid-cell panel-grid-cell-empty\" ><\/div><\/div><div id=\"pg-7241-5\"  class=\"panel-grid panel-no-style\" ><div id=\"pgc-7241-5-0\"  class=\"panel-grid-cell\" ><div id=\"panel-7241-5-0-0\" class=\"so-panel widget widget_sow-editor panel-first-child panel-last-child\" data-index=\"6\" ><div class=\"panel-widget-style panel-widget-style-for-7241-5-0-0\" ><div\n\t\t\t\n\t\t\tclass=\"so-widget-sow-editor so-widget-sow-editor-base\"\n\t\t\t\n\t\t>\n<div class=\"siteorigin-widget-tinymce textwidget\">\n\t<p style=\"text-align: center;\"><span style=\"font-size: 1.1rem;\"><strong>Preis:<\/strong>\u00a0\u00a0\u00a0\u00a0\u00a0\u00a0<b>CHF\/EUR 225.00<\/b> - Pauschalpreis<\/span><br \/>\nZahlbar per Bank\u00fcberweisung oder Paypal vorab,<br \/>\nbar oder Twint (plus Geb\u00fchren), oder direkt vor Ort<\/p>\n<\/div>\n<\/div><\/div><\/div><\/div><div id=\"pgc-7241-5-1\"  class=\"panel-grid-cell\" ><div id=\"panel-7241-5-1-0\" class=\"so-panel widget widget_sow-editor panel-first-child panel-last-child\" data-index=\"7\" ><div class=\"panel-widget-style panel-widget-style-for-7241-5-1-0\" ><div\n\t\t\t\n\t\t\tclass=\"so-widget-sow-editor so-widget-sow-editor-base\"\n\t\t\t\n\t\t>\n<div class=\"siteorigin-widget-tinymce textwidget\">\n\t<p style=\"text-align: center;\"><span style=\"font-size: 1.1rem;\"><strong>Notwendige Angaben:<\/strong><\/span><br \/>\nName, Vorname<br \/>\nund Geburtsdatum<\/p>\n<\/div>\n<\/div><\/div><\/div><\/div><\/div><div id=\"pg-7241-6\"  class=\"panel-grid panel-no-style\" ><div id=\"pgc-7241-6-0\"  class=\"panel-grid-cell\" ><div id=\"panel-7241-6-0-0\" class=\"so-panel widget widget_sow-editor panel-first-child panel-last-child\" data-index=\"8\" ><div\n\t\t\t\n\t\t\tclass=\"so-widget-sow-editor so-widget-sow-editor-base\"\n\t\t\t\n\t\t>\n<div class=\"siteorigin-widget-tinymce textwidget\">\n\t<hr \/>\n<\/div>\n<\/div><\/div><\/div><\/div><div id=\"pg-7241-7\"  class=\"panel-grid panel-no-style\" ><div id=\"pgc-7241-7-0\"  class=\"panel-grid-cell\" ><div id=\"panel-7241-7-0-0\" class=\"so-panel widget widget_sow-image panel-first-child panel-last-child\" data-index=\"9\" ><div\n\t\t\t\n\t\t\tclass=\"so-widget-sow-image so-widget-sow-image-default-8b5b6f678277-7241\"\n\t\t\t\n\t\t>\n<div class=\"sow-image-container\">\n\t\t<img \n\tsrc=\"https:\/\/annamcara.ch\/htm\/wp-content\/uploads\/AnnamCara-Seminare-Tarot-Seelenweg-Weisheit.png\" width=\"900\" height=\"600\" srcset=\"https:\/\/annamcara.ch\/htm\/wp-content\/uploads\/AnnamCara-Seminare-Tarot-Seelenweg-Weisheit.png 900w, https:\/\/annamcara.ch\/htm\/wp-content\/uploads\/AnnamCara-Seminare-Tarot-Seelenweg-Weisheit-300x200.png 300w, https:\/\/annamcara.ch\/htm\/wp-content\/uploads\/AnnamCara-Seminare-Tarot-Seelenweg-Weisheit-768x512.png 768w, https:\/\/annamcara.ch\/htm\/wp-content\/uploads\/AnnamCara-Seminare-Tarot-Seelenweg-Weisheit-272x182.png 272w\" sizes=\"(max-width: 706px) 89vw, (max-width: 767px) 82vw, 740px\" title=\"Anna&#039;m&#039;Cara - Seminare - Tarot -Seelenweg - Weisheit\" alt=\"Anna&#039;m&#039;Cara - Seminare - Tarot -Seelenweg - Weisheit\" \t\tclass=\"so-widget-image\"\/>\n\t<\/div>\n\n<\/div><\/div><\/div><div id=\"pgc-7241-7-1\"  class=\"panel-grid-cell\" ><div id=\"panel-7241-7-1-0\" class=\"so-panel widget widget_sow-image panel-first-child panel-last-child\" data-index=\"10\" ><div\n\t\t\t\n\t\t\tclass=\"so-widget-sow-image so-widget-sow-image-default-8b5b6f678277-7241\"\n\t\t\t\n\t\t>\n<div class=\"sow-image-container\">\n\t\t<img \n\tsrc=\"https:\/\/annamcara.ch\/htm\/wp-content\/uploads\/AnnamCara-Seminare-Tarot-Seelenweg-Spruchbild.png\" width=\"900\" height=\"600\" srcset=\"https:\/\/annamcara.ch\/htm\/wp-content\/uploads\/AnnamCara-Seminare-Tarot-Seelenweg-Spruchbild.png 900w, https:\/\/annamcara.ch\/htm\/wp-content\/uploads\/AnnamCara-Seminare-Tarot-Seelenweg-Spruchbild-300x200.png 300w, https:\/\/annamcara.ch\/htm\/wp-content\/uploads\/AnnamCara-Seminare-Tarot-Seelenweg-Spruchbild-768x512.png 768w, https:\/\/annamcara.ch\/htm\/wp-content\/uploads\/AnnamCara-Seminare-Tarot-Seelenweg-Spruchbild-272x182.png 272w\" sizes=\"(max-width: 706px) 89vw, (max-width: 767px) 82vw, 740px\" title=\"Anna&#039;m&#039;Cara - Seminare - Tarot -Seelenweg - Spruchbild\" alt=\"Anna&#039;m&#039;Cara - Seminare - Tarot -Seelenweg - Spruchbild\" \t\tclass=\"so-widget-image\"\/>\n\t<\/div>\n\n<\/div><\/div><\/div><\/div><\/div>","protected":false},"excerpt":{"rendered":"<p>Tarot-Karten &#8211; Spiegelbilder deiner Seele Gleichmal vorweg: Nein, das ist keine Wahrsagerei. Tarot widerspiegelt die Seele, gew\u00e4hrt einen tiefgr\u00fcndigen Blick auf Ursachen, Begebenheiten und Tendenzen, erlaubt uns aktuelle Momentaufnahmen als Antworten auf klar formulierte Fragen. Sie verraten uns zum Beispiel bei wichtigen Entscheidungen, was tendenziell w\u00e4re, wenn wir uns f\u00fcr A entscheiden oder f\u00fcr B. &hellip; <\/p>\n<p class=\"link-more\"><a href=\"https:\/\/annamcara.ch\/htm\/einzelbegleitung\/tarot-beratung\/\" class=\"more-link\"><span class=\"screen-reader-text\">\u201eTarot-Beratung\u201c<\/span> weiterlesen<\/a><\/p>\n","protected":false},"author":1,"featured_media":0,"parent":105,"menu_order":0,"comment_status":"closed","ping_status":"closed","template":"","meta":{"ngg_post_thumbnail":0,"footnotes":""},"class_list":["post-7241","page","type-page","status-publish","hentry"],"_links":{"self":[{"href":"https:\/\/annamcara.ch\/htm\/wp-json\/wp\/v2\/pages\/7241","targetHints":{"allow":["GET"]}}],"collection":[{"href":"https:\/\/annamcara.ch\/htm\/wp-json\/wp\/v2\/pages"}],"about":[{"href":"https:\/\/annamcara.ch\/htm\/wp-json\/wp\/v2\/types\/page"}],"author":[{"embeddable":true,"href":"https:\/\/annamcara.ch\/htm\/wp-json\/wp\/v2\/users\/1"}],"replies":[{"embeddable":true,"href":"https:\/\/annamcara.ch\/htm\/wp-json\/wp\/v2\/comments?post=7241"}],"version-history":[{"count":55,"href":"https:\/\/annamcara.ch\/htm\/wp-json\/wp\/v2\/pages\/7241\/revisions"}],"predecessor-version":[{"id":19583,"href":"https:\/\/annamcara.ch\/htm\/wp-json\/wp\/v2\/pages\/7241\/revisions\/19583"}],"up":[{"embeddable":true,"href":"https:\/\/annamcara.ch\/htm\/wp-json\/wp\/v2\/pages\/105"}],"wp:attachment":[{"href":"https:\/\/annamcara.ch\/htm\/wp-json\/wp\/v2\/media?parent=7241"}],"curies":[{"name":"wp","href":"https:\/\/api.w.org\/{rel}","templated":true}]}}