{"id":599,"date":"2017-09-10T13:21:47","date_gmt":"2017-09-10T13:21:47","guid":{"rendered":"http:\/\/annamcara.ch\/htm\/?page_id=599"},"modified":"2026-03-20T10:56:10","modified_gmt":"2026-03-20T09:56:10","slug":"aufstellungstage","status":"publish","type":"page","link":"https:\/\/annamcara.ch\/htm\/seminare\/aufstellungstage\/","title":{"rendered":"Aufstellungstag"},"content":{"rendered":"<div id=\"pl-599\"  class=\"panel-layout\" ><div id=\"pg-599-0\"  class=\"panel-grid panel-no-style\" ><div id=\"pgc-599-0-0\"  class=\"panel-grid-cell\" ><div id=\"panel-599-0-0-0\" class=\"so-panel widget widget_sow-editor panel-first-child panel-last-child\" data-index=\"0\" ><div\n\t\t\t\n\t\t\tclass=\"so-widget-sow-editor so-widget-sow-editor-base\"\n\t\t\t\n\t\t>\n<div class=\"siteorigin-widget-tinymce textwidget\">\n\t<h3 style=\"color: #ffcc33;\"><strong>Familienstellen - Schamanisch PUR<\/strong><\/h3>\n<p><span style=\"font-size: 1.1rem;\">Brechen wir die versteinerten Strukturen unserer Familiengeschichte auf, um gl\u00fccklich zu sein. L\u00f6sen wir uns von den Fesseln, um frei zu sein. Decken wir die Geheimnisse auf, um leicht zu werden und vergeben wir unseren Peinigern, um liebevoll zu uns selbst zu sein. - Wenn wir liebevoll und dankbar dem Vergangenen begegnen und uns auf seine Botschaften einlassen, finden wir ganz zu uns selbst - PUR. Im Vertrauen, entspannt und kraftvoll, damit wir die Zukunft nach unseren W\u00fcnschen gestalten, erschaffen und leben k\u00f6nnen.<\/span><\/p>\n<\/div>\n<\/div><\/div><\/div><\/div><div id=\"pg-599-1\"  class=\"panel-grid panel-no-style\" ><div id=\"pgc-599-1-0\"  class=\"panel-grid-cell\" ><div id=\"panel-599-1-0-0\" class=\"so-panel widget widget_sow-image panel-first-child panel-last-child\" data-index=\"1\" ><div\n\t\t\t\n\t\t\tclass=\"so-widget-sow-image so-widget-sow-image-default-8b5b6f678277-599\"\n\t\t\t\n\t\t>\n<div class=\"sow-image-container\">\n\t\t<img \n\tsrc=\"https:\/\/annamcara.ch\/htm\/wp-content\/uploads\/AnnamCara-Seminare-Aufstellen-Wert-Spruchbild.png\" width=\"900\" height=\"600\" srcset=\"https:\/\/annamcara.ch\/htm\/wp-content\/uploads\/AnnamCara-Seminare-Aufstellen-Wert-Spruchbild.png 900w, https:\/\/annamcara.ch\/htm\/wp-content\/uploads\/AnnamCara-Seminare-Aufstellen-Wert-Spruchbild-300x200.png 300w, https:\/\/annamcara.ch\/htm\/wp-content\/uploads\/AnnamCara-Seminare-Aufstellen-Wert-Spruchbild-768x512.png 768w, https:\/\/annamcara.ch\/htm\/wp-content\/uploads\/AnnamCara-Seminare-Aufstellen-Wert-Spruchbild-272x182.png 272w\" sizes=\"(max-width: 706px) 89vw, (max-width: 767px) 82vw, 740px\" title=\"Seminare - Aufstellungstage - Spruchbild Wert - Anna&#039;m&#039;Cara\" alt=\"Seminare - Aufstellungstage - Spruchbild Wert - Anna&#039;m&#039;Cara\" \t\tclass=\"so-widget-image\"\/>\n\t<\/div>\n\n<\/div><\/div><\/div><div id=\"pgc-599-1-1\"  class=\"panel-grid-cell\" ><div id=\"panel-599-1-1-0\" class=\"so-panel widget widget_sow-image panel-first-child panel-last-child\" data-index=\"2\" ><div\n\t\t\t\n\t\t\tclass=\"so-widget-sow-image so-widget-sow-image-default-8b5b6f678277-599\"\n\t\t\t\n\t\t>\n<div class=\"sow-image-container\">\n\t\t<img \n\tsrc=\"https:\/\/annamcara.ch\/htm\/wp-content\/uploads\/AnnamCara-Seminare-Aufstellen-Wert-Weisheit.png\" width=\"900\" height=\"600\" srcset=\"https:\/\/annamcara.ch\/htm\/wp-content\/uploads\/AnnamCara-Seminare-Aufstellen-Wert-Weisheit.png 900w, https:\/\/annamcara.ch\/htm\/wp-content\/uploads\/AnnamCara-Seminare-Aufstellen-Wert-Weisheit-300x200.png 300w, https:\/\/annamcara.ch\/htm\/wp-content\/uploads\/AnnamCara-Seminare-Aufstellen-Wert-Weisheit-768x512.png 768w, https:\/\/annamcara.ch\/htm\/wp-content\/uploads\/AnnamCara-Seminare-Aufstellen-Wert-Weisheit-272x182.png 272w\" sizes=\"(max-width: 706px) 89vw, (max-width: 767px) 82vw, 740px\" title=\"Seminare - Aufstellungstage - Weisheit Wert - Anna&#039;m&#039;Cara\" alt=\"Seminare - Aufstellungstage - Weisheit Wert - Anna&#039;m&#039;Cara\" \t\tclass=\"so-widget-image\"\/>\n\t<\/div>\n\n<\/div><\/div><\/div><\/div><div id=\"pg-599-2\"  class=\"panel-grid panel-no-style\" ><div id=\"pgc-599-2-0\"  class=\"panel-grid-cell\" ><div id=\"panel-599-2-0-0\" class=\"so-panel widget widget_sow-editor panel-first-child panel-last-child\" data-index=\"3\" ><div\n\t\t\t\n\t\t\tclass=\"so-widget-sow-editor so-widget-sow-editor-base\"\n\t\t\t\n\t\t>\n<div class=\"siteorigin-widget-tinymce textwidget\">\n\t<p><span style=\"font-size: 1.1rem;\">Schamanisch-systemische Aufstellungen haben die Energie \u201eDeine Welt\u201c, dein System\u201c in kurzer Zeit positiv zu ver\u00e4ndern, damit L\u00f6sung, Heilung und Erkenntnis m\u00f6glich sind. An unseren Aufstellungstagen arbeiten wir immer unter Einbezug von schamanischen Elementen. Eine tiefe Vers\u00f6hnung mit unseren Ahnen gibt uns Kraft und Ruhe. Hilft uns, ganz zu uns zu kommen. Rituale unterst\u00fctzen uns, Schweres, negative Glaubenss\u00e4tze und vieles mehr loszulassen, uns zu verabschieden und einen neuen Weg einzuschlagen, den ureigenen Seelenweg. So entsteht Raum f\u00fcr Neues, Kraftvolles und somit f\u00fcr uns selbst!<\/span><\/p>\n<p>Sei du die Ver\u00e4nderung, die du dir w\u00fcnschst und sei es dir wert, gl\u00fccklich zu sein.<br \/>\nIch begleite dich dabei und gemeinsam erschaffen wir Wundervolles.<\/p>\n<\/div>\n<\/div><\/div><\/div><\/div><div id=\"pg-599-3\"  class=\"panel-grid panel-no-style\" ><div id=\"pgc-599-3-0\"  class=\"panel-grid-cell\" ><div id=\"panel-599-3-0-0\" class=\"so-panel widget widget_sow-image panel-first-child panel-last-child\" data-index=\"4\" ><div\n\t\t\t\n\t\t\tclass=\"so-widget-sow-image so-widget-sow-image-default-8b5b6f678277-599\"\n\t\t\t\n\t\t>\n<div class=\"sow-image-container\">\n\t\t<img \n\tsrc=\"https:\/\/annamcara.ch\/htm\/wp-content\/uploads\/AnnamCara-Seminare-Aufstellen-Weisheit.png\" width=\"900\" height=\"600\" srcset=\"https:\/\/annamcara.ch\/htm\/wp-content\/uploads\/AnnamCara-Seminare-Aufstellen-Weisheit.png 900w, https:\/\/annamcara.ch\/htm\/wp-content\/uploads\/AnnamCara-Seminare-Aufstellen-Weisheit-300x200.png 300w, https:\/\/annamcara.ch\/htm\/wp-content\/uploads\/AnnamCara-Seminare-Aufstellen-Weisheit-768x512.png 768w, https:\/\/annamcara.ch\/htm\/wp-content\/uploads\/AnnamCara-Seminare-Aufstellen-Weisheit-272x182.png 272w\" sizes=\"(max-width: 706px) 89vw, (max-width: 767px) 82vw, 740px\" title=\"Seminare - Aufstellungstage - Weisheit - Anna&#039;m&#039;Cara\" alt=\"Seminare - Aufstellungstage - Weisheit - Anna&#039;m&#039;Cara\" \t\tclass=\"so-widget-image\"\/>\n\t<\/div>\n\n<\/div><\/div><\/div><div id=\"pgc-599-3-1\"  class=\"panel-grid-cell\" ><div id=\"panel-599-3-1-0\" class=\"so-panel widget widget_sow-image panel-first-child panel-last-child\" data-index=\"5\" ><div\n\t\t\t\n\t\t\tclass=\"so-widget-sow-image so-widget-sow-image-default-8b5b6f678277-599\"\n\t\t\t\n\t\t>\n<div class=\"sow-image-container\">\n\t\t<img \n\tsrc=\"https:\/\/annamcara.ch\/htm\/wp-content\/uploads\/AnnamCara-Seminare-Aufstellen-SpruchbildN.png\" width=\"900\" height=\"600\" srcset=\"https:\/\/annamcara.ch\/htm\/wp-content\/uploads\/AnnamCara-Seminare-Aufstellen-SpruchbildN.png 900w, https:\/\/annamcara.ch\/htm\/wp-content\/uploads\/AnnamCara-Seminare-Aufstellen-SpruchbildN-300x200.png 300w, https:\/\/annamcara.ch\/htm\/wp-content\/uploads\/AnnamCara-Seminare-Aufstellen-SpruchbildN-768x512.png 768w, https:\/\/annamcara.ch\/htm\/wp-content\/uploads\/AnnamCara-Seminare-Aufstellen-SpruchbildN-272x182.png 272w\" sizes=\"(max-width: 706px) 89vw, (max-width: 767px) 82vw, 740px\" title=\"Seminare - Aufstellungstage - Spruchbild Blickwinkel - Anna&#039;m&#039;Cara\" alt=\"Seminare - Aufstellungstage - Spruchbild Blickwinkel - Anna&#039;m&#039;Cara\" \t\tclass=\"so-widget-image\"\/>\n\t<\/div>\n\n<\/div><\/div><\/div><\/div><div id=\"pg-599-4\"  class=\"panel-grid panel-no-style\" ><div id=\"pgc-599-4-0\"  class=\"panel-grid-cell\" ><div id=\"panel-599-4-0-0\" class=\"so-panel widget widget_sow-editor panel-first-child panel-last-child\" data-index=\"6\" ><div\n\t\t\t\n\t\t\tclass=\"so-widget-sow-editor so-widget-sow-editor-base\"\n\t\t\t\n\t\t>\n<div class=\"siteorigin-widget-tinymce textwidget\">\n\t<p><span style=\"font-size: 1.1rem;\">Fragen zur eigenen Berufung, Familiensysteme, Partnerschaften oder Beziehungen zwischen K\u00f6rper, Geist und Seele k\u00f6nnen aufgestellt werden. Ebenso das System unseres Haustieres. Wir k\u00f6nnen unserem Krafttier, Geistf\u00fchrer oder unserer Seele begegnen. Was haben sie f\u00fcr Botschaften und wie werden diese integriert. <\/span><\/p>\n<p><span style=\"font-size: 1.1rem;\">Mit Aufstellungen lassen sich alle Arten von Anliegen und Verstrickungen l\u00f6sen, Antworten finden und Schweres transformieren. Immer gerade soviel, wie es heute f\u00fcr Deine Seele zu deinem h\u00f6chsten Wohl ist. Darauf achten wir, das ist uns wichtig.<\/span><\/p>\n<\/div>\n<\/div><\/div><\/div><\/div><div id=\"pg-599-5\"  class=\"panel-grid panel-no-style\" ><div id=\"pgc-599-5-0\"  class=\"panel-grid-cell panel-grid-cell-empty\" ><\/div><div id=\"pgc-599-5-1\"  class=\"panel-grid-cell panel-grid-cell-mobile-last\" ><div id=\"panel-599-5-1-0\" class=\"so-panel widget widget_sow-image panel-first-child panel-last-child\" data-index=\"7\" ><div\n\t\t\t\n\t\t\tclass=\"so-widget-sow-image so-widget-sow-image-default-8b5b6f678277-599\"\n\t\t\t\n\t\t>\n<div class=\"sow-image-container\">\n\t\t<img \n\tsrc=\"https:\/\/annamcara.ch\/htm\/wp-content\/uploads\/AnnamCara-Seminare-Aufstellungstage-Rechteck-Ahnen.jpg\" width=\"900\" height=\"600\" srcset=\"https:\/\/annamcara.ch\/htm\/wp-content\/uploads\/AnnamCara-Seminare-Aufstellungstage-Rechteck-Ahnen.jpg 900w, https:\/\/annamcara.ch\/htm\/wp-content\/uploads\/AnnamCara-Seminare-Aufstellungstage-Rechteck-Ahnen-300x200.jpg 300w, https:\/\/annamcara.ch\/htm\/wp-content\/uploads\/AnnamCara-Seminare-Aufstellungstage-Rechteck-Ahnen-768x512.jpg 768w, https:\/\/annamcara.ch\/htm\/wp-content\/uploads\/AnnamCara-Seminare-Aufstellungstage-Rechteck-Ahnen-272x182.jpg 272w\" sizes=\"(max-width: 706px) 89vw, (max-width: 767px) 82vw, 740px\" title=\"Seminare - Aufstellungstage - Spruchbild Ahnen - Anna&#039;m&#039;Cara\" alt=\"Seminare - Aufstellungstage - Spruchbild Ahnen - Anna&#039;m&#039;Cara\" \t\tclass=\"so-widget-image\"\/>\n\t<\/div>\n\n<\/div><\/div><\/div><div id=\"pgc-599-5-2\"  class=\"panel-grid-cell panel-grid-cell-empty\" ><\/div><\/div><div id=\"pg-599-6\"  class=\"panel-grid panel-no-style\" ><div id=\"pgc-599-6-0\"  class=\"panel-grid-cell\" ><div id=\"panel-599-6-0-0\" class=\"so-panel widget widget_sow-editor panel-first-child panel-last-child\" data-index=\"8\" ><div\n\t\t\t\n\t\t\tclass=\"so-widget-sow-editor so-widget-sow-editor-base\"\n\t\t\t\n\t\t>\n<div class=\"siteorigin-widget-tinymce textwidget\">\n\t<hr \/>\n<\/div>\n<\/div><\/div><\/div><\/div><div id=\"pg-599-7\"  class=\"panel-grid panel-no-style\" ><div id=\"pgc-599-7-0\"  class=\"panel-grid-cell\" ><div id=\"panel-599-7-0-0\" class=\"so-panel widget widget_sow-editor panel-first-child panel-last-child\" data-index=\"9\" ><div\n\t\t\t\n\t\t\tclass=\"so-widget-sow-editor so-widget-sow-editor-base\"\n\t\t\t\n\t\t>\n<div class=\"siteorigin-widget-tinymce textwidget\">\n\t<h3 style=\"color: #ffcc33; text-align: center;\"><strong>Datum<\/strong><\/h3>\n<p style=\"text-align: center;\"><span style=\"font-size: 1.5rem;\"><strong><!--Samstag,&nbsp; 29. Juni 2024-->Datum im Sept.\/Okt. 2026 folgt<\/strong><\/span><\/p>\n<p style=\"text-align: center;\"><strong><!--13:00 - max. 18:00 Uhr--><\/strong><\/p>\n<h3 style=\"color: #ffcc33; text-align: center;\"><strong>Kursort<\/strong><\/h3>\n<p style=\"text-align: center;\"><span style=\"font-size: 1.5rem;\">Saal im SavouArt, Court\u00e9telle<\/span><\/p>\n<p><!--\n\n\n<\/p>\n\n\n\n<p style=\"text-align: center;\"><span style=\"font-size: 1.1rem;\">Wir treffen uns um <strong>08:30 Uhr<\/strong> auf dem <a style=\"color: #ffcc33;\" title=\"Link zu Google - Parkplatz Bahnhof Zweisimmen\" href=\"https:\/\/www.google.com\/search?q=Parkplatz%20Bahnhof%20zweisimmen&amp;oq=Parkplatz+Bahnhof+zweisimmen&amp;aqs=chrome..69i57.6082j1j15&amp;sourceid=chrome&amp;ie=UTF-8&amp;tbs=lf:1,lf_ui:3&amp;tbm=lcl&amp;sxsrf=ALeKk00MahCgWlrPWehUq01Nm1S9KHX14w:1627396857805&amp;rflfq=1&amp;num=10&amp;rldimm=10181328416282605316&amp;lqi=ChxQYXJrcGxhdHogQmFobmhvZiB6d2Vpc2ltbWVukgENcGFya19hbmRfcmlkZaoBGRABKhUiEXBhcmtwbGF0eiBiYWhuaG9mKAU&amp;ved=2ahUKEwj9svjcvYPyAhWSyaQKHfKuBKoQvS4wAHoECAkQCA&amp;rlst=f#rlfi=hd:;si:10181328416282605316,l,ChxQYXJrcGxhdHogQmFobmhvZiB6d2Vpc2ltbWVukgENcGFya19hbmRfcmlkZaoBGRABKhUiEXBhcmtwbGF0eiBiYWhuaG9mKAU;mv:[[46.55501846891234,7.378303296117394],[46.55191234016206,7.370256669072717],null,[46.553465426759445,7.374279982595056],18]\" target=\"blank\" rel=\"noopener\"><strong>Parkplatz hinter dem Bahnhof<\/strong><\/a> in <strong>Zweisimmen<\/strong>.\nDort bilden wir Fahrgemeinschaften und fahren gemeinsam auf die Alp!<\/span>\n\n--><\/p>\n<h3 style=\"color: #ffcc33; text-align: center;\"><strong>Mitbringen<\/strong><\/h3>\n<p style=\"text-align: center;\"><span style=\"font-size: 1.1rem;\">bequeme Kleidung, <strong>eigene Getr\u00e4nke &amp; Mittagessen<\/strong> und evtl. Notizbuch (bei eigenen Aufstellungen)<\/span><\/p>\n<h3 style=\"color: #ffcc33; text-align: center;\"><strong>Parkm\u00f6glichkeiten<\/strong><\/h3>\n<p style=\"text-align: center;\"><span style=\"font-size: 1.5rem;\">Parkpl\u00e4tze sind in unmittelbarer N\u00e4he zu finden:<\/span><\/p>\n<p style=\"text-align: center;\">- Raiffeisenbank Court\u00e9telle - Hier der <a title=\"Parkplatz Raiffeisenbank Court\u00e9telle\" href=\"https:\/\/www.google.com\/maps\/dir\/\/Raiffeisen+de+la+Sorne+soci%C3%A9t%C3%A9+coop%C3%A9rative,+Rue+Pr%C3%A9fet+Comte+11,+2852+Court%C3%A9telle\/@47.3377976,7.3119631,15z\/data=!4m8!4m7!1m0!1m5!1m1!1s0x4791e65af37e0b8d:0xef80af38303cd4f1!2m2!1d7.3182755!2d47.3411456?entry=ttu&amp;g_ep=EgoyMDI2MDMwNC4xIKXMDSoASAFQAw%3D%3D\" target=\"blank\">Link zum Standort<\/a><br \/>\n- Kindertagesst\u00e4tte Court\u00e9telle - Hier der <a title=\"Link zum Parkplatz der Kindertagesst\u00e4tte\" href=\"https:\/\/www.google.com\/maps\/dir\/\/Maison+de+l'Enfance,+Rue+Abb%C3%A9+Gr%C3%A9goire+Joliat+8,+2852+Court%C3%A9telle\/@47.3393969,7.3169876,19.01z\/data=!3m1!4b1!4m8!4m7!1m0!1m5!1m1!1s0x4791e65a3a7987af:0x8a48d92e1e758e6a!2m2!1d7.3171289!2d47.3392824?entry=ttu&amp;g_ep=EgoyMDI2MDMwNC4xIKXMDSoASAFQAw%3D%3D\" target=\"blank\">Link zum Standort<\/a><br \/>\n- Sportzentrum Court\u00e9telle - Hier der <a title=\"Link zum Parkplatz des Sportzentrums\" href=\"https:\/\/www.google.com\/maps\/dir\/\/Centre+Sportif,+Rue+du+Cornat+21,+2852+Court%C3%A9telle\/@47.3396357,7.3216834,18.26z\/data=!3m1!4b1!4m8!4m7!1m0!1m5!1m1!1s0x4791e650dccc3621:0x1b378f3cbd4352c4!2m2!1d7.3241544!2d47.3401961?entry=ttu&amp;g_ep=EgoyMDI2MDMwNC4xIKXMDSoASAFQAw%3D%3D\" target=\"blank\">Link zum Standort<\/a><\/p>\n<\/div>\n<\/div><\/div><\/div><\/div><div id=\"pg-599-8\"  class=\"panel-grid panel-no-style\" ><div id=\"pgc-599-8-0\"  class=\"panel-grid-cell\" ><div id=\"panel-599-8-0-0\" class=\"so-panel widget widget_sow-editor panel-first-child panel-last-child\" data-index=\"10\" ><div\n\t\t\t\n\t\t\tclass=\"so-widget-sow-editor so-widget-sow-editor-base\"\n\t\t\t\n\t\t>\n<div class=\"siteorigin-widget-tinymce textwidget\">\n\t<hr \/>\n<\/div>\n<\/div><\/div><\/div><\/div><div id=\"pg-599-9\"  class=\"panel-grid panel-no-style\" ><div id=\"pgc-599-9-0\"  class=\"panel-grid-cell\" ><div id=\"panel-599-9-0-0\" class=\"so-panel widget widget_sow-editor panel-first-child panel-last-child\" data-index=\"11\" ><div\n\t\t\t\n\t\t\tclass=\"so-widget-sow-editor so-widget-sow-editor-base\"\n\t\t\t\n\t\t>\n<div class=\"siteorigin-widget-tinymce textwidget\">\n\t<h3 style=\"color: #ffcc33; text-align: center;\"><strong>Details<\/strong><\/h3>\n<\/div>\n<\/div><\/div><\/div><\/div><div id=\"pg-599-10\"  class=\"panel-grid panel-no-style\" ><div id=\"pgc-599-10-0\"  class=\"panel-grid-cell\" ><div id=\"panel-599-10-0-0\" class=\"so-panel widget widget_sow-editor panel-first-child panel-last-child\" data-index=\"12\" ><div\n\t\t\t\n\t\t\tclass=\"so-widget-sow-editor so-widget-sow-editor-base\"\n\t\t\t\n\t\t>\n<div class=\"siteorigin-widget-tinymce textwidget\">\n\t<table>\n<tbody>\n<tr valign=\"top\">\n<td><b>Zeiten:<\/b><\/td>\n<td>09:30 - max. 18:00 Uhr<br \/>\n<!--1 Std. Mittagspause--><\/td>\n<\/tr>\n<tr valign=\"top\" bgcolor=\"#fcf1d6\">\n<td><b>Pl\u00e4tze:<\/b><\/td>\n<td><span style=\"color: #ff0000;\"><strong>4 Aufstellungspl\u00e4tze frei<\/strong><\/span><br \/>\n10 Stellvertreter-Pl\u00e4tze frei<\/td>\n<\/tr>\n<tr valign=\"top\">\n<td><b>Kosten:<\/b><\/td>\n<td><strong>CHF 280.00 <\/strong>\/ pro Tag<br \/>\nTeilnehmende mit eigener Aufstellung<\/td>\n<\/tr>\n<tr>\n<td>&nbsp;<\/td>\n<td><strong>CHF &nbsp; 80.00 <\/strong>\/ pro Tag<br \/>\nTeilnehmende ohne Aufstellung<\/td>\n<\/tr>\n<tr valign=\"top\" bgcolor=\"#fcf1d6\">\n<td><b>Zahlung:<\/b><\/td>\n<td>Per \u00dcberweisung bzw. Bar vor Ort<\/td>\n<\/tr>\n<tr valign=\"top\">\n<td><b>Kursort:<\/b><\/td>\n<td>SavouArt<br \/>\nRue Abb\u00e9 Gr\u00e9goire-Joliat, 2<br \/>\n2852 Court\u00e9telle<\/td>\n<\/tr>\n<tr valign=\"top\" bgcolor=\"#fcf1d6\">\n<td><b>Versicherung:<\/b><\/td>\n<td>Die Versicherung ist Sache des Teilnehmenden und sie\/er tr\u00e4gt in jedem Fall die Verantwortung f\u00fcr sich selber.<\/td>\n<\/tr>\n<\/tbody>\n<\/table>\n<\/div>\n<\/div><\/div><\/div><div id=\"pgc-599-10-1\"  class=\"panel-grid-cell\" ><div id=\"panel-599-10-1-0\" class=\"so-panel widget widget_sow-editor panel-first-child panel-last-child\" data-index=\"13\" ><div\n\t\t\t\n\t\t\tclass=\"so-widget-sow-editor so-widget-sow-editor-base\"\n\t\t\t\n\t\t>\n<div class=\"siteorigin-widget-tinymce textwidget\">\n\t<table>\n<tbody>\n<tr valign=\"top\" bgcolor=\"#fcf1d6\">\n<td><b>Absage:<\/b><\/td>\n<td>Bei einer <strong>Absage einer fixgebuchten Aufstellung<\/strong> werden <strong>Unkosten<\/strong>beitr\u00e4ge oder Ersatzleistungen im folgenden Umfang f\u00e4llig:<br \/>\n\u2022 <strong>ab 14 Tage vor dem Anlass:<br \/>\n<\/strong>Unkosten <strong>50% der Seminarkosten<\/strong><br \/>\noder Ersatzperson stellen<br \/>\n\u2022 <strong>ab 7 Std. vor dem Anlass:<br \/>\n<\/strong>Unkosten <strong>100% der Seminarkosten<br \/>\n<\/strong>oder Ersatzperson stellen<\/p>\n<p>Bei der <strong>Absage einer fixgebuchten Seminarteilnahme als stellvertretende Person<\/strong>, werden <strong>Unkosten<\/strong>beitr\u00e4ge oder Ersatzleistungen im folgenden Umfang f\u00e4llig:<br \/>\n\u2022 <strong>ab 7 Tage vor dem Anlass:<br \/>\n<\/strong>Unkosten <strong>50% der Seminarkosten<\/strong><br \/>\noder Ersatzperson stellen<br \/>\n\u2022 <strong>ab 72 Std. vor dem Anlass:<br \/>\n<\/strong>Unkosten <strong>100% der Seminarkosten<br \/>\n<\/strong>oder Ersatzperson stellen<\/p>\n<\/td>\n<\/tr>\n<\/tbody>\n<\/table>\n<p>&nbsp;<\/p>\n<\/div>\n<\/div><\/div><\/div><\/div><div id=\"pg-599-11\"  class=\"panel-grid panel-no-style\" ><div id=\"pgc-599-11-0\"  class=\"panel-grid-cell\" ><div id=\"panel-599-11-0-0\" class=\"so-panel widget widget_sow-editor panel-first-child panel-last-child\" data-index=\"14\" ><div\n\t\t\t\n\t\t\tclass=\"so-widget-sow-editor so-widget-sow-editor-base\"\n\t\t\t\n\t\t>\n<div class=\"siteorigin-widget-tinymce textwidget\">\n\t<h3 style=\"color: #ffcc33; text-align: center;\"><strong>Anmeldung<\/strong><\/h3>\n<p style=\"text-align: center;\">per Mail - <a title=\"Anmeldung per Mail f\u00fcr den Aufstellungstag\" href=\"mailto:info@annamcara.ch?subject=Anmeldung f\u00fcr den Aufstellungstag von Anna'mCara\">info@annamcara.ch<\/a> oder per Telefon \/ WhatsApp - 078 888 11 02<br \/>\n<!--<a title=\"PDF-Anmeldung - Aufstellungstag 18. Februar 2023 - Anna'mCara\" href=\"https:\/\/annamcara.ch\/htm\/wp-content\/uploads\/AnnamCara-FlyerAnmeldung-Aufstellungstag09-23.pdf\" target=\"_blank\" rel=\"noopener noreferrer\" style=\"color: #ff0000;\"><strong>PDF ausf\u00fcllen und an uns senden!<\/strong><\/a><\/p>\n\n\n\n\n--><\/p>\n<p style=\"text-align: center;\"><span style=\"color: #ff0000;\"><strong>Anmeldeschluss: Ende September 2026<\/strong><\/span><\/p>\n<\/div>\n<\/div><\/div><\/div><\/div><div id=\"pg-599-12\"  class=\"panel-grid panel-no-style\" ><div id=\"pgc-599-12-0\"  class=\"panel-grid-cell\" ><div id=\"panel-599-12-0-0\" class=\"so-panel widget widget_sow-editor panel-first-child panel-last-child\" data-index=\"15\" ><div\n\t\t\t\n\t\t\tclass=\"so-widget-sow-editor so-widget-sow-editor-base\"\n\t\t\t\n\t\t>\n<div class=\"siteorigin-widget-tinymce textwidget\">\n\t<hr \/>\n<\/div>\n<\/div><\/div><\/div><\/div><div id=\"pg-599-13\"  class=\"panel-grid panel-no-style\" ><div id=\"pgc-599-13-0\"  class=\"panel-grid-cell\" ><div id=\"panel-599-13-0-0\" class=\"so-panel widget widget_sow-image panel-first-child panel-last-child\" data-index=\"16\" ><div\n\t\t\t\n\t\t\tclass=\"so-widget-sow-image so-widget-sow-image-default-8b5b6f678277-599\"\n\t\t\t\n\t\t>\n<div class=\"sow-image-container\">\n\t\t<img \n\tsrc=\"https:\/\/annamcara.ch\/htm\/wp-content\/uploads\/AnnamCara-Seminare-Aufstellungstage-AnnaOnTour.png\" width=\"900\" height=\"600\" srcset=\"https:\/\/annamcara.ch\/htm\/wp-content\/uploads\/AnnamCara-Seminare-Aufstellungstage-AnnaOnTour.png 900w, https:\/\/annamcara.ch\/htm\/wp-content\/uploads\/AnnamCara-Seminare-Aufstellungstage-AnnaOnTour-300x200.png 300w, https:\/\/annamcara.ch\/htm\/wp-content\/uploads\/AnnamCara-Seminare-Aufstellungstage-AnnaOnTour-768x512.png 768w, https:\/\/annamcara.ch\/htm\/wp-content\/uploads\/AnnamCara-Seminare-Aufstellungstage-AnnaOnTour-272x182.png 272w\" sizes=\"(max-width: 706px) 89vw, (max-width: 767px) 82vw, 740px\" title=\"Anna&#039;mCara - Seminare - Schamanische Aufstellungstage - Anna on tour...\" alt=\"Anna&#039;mCara - Seminare - Schamanische Aufstellungstage - Anna on tour...\" \t\tclass=\"so-widget-image\"\/>\n\t<\/div>\n\n<\/div><\/div><\/div><div id=\"pgc-599-13-1\"  class=\"panel-grid-cell\" ><div id=\"panel-599-13-1-0\" class=\"so-panel widget widget_sow-editor panel-first-child panel-last-child\" data-index=\"17\" ><div\n\t\t\t\n\t\t\tclass=\"so-widget-sow-editor so-widget-sow-editor-base\"\n\t\t\t\n\t\t>\n<div class=\"siteorigin-widget-tinymce textwidget\">\n\t<h3 style=\"color: #ffcc33;\"><strong>Anna on tour<\/strong><\/h3>\n<p><span style=\"font-size: 1.1rem;\">M\u00f6chtest Du einen Aufstellungstag in Deiner N\u00e4he?<br \/>\nDann kontaktiere mich.<\/span><\/p>\n<p><span style=\"font-size: 1.1rem;\">Gemeinsam organisieren wir den Tag bei dir vor Ort. Du schaust f\u00fcr einen passenden Raum und f\u00fcr entsprechende Werbung, damit wir gen\u00fcgend Aufstellende und Stellvertretende finden.<br \/>\nMaximal 4 Aufstellende und 16 Stellvertretende.<br \/>\nZeiten wie unter Details beschrieben. Bezahlung vor Ort.<\/span><\/p>\n<p><span style=\"font-size: 1.1rem;\">Lass uns diesen Tag gemeinsam ins Leben rufen.<br \/>\nIch freue mich auf Dich.<\/span><\/p>\n<\/div>\n<\/div><\/div><\/div><\/div><\/div>","protected":false},"excerpt":{"rendered":"<p>Familienstellen &#8211; Schamanisch PUR Brechen wir die versteinerten Strukturen unserer Familiengeschichte auf, um gl\u00fccklich zu sein. L\u00f6sen wir uns von den Fesseln, um frei zu sein. Decken wir die Geheimnisse auf, um leicht zu werden und vergeben wir unseren Peinigern, um liebevoll zu uns selbst zu sein. &#8211; Wenn wir liebevoll und dankbar dem Vergangenen &hellip; <\/p>\n<p class=\"link-more\"><a href=\"https:\/\/annamcara.ch\/htm\/seminare\/aufstellungstage\/\" class=\"more-link\"><span class=\"screen-reader-text\">\u201eAufstellungstag\u201c<\/span> weiterlesen<\/a><\/p>\n","protected":false},"author":1,"featured_media":0,"parent":18710,"menu_order":1,"comment_status":"closed","ping_status":"closed","template":"","meta":{"ngg_post_thumbnail":0,"footnotes":""},"class_list":["post-599","page","type-page","status-publish","hentry"],"_links":{"self":[{"href":"https:\/\/annamcara.ch\/htm\/wp-json\/wp\/v2\/pages\/599","targetHints":{"allow":["GET"]}}],"collection":[{"href":"https:\/\/annamcara.ch\/htm\/wp-json\/wp\/v2\/pages"}],"about":[{"href":"https:\/\/annamcara.ch\/htm\/wp-json\/wp\/v2\/types\/page"}],"author":[{"embeddable":true,"href":"https:\/\/annamcara.ch\/htm\/wp-json\/wp\/v2\/users\/1"}],"replies":[{"embeddable":true,"href":"https:\/\/annamcara.ch\/htm\/wp-json\/wp\/v2\/comments?post=599"}],"version-history":[{"count":419,"href":"https:\/\/annamcara.ch\/htm\/wp-json\/wp\/v2\/pages\/599\/revisions"}],"predecessor-version":[{"id":19641,"href":"https:\/\/annamcara.ch\/htm\/wp-json\/wp\/v2\/pages\/599\/revisions\/19641"}],"up":[{"embeddable":true,"href":"https:\/\/annamcara.ch\/htm\/wp-json\/wp\/v2\/pages\/18710"}],"wp:attachment":[{"href":"https:\/\/annamcara.ch\/htm\/wp-json\/wp\/v2\/media?parent=599"}],"curies":[{"name":"wp","href":"https:\/\/api.w.org\/{rel}","templated":true}]}}