{"id":359,"date":"2017-09-07T20:53:57","date_gmt":"2017-09-07T20:53:57","guid":{"rendered":"http:\/\/annamcara.ch\/htm\/?page_id=359"},"modified":"2026-02-14T19:06:27","modified_gmt":"2026-02-14T18:06:27","slug":"praxis-courtetelle","status":"publish","type":"page","link":"https:\/\/annamcara.ch\/htm\/kontakt\/praxis-courtetelle\/","title":{"rendered":"Praxis Court\u00e9telle"},"content":{"rendered":"<div id=\"pl-359\"  class=\"panel-layout\" ><div id=\"pg-359-0\"  class=\"panel-grid panel-no-style\" ><div id=\"pgc-359-0-0\"  class=\"panel-grid-cell\" ><div id=\"panel-359-0-0-0\" class=\"so-panel widget widget_sow-editor panel-first-child panel-last-child\" data-index=\"0\" ><div\n\t\t\t\n\t\t\tclass=\"so-widget-sow-editor so-widget-sow-editor-base\"\n\t\t\t\n\t\t>\n<div class=\"siteorigin-widget-tinymce textwidget\">\n\t<h3 style=\"color: #cc6600; font-family: Century Gothic;\"><strong>Herzlich Willkommen in meinem Praxis-Raum<\/strong><strong><\/strong><\/h3>\n<\/div>\n<\/div><\/div><\/div><\/div><div id=\"pg-359-1\"  class=\"panel-grid panel-no-style\" ><div id=\"pgc-359-1-0\"  class=\"panel-grid-cell\" ><div id=\"panel-359-1-0-0\" class=\"so-panel widget widget_sow-image panel-first-child panel-last-child\" data-index=\"1\" ><div\n\t\t\t\n\t\t\tclass=\"so-widget-sow-image so-widget-sow-image-default-dbf295114b96-359\"\n\t\t\t\n\t\t>\n<div class=\"sow-image-container\">\n\t\t<img \n\tsrc=\"https:\/\/annamcara.ch\/htm\/wp-content\/uploads\/AnnamCara-Praxis-Startbild.jpg\" width=\"1000\" height=\"500\" srcset=\"https:\/\/annamcara.ch\/htm\/wp-content\/uploads\/AnnamCara-Praxis-Startbild.jpg 1000w, https:\/\/annamcara.ch\/htm\/wp-content\/uploads\/AnnamCara-Praxis-Startbild-300x150.jpg 300w, https:\/\/annamcara.ch\/htm\/wp-content\/uploads\/AnnamCara-Praxis-Startbild-768x384.jpg 768w\" sizes=\"(max-width: 706px) 89vw, (max-width: 767px) 82vw, 740px\" title=\"Foto - Praxis - Aussicht ins Tal - Anna&#039;m&#039;Cara\" alt=\"Foto - Praxis - Aussicht ins Tal - Anna&#039;m&#039;Cara\" \t\tclass=\"so-widget-image\"\/>\n\t<\/div>\n\n<\/div><\/div><\/div><\/div><div id=\"pg-359-2\"  class=\"panel-grid panel-no-style\" ><div id=\"pgc-359-2-0\"  class=\"panel-grid-cell\" ><div id=\"panel-359-2-0-0\" class=\"so-panel widget widget_sow-editor panel-first-child panel-last-child\" data-index=\"2\" ><div\n\t\t\t\n\t\t\tclass=\"so-widget-sow-editor so-widget-sow-editor-base\"\n\t\t\t\n\t\t>\n<div class=\"siteorigin-widget-tinymce textwidget\">\n\t<p><span style=\"font-size: 1.1rem;\">Bei <strong>Anna'mCara<\/strong>\u00a0bist Du mit all dem, was Du bist und Dich ausmacht: <span style=\"color: #cc6600;\"><strong>Herzlich Willkommen<\/strong>.<\/span><\/span><\/p>\n<p><span style=\"font-size: 1.1rem;\">Anna'mCara bietet Dir einen Raum um zu Dir, Deiner Wahrheit, Deiner Geschichte und Deiner L\u00f6sung zu finden.<\/span><\/p>\n<p><span style=\"font-size: 1.1rem;\">Feinf\u00fchlig und mit Achtsamkeit wirst Du begleitet und durch Dein eigenes, inneres Tempo gef\u00fchrt. Lass uns gemeinsam einen neuen, gl\u00fccklichen und leichteren Weg finden und gehen. Schamanische Heil- und Ritualarbeit, Schamanische Prozessarbeit, Seelenreisen, druidisch-magische Rituale, energetische Behandlungen, systemische Aufstellungen, Seelengefl\u00fcster und Coaching sind meine Werkzeuge. Sei Dir eines gesch\u00fctzten und diskreten Raumes sicher, in dem Du Dich vertrauensvoll und geborgen Deinem Seelenweg, Deinem Ziel, Deiner Berufung und Deinem erf\u00fcllten, gl\u00fccklichen Leben n\u00e4hern kannst.<\/span><\/p>\n<p><span style=\"font-size: 1.1rem;\"><strong>Ich freue mich auf Dich.<\/strong><\/span><\/p>\n<\/div>\n<\/div><\/div><\/div><\/div><div id=\"pg-359-3\"  class=\"panel-grid panel-no-style\" ><div id=\"pgc-359-3-0\"  class=\"panel-grid-cell\" ><div id=\"panel-359-3-0-0\" class=\"so-panel widget widget_sow-image panel-first-child panel-last-child\" data-index=\"3\" ><div\n\t\t\t\n\t\t\tclass=\"so-widget-sow-image so-widget-sow-image-default-8b5b6f678277-359\"\n\t\t\t\n\t\t>\n<div class=\"sow-image-container\">\n\t\t<img \n\tsrc=\"https:\/\/annamcara.ch\/htm\/wp-content\/uploads\/AnnamCara-Praxis-Spruchbild.png\" width=\"900\" height=\"600\" srcset=\"https:\/\/annamcara.ch\/htm\/wp-content\/uploads\/AnnamCara-Praxis-Spruchbild.png 900w, https:\/\/annamcara.ch\/htm\/wp-content\/uploads\/AnnamCara-Praxis-Spruchbild-300x200.png 300w, https:\/\/annamcara.ch\/htm\/wp-content\/uploads\/AnnamCara-Praxis-Spruchbild-768x512.png 768w, https:\/\/annamcara.ch\/htm\/wp-content\/uploads\/AnnamCara-Praxis-Spruchbild-272x182.png 272w\" sizes=\"(max-width: 706px) 89vw, (max-width: 767px) 82vw, 740px\" title=\"Foto - Kontakt - Praxis - Geduld ist... - Anna&#039;m&#039;Cara\" alt=\"Foto - Kontakt - Praxis - Geduld ist... - Anna&#039;m&#039;Cara\" \t\tclass=\"so-widget-image\"\/>\n\t<\/div>\n\n<\/div><\/div><\/div><div id=\"pgc-359-3-1\"  class=\"panel-grid-cell\" ><div id=\"panel-359-3-1-0\" class=\"so-panel widget widget_sow-image panel-first-child panel-last-child\" data-index=\"4\" ><div\n\t\t\t\n\t\t\tclass=\"so-widget-sow-image so-widget-sow-image-default-8b5b6f678277-359\"\n\t\t\t\n\t\t>\n<div class=\"sow-image-container\">\n\t\t<img \n\tsrc=\"https:\/\/annamcara.ch\/htm\/wp-content\/uploads\/AnnamCara-Kontakt-Praxis-Spruchbild.png\" width=\"900\" height=\"600\" srcset=\"https:\/\/annamcara.ch\/htm\/wp-content\/uploads\/AnnamCara-Kontakt-Praxis-Spruchbild.png 900w, https:\/\/annamcara.ch\/htm\/wp-content\/uploads\/AnnamCara-Kontakt-Praxis-Spruchbild-300x200.png 300w, https:\/\/annamcara.ch\/htm\/wp-content\/uploads\/AnnamCara-Kontakt-Praxis-Spruchbild-768x512.png 768w, https:\/\/annamcara.ch\/htm\/wp-content\/uploads\/AnnamCara-Kontakt-Praxis-Spruchbild-272x182.png 272w\" sizes=\"(max-width: 706px) 89vw, (max-width: 767px) 82vw, 740px\" title=\"Weisheit - Kontakt - Praxis - Geduld ist... - Anna&#039;m&#039;Cara\" alt=\"Weisheit - Kontakt - Praxis - Geduld ist... - Anna&#039;m&#039;Cara\" \t\tclass=\"so-widget-image\"\/>\n\t<\/div>\n\n<\/div><\/div><\/div><\/div><div id=\"pg-359-4\"  class=\"panel-grid panel-no-style\" ><div id=\"pgc-359-4-0\"  class=\"panel-grid-cell\" ><div id=\"panel-359-4-0-0\" class=\"so-panel widget widget_sow-editor panel-first-child panel-last-child\" data-index=\"5\" ><div\n\t\t\t\n\t\t\tclass=\"so-widget-sow-editor so-widget-sow-editor-base\"\n\t\t\t\n\t\t>\n<div class=\"siteorigin-widget-tinymce textwidget\">\n\t<hr \/>\n<\/div>\n<\/div><\/div><\/div><\/div><div id=\"pg-359-5\"  class=\"panel-grid panel-no-style\" ><div id=\"pgc-359-5-0\"  class=\"panel-grid-cell\" ><div id=\"panel-359-5-0-0\" class=\"so-panel widget widget_sow-image panel-first-child panel-last-child\" data-index=\"6\" ><div\n\t\t\t\n\t\t\tclass=\"so-widget-sow-image so-widget-sow-image-default-8b5b6f678277-359\"\n\t\t\t\n\t\t>\n<div class=\"sow-image-container\">\n\t\t<img \n\tsrc=\"https:\/\/annamcara.ch\/htm\/wp-content\/uploads\/Anna-Praxis-Aussenansicht.jpg\" width=\"900\" height=\"600\" srcset=\"https:\/\/annamcara.ch\/htm\/wp-content\/uploads\/Anna-Praxis-Aussenansicht.jpg 900w, https:\/\/annamcara.ch\/htm\/wp-content\/uploads\/Anna-Praxis-Aussenansicht-300x200.jpg 300w, https:\/\/annamcara.ch\/htm\/wp-content\/uploads\/Anna-Praxis-Aussenansicht-768x512.jpg 768w, https:\/\/annamcara.ch\/htm\/wp-content\/uploads\/Anna-Praxis-Aussenansicht-272x182.jpg 272w\" sizes=\"(max-width: 706px) 89vw, (max-width: 767px) 82vw, 740px\" title=\"Praxis - Aussenansicht - Anna&#039;m&#039;Cara\" alt=\"Praxis - Aussenansicht - Anna&#039;m&#039;Cara\" \t\tclass=\"so-widget-image\"\/>\n\t<\/div>\n\n<\/div><\/div><\/div><div id=\"pgc-359-5-1\"  class=\"panel-grid-cell\" ><div id=\"panel-359-5-1-0\" class=\"so-panel widget widget_sow-image panel-first-child panel-last-child\" data-index=\"7\" ><div\n\t\t\t\n\t\t\tclass=\"so-widget-sow-image so-widget-sow-image-default-dbf295114b96-359\"\n\t\t\t\n\t\t>\n<div class=\"sow-image-container\">\n\t\t<img \n\tsrc=\"https:\/\/annamcara.ch\/htm\/wp-content\/uploads\/Anna-Praxis-Aussen-Natur.jpg\" width=\"900\" height=\"600\" srcset=\"https:\/\/annamcara.ch\/htm\/wp-content\/uploads\/Anna-Praxis-Aussen-Natur.jpg 900w, https:\/\/annamcara.ch\/htm\/wp-content\/uploads\/Anna-Praxis-Aussen-Natur-300x200.jpg 300w, https:\/\/annamcara.ch\/htm\/wp-content\/uploads\/Anna-Praxis-Aussen-Natur-768x512.jpg 768w, https:\/\/annamcara.ch\/htm\/wp-content\/uploads\/Anna-Praxis-Aussen-Natur-272x182.jpg 272w\" sizes=\"(max-width: 706px) 89vw, (max-width: 767px) 82vw, 740px\" title=\"Praxis - Aussen Natur - Anna&#039;m&#039;Cara\" alt=\"Praxis - Aussen Natur - Anna&#039;m&#039;Cara\" \t\tclass=\"so-widget-image\"\/>\n\t<\/div>\n\n<\/div><\/div><\/div><\/div><div id=\"pg-359-6\"  class=\"panel-grid panel-no-style\" ><div id=\"pgc-359-6-0\"  class=\"panel-grid-cell\" ><div id=\"panel-359-6-0-0\" class=\"so-panel widget widget_sow-editor panel-first-child panel-last-child\" data-index=\"8\" ><div\n\t\t\t\n\t\t\tclass=\"so-widget-sow-editor so-widget-sow-editor-base\"\n\t\t\t\n\t\t>\n<div class=\"siteorigin-widget-tinymce textwidget\">\n\t<p><span style=\"font-size: 1.1rem;\">Abseits der Hektik, mitten in der Natur, da steht unser H\u00e4uschen. Ein idealer Ort um zu entschleunigen, abzuschalten und anzukommen, um sich eine Auszeit zu g\u00f6nnen. In dieser Idylle, wo sich Wildtiere ums Haus tummeln, wie Rehe, Dachse, F\u00fcchse und V\u00f6gel sowie Schmetterlinge und viele mehr zu unseren G\u00e4sten z\u00e4hlen, genau an diesem friedlichen Ort ist meine Praxis.<\/span><\/p>\n<\/div>\n<\/div><\/div><\/div><\/div><div id=\"pg-359-7\"  class=\"panel-grid panel-no-style\" ><div id=\"pgc-359-7-0\"  class=\"panel-grid-cell\" ><div id=\"panel-359-7-0-0\" class=\"so-panel widget widget_sow-image panel-first-child panel-last-child\" data-index=\"9\" ><div\n\t\t\t\n\t\t\tclass=\"so-widget-sow-image so-widget-sow-image-default-8b5b6f678277-359\"\n\t\t\t\n\t\t>\n<div class=\"sow-image-container\">\n\t\t<img \n\tsrc=\"https:\/\/annamcara.ch\/htm\/wp-content\/uploads\/AnnamCara-Praxis-Einblick.png\" width=\"1200\" height=\"800\" srcset=\"https:\/\/annamcara.ch\/htm\/wp-content\/uploads\/AnnamCara-Praxis-Einblick.png 1200w, https:\/\/annamcara.ch\/htm\/wp-content\/uploads\/AnnamCara-Praxis-Einblick-300x200.png 300w, https:\/\/annamcara.ch\/htm\/wp-content\/uploads\/AnnamCara-Praxis-Einblick-768x512.png 768w, https:\/\/annamcara.ch\/htm\/wp-content\/uploads\/AnnamCara-Praxis-Einblick-1024x683.png 1024w, https:\/\/annamcara.ch\/htm\/wp-content\/uploads\/AnnamCara-Praxis-Einblick-272x182.png 272w\" sizes=\"(max-width: 706px) 89vw, (max-width: 767px) 82vw, 740px\" title=\"Praxis - Einblick - Anna&#039;m&#039;Cara\" alt=\"Praxis - Einblick - Anna&#039;m&#039;Cara\" \t\tclass=\"so-widget-image\"\/>\n\t<\/div>\n\n<\/div><\/div><\/div><div id=\"pgc-359-7-1\"  class=\"panel-grid-cell\" ><div id=\"panel-359-7-1-0\" class=\"so-panel widget widget_sow-image panel-first-child panel-last-child\" data-index=\"10\" ><div\n\t\t\t\n\t\t\tclass=\"so-widget-sow-image so-widget-sow-image-default-8b5b6f678277-359\"\n\t\t\t\n\t\t>\n<div class=\"sow-image-container\">\n\t\t<img \n\tsrc=\"https:\/\/annamcara.ch\/htm\/wp-content\/uploads\/AnnamCara-Praxis-Detail.png\" width=\"800\" height=\"800\" srcset=\"https:\/\/annamcara.ch\/htm\/wp-content\/uploads\/AnnamCara-Praxis-Detail.png 800w, https:\/\/annamcara.ch\/htm\/wp-content\/uploads\/AnnamCara-Praxis-Detail-150x150.png 150w, https:\/\/annamcara.ch\/htm\/wp-content\/uploads\/AnnamCara-Praxis-Detail-300x300.png 300w, https:\/\/annamcara.ch\/htm\/wp-content\/uploads\/AnnamCara-Praxis-Detail-768x768.png 768w, https:\/\/annamcara.ch\/htm\/wp-content\/uploads\/AnnamCara-Praxis-Detail-100x100.png 100w\" sizes=\"(max-width: 706px) 89vw, (max-width: 767px) 82vw, 740px\" title=\"Praxis - Detail - Anna&#039;m&#039;Cara\" alt=\"Praxis - Detail - Anna&#039;m&#039;Cara\" \t\tclass=\"so-widget-image\"\/>\n\t<\/div>\n\n<\/div><\/div><\/div><\/div><div id=\"pg-359-8\"  class=\"panel-grid panel-no-style\" ><div id=\"pgc-359-8-0\"  class=\"panel-grid-cell\" ><div id=\"panel-359-8-0-0\" class=\"so-panel widget widget_sow-editor panel-first-child panel-last-child\" data-index=\"11\" ><div\n\t\t\t\n\t\t\tclass=\"so-widget-sow-editor so-widget-sow-editor-base\"\n\t\t\t\n\t\t>\n<div class=\"siteorigin-widget-tinymce textwidget\">\n\t<p><span style=\"font-size: 1.1rem;\">Mein Praxis-Raum in unserem 400j\u00e4hrigen Chalet - Ein Raum voller W\u00e4rme, Geborgenheit und mit seiner eigenen Seele. Unser gesch\u00fctzter Raum f\u00fcr die Zeit, die wir gemeinsam verbringen, Deinen Weg suchen und finden. Ein Raum, um ganz anzukommen. Mein Seelenhund, mein Praxisbegleiter - er, der mit uns ist, harmonisiert, beruhigt und hilft den Raum klar zu halten. Alle meine Utensilien in der Schamanen-Ecke unterst\u00fctzten uns bei den Ritualen.&nbsp;&nbsp;&nbsp;&nbsp;&nbsp;&nbsp;-&nbsp;&nbsp;&nbsp;&nbsp;&nbsp;&nbsp;<a href=\"https:\/\/annamcara.ch\/htm\/kontakt\/anfahrtsweg\/\" target=\"blank\" title=\"Link zur Seite - Anfahrtsweg zu Anna'mCara\" style=\"color: #cc6600;\" rel=\"noopener\">Anfahrtsweg - So findest Du die Praxis...<\/a><\/span><\/p>\n<\/div>\n<\/div><\/div><\/div><\/div><div id=\"pg-359-9\"  class=\"panel-grid panel-no-style\" ><div id=\"pgc-359-9-0\"  class=\"panel-grid-cell\" ><div id=\"panel-359-9-0-0\" class=\"so-panel widget widget_sow-image panel-first-child panel-last-child\" data-index=\"12\" ><div\n\t\t\t\n\t\t\tclass=\"so-widget-sow-image so-widget-sow-image-default-13f2a8b12fcc-359\"\n\t\t\t\n\t\t>\n<div class=\"sow-image-container\">\n\t\t<img \n\tsrc=\"https:\/\/annamcara.ch\/htm\/wp-content\/uploads\/AnnamCara-Praxis-Hund.png\" width=\"1200\" height=\"800\" srcset=\"https:\/\/annamcara.ch\/htm\/wp-content\/uploads\/AnnamCara-Praxis-Hund.png 1200w, https:\/\/annamcara.ch\/htm\/wp-content\/uploads\/AnnamCara-Praxis-Hund-300x200.png 300w, https:\/\/annamcara.ch\/htm\/wp-content\/uploads\/AnnamCara-Praxis-Hund-768x512.png 768w, https:\/\/annamcara.ch\/htm\/wp-content\/uploads\/AnnamCara-Praxis-Hund-1024x683.png 1024w, https:\/\/annamcara.ch\/htm\/wp-content\/uploads\/AnnamCara-Praxis-Hund-272x182.png 272w\" sizes=\"(max-width: 706px) 89vw, (max-width: 767px) 82vw, 740px\" title=\"Praxis - Begleiter - Anna&#039;m&#039;Cara\" alt=\"Praxis - Begleiter - Anna&#039;m&#039;Cara\" \t\tclass=\"so-widget-image\"\/>\n\t<\/div>\n\n<\/div><\/div><\/div><div id=\"pgc-359-9-1\"  class=\"panel-grid-cell\" ><div id=\"panel-359-9-1-0\" class=\"so-panel widget widget_sow-image panel-first-child panel-last-child\" data-index=\"13\" ><div\n\t\t\t\n\t\t\tclass=\"so-widget-sow-image so-widget-sow-image-default-58576722bc06-359\"\n\t\t\t\n\t\t>\n<div class=\"sow-image-container\">\n\t\t<img \n\tsrc=\"https:\/\/annamcara.ch\/htm\/wp-content\/uploads\/AnnamCara-Praxis-SchamanenEcke.png\" width=\"1200\" height=\"558\" srcset=\"https:\/\/annamcara.ch\/htm\/wp-content\/uploads\/AnnamCara-Praxis-SchamanenEcke.png 1200w, https:\/\/annamcara.ch\/htm\/wp-content\/uploads\/AnnamCara-Praxis-SchamanenEcke-300x140.png 300w, https:\/\/annamcara.ch\/htm\/wp-content\/uploads\/AnnamCara-Praxis-SchamanenEcke-768x357.png 768w, https:\/\/annamcara.ch\/htm\/wp-content\/uploads\/AnnamCara-Praxis-SchamanenEcke-1024x476.png 1024w\" sizes=\"(max-width: 706px) 89vw, (max-width: 767px) 82vw, 740px\" title=\"Praxis - Schamanische Ecke - Anna&#039;m&#039;Cara\" alt=\"Praxis - Schamanische Ecke - Anna&#039;m&#039;Cara\" \t\tclass=\"so-widget-image\"\/>\n\t<\/div>\n\n<\/div><\/div><\/div><\/div><\/div>","protected":false},"excerpt":{"rendered":"<p>Herzlich Willkommen in meinem Praxis-Raum<\/p>\n","protected":false},"author":1,"featured_media":0,"parent":18,"menu_order":1,"comment_status":"closed","ping_status":"closed","template":"","meta":{"ngg_post_thumbnail":0,"footnotes":""},"class_list":["post-359","page","type-page","status-publish","hentry"],"_links":{"self":[{"href":"https:\/\/annamcara.ch\/htm\/wp-json\/wp\/v2\/pages\/359","targetHints":{"allow":["GET"]}}],"collection":[{"href":"https:\/\/annamcara.ch\/htm\/wp-json\/wp\/v2\/pages"}],"about":[{"href":"https:\/\/annamcara.ch\/htm\/wp-json\/wp\/v2\/types\/page"}],"author":[{"embeddable":true,"href":"https:\/\/annamcara.ch\/htm\/wp-json\/wp\/v2\/users\/1"}],"replies":[{"embeddable":true,"href":"https:\/\/annamcara.ch\/htm\/wp-json\/wp\/v2\/comments?post=359"}],"version-history":[{"count":146,"href":"https:\/\/annamcara.ch\/htm\/wp-json\/wp\/v2\/pages\/359\/revisions"}],"predecessor-version":[{"id":19601,"href":"https:\/\/annamcara.ch\/htm\/wp-json\/wp\/v2\/pages\/359\/revisions\/19601"}],"up":[{"embeddable":true,"href":"https:\/\/annamcara.ch\/htm\/wp-json\/wp\/v2\/pages\/18"}],"wp:attachment":[{"href":"https:\/\/annamcara.ch\/htm\/wp-json\/wp\/v2\/media?parent=359"}],"curies":[{"name":"wp","href":"https:\/\/api.w.org\/{rel}","templated":true}]}}