{"id":357,"date":"2017-09-07T20:53:19","date_gmt":"2017-09-07T20:53:19","guid":{"rendered":"http:\/\/annamcara.ch\/htm\/?page_id=357"},"modified":"2021-11-12T09:02:55","modified_gmt":"2021-11-12T08:02:55","slug":"philosophie-ethik","status":"publish","type":"page","link":"https:\/\/annamcara.ch\/htm\/anna\/philosophie-ethik\/","title":{"rendered":"Philosophie &#038; Ethik"},"content":{"rendered":"<div id=\"pl-357\"  class=\"panel-layout\" ><div id=\"pg-357-0\"  class=\"panel-grid panel-no-style\" ><div id=\"pgc-357-0-0\"  class=\"panel-grid-cell\" ><div id=\"panel-357-0-0-0\" class=\"so-panel widget widget_sow-editor panel-first-child panel-last-child\" data-index=\"0\" ><div\n\t\t\t\n\t\t\tclass=\"so-widget-sow-editor so-widget-sow-editor-base\"\n\t\t\t\n\t\t>\n<div class=\"siteorigin-widget-tinymce textwidget\">\n\t<p>Der wahrhaft Ethische nimmt sich die Zeit,<br \/>\neinem Insekt, das in einen T\u00fcmpel gefallen ist,<br \/>\nein Blatt oder einen Halm zur Rettung hinzuhalten.<br \/>\nUnd er f\u00fcrchtet sich nicht,<br \/>\nals sentimental bel\u00e4chelt zu werden.<\/p>\n<p style=\"font-size: 11px;\"><b>Albert Schweitzer<\/b><\/p>\n<p>&nbsp;<br \/>\nIn diesem Sinne m\u00f6chte ich meinen Alltag leben,<br \/>\nmeinen Mitmenschen begegnen und auch Sie<br \/>\nbei uns begr\u00fcssen d\u00fcrfen.<\/p>\n<p><span style=\"font-family: Century Gothic;\"><b>urteils- und wertfrei - einf\u00fchlsam - vertraulich<\/b><\/span><br \/>\n&nbsp;<br \/>\n&nbsp;<\/p>\n<p style=\"font-size: 11px;\">Bitte beachten Sie:\u00a0Ich bin weder \u00c4rztin noch Psychotherapeutin. Daher kann<br \/>\nund darf ich weder Diagnosen stellen, noch Krankheiten im klassischen Sinne<br \/>\nbehandeln oder Heilungsversprechen geben. Schamanische Heil- & Ritualarbeit<br \/>\nsowie das Systemische Aufstellen zeigen erstaunliche Wirkungen in vielerlei<br \/>\nBereichen. <strong>Dennoch<\/strong>\u00a0ersetzen sie nicht den Besuch beim Arzt.<\/p>\n<\/div>\n<\/div><\/div><\/div><div id=\"pgc-357-0-1\"  class=\"panel-grid-cell\" ><div id=\"panel-357-0-1-0\" class=\"so-panel widget widget_sow-image panel-first-child\" data-index=\"1\" ><div\n\t\t\t\n\t\t\tclass=\"so-widget-sow-image so-widget-sow-image-default-8b5b6f678277-357\"\n\t\t\t\n\t\t>\n<div class=\"sow-image-container\">\n\t\t<img \n\tsrc=\"https:\/\/annamcara.ch\/htm\/wp-content\/uploads\/AnnamCara-Anna-Ethik-Spruchbild.png\" width=\"900\" height=\"600\" srcset=\"https:\/\/annamcara.ch\/htm\/wp-content\/uploads\/AnnamCara-Anna-Ethik-Spruchbild.png 900w, https:\/\/annamcara.ch\/htm\/wp-content\/uploads\/AnnamCara-Anna-Ethik-Spruchbild-300x200.png 300w, https:\/\/annamcara.ch\/htm\/wp-content\/uploads\/AnnamCara-Anna-Ethik-Spruchbild-768x512.png 768w, https:\/\/annamcara.ch\/htm\/wp-content\/uploads\/AnnamCara-Anna-Ethik-Spruchbild-272x182.png 272w\" sizes=\"(max-width: 706px) 89vw, (max-width: 767px) 82vw, 740px\" title=\"Anna&#039;mCara - Anna - Ethik - Spruchbild\" alt=\"Anna&#039;mCara - Anna - Ethik - Spruchbild\" \t\tclass=\"so-widget-image\"\/>\n\t<\/div>\n\n<\/div><\/div><div id=\"panel-357-0-1-1\" class=\"so-panel widget widget_sow-image panel-last-child\" data-index=\"2\" ><div\n\t\t\t\n\t\t\tclass=\"so-widget-sow-image so-widget-sow-image-default-8b5b6f678277-357\"\n\t\t\t\n\t\t>\n<div class=\"sow-image-container\">\n\t\t<img \n\tsrc=\"https:\/\/annamcara.ch\/htm\/wp-content\/uploads\/AnnamCara-Anna-Ethik-Weisheit.png\" width=\"900\" height=\"600\" srcset=\"https:\/\/annamcara.ch\/htm\/wp-content\/uploads\/AnnamCara-Anna-Ethik-Weisheit.png 900w, https:\/\/annamcara.ch\/htm\/wp-content\/uploads\/AnnamCara-Anna-Ethik-Weisheit-300x200.png 300w, https:\/\/annamcara.ch\/htm\/wp-content\/uploads\/AnnamCara-Anna-Ethik-Weisheit-768x512.png 768w, https:\/\/annamcara.ch\/htm\/wp-content\/uploads\/AnnamCara-Anna-Ethik-Weisheit-272x182.png 272w\" sizes=\"(max-width: 706px) 89vw, (max-width: 767px) 82vw, 740px\" title=\"Anna&#039;mCara - Anna - Ethik - IST- Weisheit\" alt=\"Anna&#039;mCara - Anna - Ethik - IST- Weisheit\" \t\tclass=\"so-widget-image\"\/>\n\t<\/div>\n\n<\/div><\/div><\/div><\/div><div id=\"pg-357-1\"  class=\"panel-grid panel-no-style\" ><div id=\"pgc-357-1-0\"  class=\"panel-grid-cell\" ><div id=\"panel-357-1-0-0\" class=\"so-panel widget widget_sow-image panel-first-child panel-last-child\" data-index=\"3\" ><div\n\t\t\t\n\t\t\tclass=\"so-widget-sow-image so-widget-sow-image-default-8b5b6f678277-357\"\n\t\t\t\n\t\t>\n<div class=\"sow-image-container\">\n\t\t<img \n\tsrc=\"https:\/\/annamcara.ch\/htm\/wp-content\/uploads\/beratung-ethische-richtlinien.png\" width=\"445\" height=\"550\" srcset=\"https:\/\/annamcara.ch\/htm\/wp-content\/uploads\/beratung-ethische-richtlinien.png 445w, https:\/\/annamcara.ch\/htm\/wp-content\/uploads\/beratung-ethische-richtlinien-243x300.png 243w\" sizes=\"(max-width: 445px) 100vw, 445px\" title=\"Beratung - 4. Chakra - Ablauf - Ethische Richtlinien - Anna&#039;m&#039;Cara\" alt=\"Beratung - 4. Chakra - Ablauf - Ethische Richtlinien - Anna&#039;m&#039;Cara\" \t\tclass=\"so-widget-image\"\/>\n\t<\/div>\n\n<\/div><\/div><\/div><div id=\"pgc-357-1-1\"  class=\"panel-grid-cell\" ><div id=\"panel-357-1-1-0\" class=\"so-panel widget widget_sow-editor panel-first-child panel-last-child\" data-index=\"4\" ><div\n\t\t\t\n\t\t\tclass=\"so-widget-sow-editor so-widget-sow-editor-base\"\n\t\t\t\n\t\t>\n<div class=\"siteorigin-widget-tinymce textwidget\">\n\t<h1 class=\"entry-title\">ETHISCHE RICHTLINIEN<\/h1>\n<p><strong><span class=\"h2bold\">Unser ethisches Verst\u00e4ndnis<\/span><\/strong><br \/>\n<span class=\"h1bold\"><br \/>\n<\/span><br \/>\nEthik dient als Basis f\u00fcr Verantwortungssinn, moralisches Verst\u00e4ndnis und Bewusstsein, das uns davon abh\u00e4lt, Schaden anzurichten. Der Schutz und das Wohl der Menschen sind das Ziel dieser Ethischen Richtlinien. Ethik muss vom Selbstverst\u00e4ndnis des ganzen Menschen ausgehen. Folgenden Ethischen Grunds\u00e4tzen f\u00fchlt sich Anna'mCara verpflichtet:<\/p>\n<p>\u2666 Schweigepflicht<br \/>\n\u2666 Partnerschaftlichkeit<br \/>\n\u2666 Autonomie des Klienten<br \/>\n\u2666 Aktives Zuh\u00f6ren<br \/>\n\u2666 Klarheit und Transparenz<br \/>\n\u2666 Qualit\u00e4t vor Quantit\u00e4t<br \/>\n\u2666 Erkennt seine eigenen Grenzen<br \/>\n\u2666 Bildet sich weiter<br \/>\n\u2666 Wahrt die Integrit\u00e4t des Klienten<br \/>\n\u2666 Enth\u00e4lt sich s\u00e4mtlicher Wertung<br \/>\n\u2666 Stellt keine Diagnose<br \/>\n\u2666 Unterst\u00fctzt die Interdisziplinarit\u00e4t<\/p>\n<p><strong>Herzlichen Dank f\u00fcr Ihr Vertrauen!<\/strong><\/p>\n<\/div>\n<\/div><\/div><\/div><\/div><\/div>","protected":false},"excerpt":{"rendered":"<p>Der wahrhaft Ethische nimmt sich die Zeit, einem Insekt, das in einen T\u00fcmpel gefallen ist, ein Blatt oder einen Halm zur Rettung hinzuhalten. Und er f\u00fcrchtet sich nicht, als sentimental bel\u00e4chelt zu werden. Albert Schweitzer &nbsp; In diesem Sinne m\u00f6chte ich meinen Alltag leben, meinen Mitmenschen begegnen und auch Sie bei uns begr\u00fcssen d\u00fcrfen. urteils- &hellip; <\/p>\n<p class=\"link-more\"><a href=\"https:\/\/annamcara.ch\/htm\/anna\/philosophie-ethik\/\" class=\"more-link\"><span class=\"screen-reader-text\">\u201ePhilosophie &#038; Ethik\u201c<\/span> weiterlesen<\/a><\/p>\n","protected":false},"author":1,"featured_media":0,"parent":97,"menu_order":5,"comment_status":"closed","ping_status":"closed","template":"","meta":{"ngg_post_thumbnail":0,"footnotes":""},"class_list":["post-357","page","type-page","status-publish","hentry"],"_links":{"self":[{"href":"https:\/\/annamcara.ch\/htm\/wp-json\/wp\/v2\/pages\/357","targetHints":{"allow":["GET"]}}],"collection":[{"href":"https:\/\/annamcara.ch\/htm\/wp-json\/wp\/v2\/pages"}],"about":[{"href":"https:\/\/annamcara.ch\/htm\/wp-json\/wp\/v2\/types\/page"}],"author":[{"embeddable":true,"href":"https:\/\/annamcara.ch\/htm\/wp-json\/wp\/v2\/users\/1"}],"replies":[{"embeddable":true,"href":"https:\/\/annamcara.ch\/htm\/wp-json\/wp\/v2\/comments?post=357"}],"version-history":[{"count":68,"href":"https:\/\/annamcara.ch\/htm\/wp-json\/wp\/v2\/pages\/357\/revisions"}],"predecessor-version":[{"id":4290,"href":"https:\/\/annamcara.ch\/htm\/wp-json\/wp\/v2\/pages\/357\/revisions\/4290"}],"up":[{"embeddable":true,"href":"https:\/\/annamcara.ch\/htm\/wp-json\/wp\/v2\/pages\/97"}],"wp:attachment":[{"href":"https:\/\/annamcara.ch\/htm\/wp-json\/wp\/v2\/media?parent=357"}],"curies":[{"name":"wp","href":"https:\/\/api.w.org\/{rel}","templated":true}]}}