{"id":335,"date":"2017-08-28T09:34:10","date_gmt":"2017-08-28T09:34:10","guid":{"rendered":"http:\/\/annamcara.ch\/htm\/?page_id=335"},"modified":"2024-06-16T19:02:52","modified_gmt":"2024-06-16T18:02:52","slug":"fernberatung","status":"publish","type":"page","link":"https:\/\/annamcara.ch\/htm\/einzelbegleitung\/fernberatung\/","title":{"rendered":"Zoom-Beratung \/ Fern-Behandlung"},"content":{"rendered":"<div id=\"pl-335\"  class=\"panel-layout\" ><div id=\"pg-335-0\"  class=\"panel-grid panel-no-style\" ><div id=\"pgc-335-0-0\"  class=\"panel-grid-cell\" ><div id=\"panel-335-0-0-0\" class=\"so-panel widget widget_sow-editor panel-first-child panel-last-child\" data-index=\"0\" ><div\n\t\t\t\n\t\t\tclass=\"so-widget-sow-editor so-widget-sow-editor-base\"\n\t\t\t\n\t\t>\n<div class=\"siteorigin-widget-tinymce textwidget\">\n\t<h3 style=\"color: #009900;\"><strong>Zoom\u2013  \/ Telefon\u2013  \/ Fern \u2013 Beratung & Einzelsitzungen<\/strong><\/h3>\n<p>Bei schweren Krankheiten, im Sterbeprozess und bei eingeschr\u00e4nkter Mobilit\u00e4t ist der irdische Weg zu mir oft zu weit bzw. die Anreise nicht m\u00f6glich. Dank der neuen Technologie kann ich dich auch dann auf deinem Weg begleiten. \u00dcber Zoom ist eine schamanische Begleitung \u00fcberall m\u00f6glich.<br \/>\nDieses Angebot eignet sich auch f\u00fcr dich, wenn du viel unterwegs bist, dich zuhause sicher und geborgen f\u00fchlst, du reiz\u00fcberflutet bist im Alltag oder auch einfach keine Fahrgelegenheit hast. Nat\u00fcrlich gilt dieses Angebot f\u00fcr alle, die sich damit wohl und gerufen f\u00fchlen! \u2764<\/p>\n<\/div>\n<\/div><\/div><\/div><\/div><div id=\"pg-335-1\"  class=\"panel-grid panel-no-style\" ><div id=\"pgc-335-1-0\"  class=\"panel-grid-cell\" ><div id=\"panel-335-1-0-0\" class=\"so-panel widget widget_sow-image panel-first-child panel-last-child\" data-index=\"1\" ><div\n\t\t\t\n\t\t\tclass=\"so-widget-sow-image so-widget-sow-image-default-8b5b6f678277-335\"\n\t\t\t\n\t\t>\n<div class=\"sow-image-container\">\n\t\t<img \n\tsrc=\"https:\/\/annamcara.ch\/htm\/wp-content\/uploads\/AnnamCara-Methoden-Fernbehandlung-Spruchbild.png\" width=\"900\" height=\"600\" srcset=\"https:\/\/annamcara.ch\/htm\/wp-content\/uploads\/AnnamCara-Methoden-Fernbehandlung-Spruchbild.png 900w, https:\/\/annamcara.ch\/htm\/wp-content\/uploads\/AnnamCara-Methoden-Fernbehandlung-Spruchbild-300x200.png 300w, https:\/\/annamcara.ch\/htm\/wp-content\/uploads\/AnnamCara-Methoden-Fernbehandlung-Spruchbild-768x512.png 768w, https:\/\/annamcara.ch\/htm\/wp-content\/uploads\/AnnamCara-Methoden-Fernbehandlung-Spruchbild-272x182.png 272w\" sizes=\"(max-width: 706px) 89vw, (max-width: 767px) 82vw, 740px\" title=\"Foto - Angebot - Methode - Fernberatung\/-behandlung - Anna&#039;m&#039;Cara\" alt=\"Foto - Angebot - Methode - Fernberatung\/-behandlung - Anna&#039;m&#039;Cara\" \t\tclass=\"so-widget-image\"\/>\n\t<\/div>\n\n<\/div><\/div><\/div><div id=\"pgc-335-1-1\"  class=\"panel-grid-cell\" ><div id=\"panel-335-1-1-0\" class=\"so-panel widget widget_sow-image panel-first-child panel-last-child\" data-index=\"2\" ><div\n\t\t\t\n\t\t\tclass=\"so-widget-sow-image so-widget-sow-image-default-8b5b6f678277-335\"\n\t\t\t\n\t\t>\n<div class=\"sow-image-container\">\n\t\t<img \n\tsrc=\"https:\/\/annamcara.ch\/htm\/wp-content\/uploads\/AnnamCara-Angebot-Zoom-Beratung-Spruchbild-Grenze.png\" width=\"900\" height=\"600\" srcset=\"https:\/\/annamcara.ch\/htm\/wp-content\/uploads\/AnnamCara-Angebot-Zoom-Beratung-Spruchbild-Grenze.png 900w, https:\/\/annamcara.ch\/htm\/wp-content\/uploads\/AnnamCara-Angebot-Zoom-Beratung-Spruchbild-Grenze-300x200.png 300w, https:\/\/annamcara.ch\/htm\/wp-content\/uploads\/AnnamCara-Angebot-Zoom-Beratung-Spruchbild-Grenze-768x512.png 768w, https:\/\/annamcara.ch\/htm\/wp-content\/uploads\/AnnamCara-Angebot-Zoom-Beratung-Spruchbild-Grenze-272x182.png 272w\" sizes=\"(max-width: 706px) 89vw, (max-width: 767px) 82vw, 740px\" title=\"Anna&#039;mCara - Angebot - Zoom-Beratung - Weisheit - Grenze\" alt=\"Anna&#039;mCara - Angebot - Zoom-Beratung - Weisheit - Grenze\" \t\tclass=\"so-widget-image\"\/>\n\t<\/div>\n\n<\/div><\/div><\/div><\/div><div id=\"pg-335-2\"  class=\"panel-grid panel-no-style\" ><div id=\"pgc-335-2-0\"  class=\"panel-grid-cell\" ><div id=\"panel-335-2-0-0\" class=\"so-panel widget widget_sow-editor panel-first-child panel-last-child\" data-index=\"3\" ><div\n\t\t\t\n\t\t\tclass=\"so-widget-sow-editor so-widget-sow-editor-base\"\n\t\t\t\n\t\t>\n<div class=\"siteorigin-widget-tinymce textwidget\">\n\t<p>Da Seelen weder Zeit noch Raum kennen, k\u00f6nnen wir von \u00fcberall und zu jederzeit miteinander in Kontakt treten. Ebenso werden Energien auch \u00fcber alle Distanzen, sogar auf K\u00f6rperebene, wahrgenommen. So ist eine Schamanische Beratung \/ Heil-Arbeit und Seelenbegleitung auch \u00fcber jede Distanz m\u00f6glich. Nutzen wir die Mittel uns zu treffen, wo auch immer es gerade passt. Ich begleite dich gerne.<\/p>\n<\/div>\n<\/div><\/div><\/div><\/div><div id=\"pg-335-3\"  class=\"panel-grid panel-no-style\" ><div id=\"pgc-335-3-0\"  class=\"panel-grid-cell\" ><div id=\"panel-335-3-0-0\" class=\"so-panel widget widget_sow-editor panel-first-child panel-last-child\" data-index=\"4\" ><div\n\t\t\t\n\t\t\tclass=\"so-widget-sow-editor so-widget-sow-editor-base\"\n\t\t\t\n\t\t>\n<div class=\"siteorigin-widget-tinymce textwidget\">\n\t<hr \/>\n<\/div>\n<\/div><\/div><\/div><\/div><div id=\"pg-335-4\"  class=\"panel-grid panel-no-style\" ><div id=\"pgc-335-4-0\"  class=\"panel-grid-cell panel-grid-cell-empty\" ><\/div><div id=\"pgc-335-4-1\"  class=\"panel-grid-cell panel-grid-cell-mobile-last\" ><div id=\"panel-335-4-1-0\" class=\"so-panel widget widget_sow-button panel-first-child panel-last-child\" data-index=\"5\" ><div\n\t\t\t\n\t\t\tclass=\"so-widget-sow-button so-widget-sow-button-atom-272ec64db17c-335\"\n\t\t\t\n\t\t><div class=\"ow-button-base ow-button-align-center\"\n>\n\t\t\t<a\n\t\t\t\t\thref=\"mailto:info@annamcara.ch?subject=Anfrage%20von%20Webseite%20-%20Fern-\/Zoomberatung\"\n\t\t\t\t\tclass=\"sowb-button ow-icon-placement-left ow-button-hover\" target=\"_blank\" rel=\"noopener noreferrer\" \t>\n\t\t<span>\n\t\t\t\n\t\t\tKontaktiere mich...\t\t<\/span>\n\t\t\t<\/a>\n\t<\/div>\n<\/div><\/div><\/div><div id=\"pgc-335-4-2\"  class=\"panel-grid-cell panel-grid-cell-empty\" ><\/div><\/div><div id=\"pg-335-5\"  class=\"panel-grid panel-no-style\" ><div id=\"pgc-335-5-0\"  class=\"panel-grid-cell\" ><div id=\"panel-335-5-0-0\" class=\"so-panel widget widget_sow-editor panel-first-child panel-last-child\" data-index=\"6\" ><div class=\"panel-widget-style panel-widget-style-for-335-5-0-0\" ><div\n\t\t\t\n\t\t\tclass=\"so-widget-sow-editor so-widget-sow-editor-base\"\n\t\t\t\n\t\t><h3 class=\"widget-title\">Details<\/h3>\n<div class=\"siteorigin-widget-tinymce textwidget\">\n\t<p style=\"text-align: left;\"><span style=\"font-size: 1.1rem;\"><strong>N\u00f6tige Infrastruktur:<\/strong><\/span><br \/>\nLaptop \/ Notebook \/ Tablet \/ Smartphone mit Internetverbindung<\/p>\n<p style=\"text-align: left;\"><span style=\"font-size: 1.1rem;\"><strong>Zoom-Software:<\/strong><\/span><br \/>\nAuf deinem Ger\u00e4t sollte die <a title=\"Link zur Website von Zoom - Download-Seite f\u00fcr alle Ger\u00e4te\" href=\"https:\/\/zoom.us\/de\/download\" target=\"blank\" rel=\"noopener\">aktuelle Zoom-Version<\/a> installiert sein.<\/p>\n<\/div>\n<\/div><\/div><\/div><\/div><div id=\"pgc-335-5-1\"  class=\"panel-grid-cell\" ><div id=\"panel-335-5-1-0\" class=\"so-panel widget widget_sow-editor panel-first-child panel-last-child\" data-index=\"7\" ><div class=\"panel-widget-style panel-widget-style-for-335-5-1-0\" ><div\n\t\t\t\n\t\t\tclass=\"so-widget-sow-editor so-widget-sow-editor-base\"\n\t\t\t\n\t\t><h3 class=\"widget-title\">Kosten &amp; Angebot<\/h3>\n<div class=\"siteorigin-widget-tinymce textwidget\">\n\t<p style=\"text-align: left;\"><span style=\"font-size: 1.1rem;\"><strong>Kosten:<\/strong><\/span><br \/>\nHier gelten die normalen <a title=\"Link zur Detailseite Preise - Anna'mCara Website\" href=\"https:\/\/annamcara.ch\/htm\/kontakt\/preise-oeffnungszeiten\/\" target=\"blank\" rel=\"noopener\">Honorar-Tarife<\/a> und Abrechnungs- sowie Zahlungsbedingungen.<\/p>\n<p style=\"text-align: left;\"><span style=\"font-size: 1.1rem;\"><strong>Angebot:<\/strong><\/span><br \/>\nKontaktiere mich, lass uns dar\u00fcber reden und einen Termin vereinbaren. Gerne begleite ich dich auf all deinen Wegen.<\/p>\n<\/div>\n<\/div><\/div><\/div><\/div><\/div><div id=\"pg-335-6\"  class=\"panel-grid panel-no-style\" ><div id=\"pgc-335-6-0\"  class=\"panel-grid-cell\" ><div id=\"panel-335-6-0-0\" class=\"so-panel widget widget_sow-editor panel-first-child panel-last-child\" data-index=\"8\" ><div\n\t\t\t\n\t\t\tclass=\"so-widget-sow-editor so-widget-sow-editor-base\"\n\t\t\t\n\t\t>\n<div class=\"siteorigin-widget-tinymce textwidget\">\n\t<hr \/>\n<\/div>\n<\/div><\/div><\/div><\/div><div id=\"pg-335-7\"  class=\"panel-grid panel-no-style\" ><div id=\"pgc-335-7-0\"  class=\"panel-grid-cell\" ><div id=\"panel-335-7-0-0\" class=\"so-panel widget widget_sow-image panel-first-child panel-last-child\" data-index=\"9\" ><div\n\t\t\t\n\t\t\tclass=\"so-widget-sow-image so-widget-sow-image-default-8b5b6f678277-335\"\n\t\t\t\n\t\t>\n<div class=\"sow-image-container\">\n\t\t<img \n\tsrc=\"https:\/\/annamcara.ch\/htm\/wp-content\/uploads\/AnnamCara-Angebot-Zoom-Beratung-Weisheit-Heilung.png\" width=\"900\" height=\"600\" srcset=\"https:\/\/annamcara.ch\/htm\/wp-content\/uploads\/AnnamCara-Angebot-Zoom-Beratung-Weisheit-Heilung.png 900w, https:\/\/annamcara.ch\/htm\/wp-content\/uploads\/AnnamCara-Angebot-Zoom-Beratung-Weisheit-Heilung-300x200.png 300w, https:\/\/annamcara.ch\/htm\/wp-content\/uploads\/AnnamCara-Angebot-Zoom-Beratung-Weisheit-Heilung-768x512.png 768w, https:\/\/annamcara.ch\/htm\/wp-content\/uploads\/AnnamCara-Angebot-Zoom-Beratung-Weisheit-Heilung-272x182.png 272w\" sizes=\"(max-width: 706px) 89vw, (max-width: 767px) 82vw, 740px\" title=\"Anna&#039;mCara - Angebot - Zoom-Beratung - Weisheit - Heilung\" alt=\"Anna&#039;mCara - Angebot - Zoom-Beratung - Weisheit - Heilung\" \t\tclass=\"so-widget-image\"\/>\n\t<\/div>\n\n<\/div><\/div><\/div><div id=\"pgc-335-7-1\"  class=\"panel-grid-cell\" ><div id=\"panel-335-7-1-0\" class=\"so-panel widget widget_sow-image panel-first-child panel-last-child\" data-index=\"10\" ><div\n\t\t\t\n\t\t\tclass=\"so-widget-sow-image so-widget-sow-image-default-8b5b6f678277-335\"\n\t\t\t\n\t\t>\n<div class=\"sow-image-container\">\n\t\t<img \n\tsrc=\"https:\/\/annamcara.ch\/htm\/wp-content\/uploads\/AnnamCara-Angebot-Zoom-Beratung-Spruchbild-1.png\" width=\"900\" height=\"600\" srcset=\"https:\/\/annamcara.ch\/htm\/wp-content\/uploads\/AnnamCara-Angebot-Zoom-Beratung-Spruchbild-1.png 900w, https:\/\/annamcara.ch\/htm\/wp-content\/uploads\/AnnamCara-Angebot-Zoom-Beratung-Spruchbild-1-300x200.png 300w, https:\/\/annamcara.ch\/htm\/wp-content\/uploads\/AnnamCara-Angebot-Zoom-Beratung-Spruchbild-1-768x512.png 768w, https:\/\/annamcara.ch\/htm\/wp-content\/uploads\/AnnamCara-Angebot-Zoom-Beratung-Spruchbild-1-272x182.png 272w\" sizes=\"(max-width: 706px) 89vw, (max-width: 767px) 82vw, 740px\" title=\"Anna&#039;mCara - Angebot - Zoom-Beratung - Spruchbild - Heilung\" alt=\"Anna&#039;mCara - Angebot - Zoom-Beratung - Spruchbild - Heilung\" \t\tclass=\"so-widget-image\"\/>\n\t<\/div>\n\n<\/div><\/div><\/div><\/div><div id=\"pg-335-8\"  class=\"panel-grid panel-no-style\" ><div id=\"pgc-335-8-0\"  class=\"panel-grid-cell\" ><div id=\"panel-335-8-0-0\" class=\"so-panel widget widget_sow-editor panel-first-child panel-last-child\" data-index=\"11\" ><div\n\t\t\t\n\t\t\tclass=\"so-widget-sow-editor so-widget-sow-editor-base\"\n\t\t\t\n\t\t>\n<div class=\"siteorigin-widget-tinymce textwidget\">\n\t<h3 style=\"color: #009900; font-family: Century Gothic;\"><strong>&nbsp;<\/strong><strong><\/strong><\/h3>\n<\/div>\n<\/div><\/div><\/div><\/div><\/div>","protected":false},"excerpt":{"rendered":"<p>Zoom\u2013 \/ Telefon\u2013 \/ Fern \u2013 Beratung &#038; Einzelsitzungen Bei schweren Krankheiten, im Sterbeprozess und bei eingeschr\u00e4nkter Mobilit\u00e4t ist der irdische Weg zu mir oft zu weit bzw. die Anreise nicht m\u00f6glich. Dank der neuen Technologie kann ich dich auch dann auf deinem Weg begleiten. \u00dcber Zoom ist eine schamanische Begleitung \u00fcberall m\u00f6glich. Dieses Angebot &hellip; <\/p>\n<p class=\"link-more\"><a href=\"https:\/\/annamcara.ch\/htm\/einzelbegleitung\/fernberatung\/\" class=\"more-link\"><span class=\"screen-reader-text\">\u201eZoom-Beratung \/ Fern-Behandlung\u201c<\/span> weiterlesen<\/a><\/p>\n","protected":false},"author":1,"featured_media":0,"parent":105,"menu_order":6,"comment_status":"closed","ping_status":"closed","template":"","meta":{"ngg_post_thumbnail":0,"footnotes":""},"class_list":["post-335","page","type-page","status-publish","hentry"],"_links":{"self":[{"href":"https:\/\/annamcara.ch\/htm\/wp-json\/wp\/v2\/pages\/335","targetHints":{"allow":["GET"]}}],"collection":[{"href":"https:\/\/annamcara.ch\/htm\/wp-json\/wp\/v2\/pages"}],"about":[{"href":"https:\/\/annamcara.ch\/htm\/wp-json\/wp\/v2\/types\/page"}],"author":[{"embeddable":true,"href":"https:\/\/annamcara.ch\/htm\/wp-json\/wp\/v2\/users\/1"}],"replies":[{"embeddable":true,"href":"https:\/\/annamcara.ch\/htm\/wp-json\/wp\/v2\/comments?post=335"}],"version-history":[{"count":43,"href":"https:\/\/annamcara.ch\/htm\/wp-json\/wp\/v2\/pages\/335\/revisions"}],"predecessor-version":[{"id":18406,"href":"https:\/\/annamcara.ch\/htm\/wp-json\/wp\/v2\/pages\/335\/revisions\/18406"}],"up":[{"embeddable":true,"href":"https:\/\/annamcara.ch\/htm\/wp-json\/wp\/v2\/pages\/105"}],"wp:attachment":[{"href":"https:\/\/annamcara.ch\/htm\/wp-json\/wp\/v2\/media?parent=335"}],"curies":[{"name":"wp","href":"https:\/\/api.w.org\/{rel}","templated":true}]}}