{"id":3324,"date":"2019-02-03T14:35:44","date_gmt":"2019-02-03T14:35:44","guid":{"rendered":"https:\/\/annamcara.ch\/htm\/?page_id=3324"},"modified":"2025-12-10T15:27:06","modified_gmt":"2025-12-10T14:27:06","slug":"wenn-runen-raunen","status":"publish","type":"page","link":"https:\/\/annamcara.ch\/htm\/seminare\/hueterin-wissen\/wenn-runen-raunen\/","title":{"rendered":"Wenn Runen raunen"},"content":{"rendered":"<div id=\"pl-3324\"  class=\"panel-layout\" ><div id=\"pg-3324-0\"  class=\"panel-grid panel-no-style\" ><div id=\"pgc-3324-0-0\"  class=\"panel-grid-cell\" ><div id=\"panel-3324-0-0-0\" class=\"so-panel widget widget_sow-editor panel-first-child panel-last-child\" data-index=\"0\" ><div\n\t\t\t\n\t\t\tclass=\"so-widget-sow-editor so-widget-sow-editor-base\"\n\t\t\t\n\t\t>\n<div class=\"siteorigin-widget-tinymce textwidget\">\n\t<h3 style=\"color: #0066cc; font-family: Century Gothic;\"><strong>Runen - Die Sprache der Ahnen<\/strong><\/h3>\n<p>Herzlich Willkommen<\/p>\n<p><img decoding=\"async\" src=\"https:\/\/annamcara.ch\/htm\/wp-content\/uploads\/Herzlich-Willkommen-RS-d.jpg\" alt=\"Anna'mCara - Seminar - Runen-Fernkurs - Herzlich Willkommen\"\/><\/p>\n<p>Es freut mich sehr, dass Du dem Raunen der Runen gefolgt und hier in den Raum der Runen eingetaucht bist. Es wird f\u00fcr uns alle eine sehr spannende Zeit werden, in der wir nicht nur viel \u00fcber die Runen erfahren, sondern auch \u00fcber uns selbst. Denn Runen sind weit mehr als \"nur\" Symbole, Zeichen oder Schrift. Sie sind so viel kraftvoller, so viel magischer. Es sind <strong>Begleiter, Beh\u00fcter und Lehrer aus der Zeit der Ahnen, aus dem UR-Wissensfeld und sie stehen an unserer Seite<\/strong>, wenn wir es zulassen.<\/p>\n<p>Also lasst uns beginnen - Starten wir auf eine Reise zu unseren Ahnen, unseren Wurzeln und zu uns selbst!<\/p>\n<p>Herzlichst Anna<br \/>\nAnna'mCara<\/p>\n<\/div>\n<\/div><\/div><\/div><\/div><div id=\"pg-3324-1\"  class=\"panel-grid panel-no-style\" ><div id=\"pgc-3324-1-0\"  class=\"panel-grid-cell\" ><div id=\"panel-3324-1-0-0\" class=\"so-panel widget widget_sow-editor panel-first-child panel-last-child\" data-index=\"1\" ><div\n\t\t\t\n\t\t\tclass=\"so-widget-sow-editor so-widget-sow-editor-base\"\n\t\t\t\n\t\t>\n<div class=\"siteorigin-widget-tinymce textwidget\">\n\t<hr \/ \/>\n<\/div>\n<\/div><\/div><\/div><\/div><div id=\"pg-3324-2\"  class=\"panel-grid panel-no-style\" ><div id=\"pgc-3324-2-0\"  class=\"panel-grid-cell\" ><div id=\"panel-3324-2-0-0\" class=\"so-panel widget widget_sow-editor panel-first-child panel-last-child\" data-index=\"2\" ><div\n\t\t\t\n\t\t\tclass=\"so-widget-sow-editor so-widget-sow-editor-base\"\n\t\t\t\n\t\t>\n<div class=\"siteorigin-widget-tinymce textwidget\">\n\t<h4 style=\"color: #0066cc; font-family: Century Gothic;\"><strong>Runen-Wissen<\/strong><\/h4>\n<p>Hier findest Du Wissen rund um die Runen und zu jeder Rune einzeln. Es werden PDFs, Karten, Meditationen und vieles mehr zu finden sein. Schau regelm\u00e4ssig vorbei. Lass dich ein auf die 24 Gef\u00e4hrten der Zeit, des Wissens und der Magie. Es sind wundervolle Begleiter, Beh\u00fcter und Besch\u00fctzer und zugleich Lehrer des Lebens, des UR und der Zeit. Gehe aufrecht und in W\u00fcrde, gest\u00e4rkt durch die Runen an deiner Seite.<br \/>\n<!--<span style=\"font-family: Century Gothic;\"><strong>Bitte beachte,<\/strong><\/span> dass die Inhalte jeweils erst zur Zeit des Voll- bzw. Neumondes aktiviert werden.--><\/p>\n<\/div>\n<\/div><\/div><\/div><\/div><\/div>","protected":false},"excerpt":{"rendered":"<p>Runen &#8211; Die Sprache der Ahnen Herzlich Willkommen Es freut mich sehr, dass Du dem Raunen der Runen gefolgt und hier in den Raum der Runen eingetaucht bist. Es wird f\u00fcr uns alle eine sehr spannende Zeit werden, in der wir nicht nur viel \u00fcber die Runen erfahren, sondern auch \u00fcber uns selbst. Denn Runen &hellip; <\/p>\n<p class=\"link-more\"><a href=\"https:\/\/annamcara.ch\/htm\/seminare\/hueterin-wissen\/wenn-runen-raunen\/\" class=\"more-link\"><span class=\"screen-reader-text\">\u201eWenn Runen raunen\u201c<\/span> weiterlesen<\/a><\/p>\n","protected":false},"author":2,"featured_media":0,"parent":19308,"menu_order":0,"comment_status":"closed","ping_status":"closed","template":"","meta":{"ngg_post_thumbnail":0,"footnotes":""},"class_list":["post-3324","page","type-page","status-publish","hentry"],"_links":{"self":[{"href":"https:\/\/annamcara.ch\/htm\/wp-json\/wp\/v2\/pages\/3324","targetHints":{"allow":["GET"]}}],"collection":[{"href":"https:\/\/annamcara.ch\/htm\/wp-json\/wp\/v2\/pages"}],"about":[{"href":"https:\/\/annamcara.ch\/htm\/wp-json\/wp\/v2\/types\/page"}],"author":[{"embeddable":true,"href":"https:\/\/annamcara.ch\/htm\/wp-json\/wp\/v2\/users\/2"}],"replies":[{"embeddable":true,"href":"https:\/\/annamcara.ch\/htm\/wp-json\/wp\/v2\/comments?post=3324"}],"version-history":[{"count":88,"href":"https:\/\/annamcara.ch\/htm\/wp-json\/wp\/v2\/pages\/3324\/revisions"}],"predecessor-version":[{"id":19548,"href":"https:\/\/annamcara.ch\/htm\/wp-json\/wp\/v2\/pages\/3324\/revisions\/19548"}],"up":[{"embeddable":true,"href":"https:\/\/annamcara.ch\/htm\/wp-json\/wp\/v2\/pages\/19308"}],"wp:attachment":[{"href":"https:\/\/annamcara.ch\/htm\/wp-json\/wp\/v2\/media?parent=3324"}],"curies":[{"name":"wp","href":"https:\/\/api.w.org\/{rel}","templated":true}]}}