{"id":323,"date":"2017-08-28T09:32:14","date_gmt":"2017-08-28T09:32:14","guid":{"rendered":"http:\/\/annamcara.ch\/htm\/?page_id=323"},"modified":"2023-08-10T10:40:26","modified_gmt":"2023-08-10T09:40:26","slug":"methode","status":"publish","type":"page","link":"https:\/\/annamcara.ch\/htm\/einzelbegleitung\/methode\/","title":{"rendered":"Methoden"},"content":{"rendered":"<div id=\"pl-323\"  class=\"panel-layout\" ><div id=\"pg-323-0\"  class=\"panel-grid panel-no-style\" ><div id=\"pgc-323-0-0\"  class=\"panel-grid-cell\" ><div id=\"panel-323-0-0-0\" class=\"so-panel widget widget_sow-editor panel-first-child panel-last-child\" data-index=\"0\" ><div\n\t\t\t\n\t\t\tclass=\"so-widget-sow-editor so-widget-sow-editor-base\"\n\t\t\t\n\t\t>\n<div class=\"siteorigin-widget-tinymce textwidget\">\n\t<h3 style=\"color: #009900; font-family: Century Gothic;\"><strong>Wiedererlangtes Wissen<\/strong><\/h3>\n<p>Auf meinem Weg der Suche, nach mir selbst und nach einem Weg zur L\u00f6sung, der feinf\u00fchlig, achtsam und einfach sein darf, habe ich viele Stationen von Ausbildungen und Ausbildnern durchlaufen d\u00fcrfen. Dabei habe ich vieles gesehen, gelernt und erfahren.<\/p>\n<\/div>\n<\/div><\/div><\/div><\/div><div id=\"pg-323-1\"  class=\"panel-grid panel-no-style\" ><div id=\"pgc-323-1-0\"  class=\"panel-grid-cell\" ><div id=\"panel-323-1-0-0\" class=\"so-panel widget widget_sow-image panel-first-child panel-last-child\" data-index=\"1\" ><div\n\t\t\t\n\t\t\tclass=\"so-widget-sow-image so-widget-sow-image-default-8b5b6f678277-323\"\n\t\t\t\n\t\t>\n<div class=\"sow-image-container\">\n\t\t<img \n\tsrc=\"https:\/\/annamcara.ch\/htm\/wp-content\/uploads\/AnnamCara-Angebot-Methode-Start-Spruchbild.png\" width=\"900\" height=\"600\" srcset=\"https:\/\/annamcara.ch\/htm\/wp-content\/uploads\/AnnamCara-Angebot-Methode-Start-Spruchbild.png 900w, https:\/\/annamcara.ch\/htm\/wp-content\/uploads\/AnnamCara-Angebot-Methode-Start-Spruchbild-300x200.png 300w, https:\/\/annamcara.ch\/htm\/wp-content\/uploads\/AnnamCara-Angebot-Methode-Start-Spruchbild-768x512.png 768w, https:\/\/annamcara.ch\/htm\/wp-content\/uploads\/AnnamCara-Angebot-Methode-Start-Spruchbild-272x182.png 272w\" sizes=\"(max-width: 706px) 89vw, (max-width: 767px) 82vw, 740px\" title=\"Foto - Angebot - Methode - Tr\u00e4nen - Anna&#039;m&#039;Cara\" alt=\"Foto - Angebot - Methode - Tr\u00e4nen - Anna&#039;m&#039;Cara\" \t\tclass=\"so-widget-image\"\/>\n\t<\/div>\n\n<\/div><\/div><\/div><div id=\"pgc-323-1-1\"  class=\"panel-grid-cell\" ><div id=\"panel-323-1-1-0\" class=\"so-panel widget widget_sow-image panel-first-child panel-last-child\" data-index=\"2\" ><div\n\t\t\t\n\t\t\tclass=\"so-widget-sow-image so-widget-sow-image-default-8b5b6f678277-323\"\n\t\t\t\n\t\t>\n<div class=\"sow-image-container\">\n\t\t<img \n\tsrc=\"https:\/\/annamcara.ch\/htm\/wp-content\/uploads\/AnnamCara-Angebot-Methode-Start-Weisheit.png\" width=\"900\" height=\"600\" srcset=\"https:\/\/annamcara.ch\/htm\/wp-content\/uploads\/AnnamCara-Angebot-Methode-Start-Weisheit.png 900w, https:\/\/annamcara.ch\/htm\/wp-content\/uploads\/AnnamCara-Angebot-Methode-Start-Weisheit-300x200.png 300w, https:\/\/annamcara.ch\/htm\/wp-content\/uploads\/AnnamCara-Angebot-Methode-Start-Weisheit-768x512.png 768w, https:\/\/annamcara.ch\/htm\/wp-content\/uploads\/AnnamCara-Angebot-Methode-Start-Weisheit-272x182.png 272w\" sizes=\"(max-width: 706px) 89vw, (max-width: 767px) 82vw, 740px\" title=\"Weisheit - Angebot - Methode - Tr\u00e4nen - Anna&#039;m&#039;Cara\" alt=\"Weisheit - Angebot - Methode - Tr\u00e4nen - Anna&#039;m&#039;Cara\" \t\tclass=\"so-widget-image\"\/>\n\t<\/div>\n\n<\/div><\/div><\/div><\/div><div id=\"pg-323-2\"  class=\"panel-grid panel-no-style\" ><div id=\"pgc-323-2-0\"  class=\"panel-grid-cell\" ><div id=\"panel-323-2-0-0\" class=\"so-panel widget widget_sow-editor panel-first-child panel-last-child\" data-index=\"3\" ><div\n\t\t\t\n\t\t\tclass=\"so-widget-sow-editor so-widget-sow-editor-base\"\n\t\t\t\n\t\t>\n<div class=\"siteorigin-widget-tinymce textwidget\">\n\t<p>In den letzten intensiven Ausbildungen wurde ich geschult, auf meine Intuition zu h\u00f6ren. Mich auf das Wahr-nehmen zu verlassen, dem F\u00fchlen, Sp\u00fcren, Erkennen.<\/p>\n<p>Um gemeinsam Deinen Weg zu gehen, Deine Herausforderung auf eine einfache und achtsame Art und Weise zu meistern, verlassen wir uns auf diese, meine Gaben. Daher werde ich intuitiv die Methode, das Ritual, Helfers\u00e4tze uvm. anwenden, um Dir zu helfen, dich auf deinen Weg und zu deiner L\u00f6sung zu f\u00fchren.<\/p>\n<p><span style=\"color: #009900; font-family: Century Gothic;\"><strong>Du darfst mir vertrauen, ich finde den Weg und Du musst ihn nicht alleine gehen.<\/strong><\/span><\/p>\n<\/div>\n<\/div><\/div><\/div><\/div><div id=\"pg-323-3\"  class=\"panel-grid panel-no-style\" ><div id=\"pgc-323-3-0\"  class=\"panel-grid-cell\" ><div id=\"panel-323-3-0-0\" class=\"so-panel widget widget_sow-editor panel-first-child panel-last-child\" data-index=\"4\" ><div\n\t\t\t\n\t\t\tclass=\"so-widget-sow-editor so-widget-sow-editor-base\"\n\t\t\t\n\t\t>\n<div class=\"siteorigin-widget-tinymce textwidget\">\n\t<hr \/>\n<\/div>\n<\/div><\/div><\/div><\/div><div id=\"pg-323-4\"  class=\"panel-grid panel-no-style\" ><div id=\"pgc-323-4-0\"  class=\"panel-grid-cell\" ><div id=\"panel-323-4-0-0\" class=\"so-panel widget widget_sow-image panel-first-child panel-last-child\" data-index=\"5\" ><div\n\t\t\t\n\t\t\tclass=\"so-widget-sow-image so-widget-sow-image-default-8b5b6f678277-323\"\n\t\t\t\n\t\t>\n<div class=\"sow-image-container\">\n\t\t\t<a href=\"https:\/\/annamcara.ch\/htm\/einzelbegleitung\/methode\/schattenreisen\/\"\n\t\t\t\t\t>\n\t\t\t<img \n\tsrc=\"https:\/\/annamcara.ch\/htm\/wp-content\/uploads\/AnnamCara-Schattenreisen.png\" width=\"768\" height=\"512\" srcset=\"https:\/\/annamcara.ch\/htm\/wp-content\/uploads\/AnnamCara-Schattenreisen.png 768w, https:\/\/annamcara.ch\/htm\/wp-content\/uploads\/AnnamCara-Schattenreisen-300x200.png 300w, https:\/\/annamcara.ch\/htm\/wp-content\/uploads\/AnnamCara-Schattenreisen-272x182.png 272w\" sizes=\"(max-width: 706px) 89vw, (max-width: 767px) 82vw, 740px\" title=\"AnnamCara - Angebot - Methode - Schattenreisen - Anzeige\" alt=\"AnnamCara - Angebot - Methode - Schattenreisen - Anzeige\" \t\tclass=\"so-widget-image\"\/>\n\t\t\t<\/a><\/div>\n\n<\/div><\/div><\/div><div id=\"pgc-323-4-1\"  class=\"panel-grid-cell\" ><div id=\"panel-323-4-1-0\" class=\"so-panel widget widget_sow-image panel-first-child panel-last-child\" data-index=\"6\" ><div\n\t\t\t\n\t\t\tclass=\"so-widget-sow-image so-widget-sow-image-default-8b5b6f678277-323\"\n\t\t\t\n\t\t>\n<div class=\"sow-image-container\">\n\t\t\t<a href=\"https:\/\/annamcara.ch\/htm\/?page_id=101\"\n\t\t\t\t\t>\n\t\t\t<img \n\tsrc=\"https:\/\/annamcara.ch\/htm\/wp-content\/uploads\/AnnamCara-Blog-Seelengefl\u00fcster.png\" width=\"900\" height=\"600\" srcset=\"https:\/\/annamcara.ch\/htm\/wp-content\/uploads\/AnnamCara-Blog-Seelengefl\u00fcster.png 900w, https:\/\/annamcara.ch\/htm\/wp-content\/uploads\/AnnamCara-Blog-Seelengefl\u00fcster-300x200.png 300w, https:\/\/annamcara.ch\/htm\/wp-content\/uploads\/AnnamCara-Blog-Seelengefl\u00fcster-768x512.png 768w, https:\/\/annamcara.ch\/htm\/wp-content\/uploads\/AnnamCara-Blog-Seelengefl\u00fcster-272x182.png 272w\" sizes=\"(max-width: 706px) 89vw, (max-width: 767px) 82vw, 740px\" title=\"AnnamCara-Angebot-Methode - Seelengefl\u00fcster - Anzeige\" alt=\"AnnamCara-Angebot-Methode - Seelengefl\u00fcster - Anzeige\" \t\tclass=\"so-widget-image\"\/>\n\t\t\t<\/a><\/div>\n\n<\/div><\/div><\/div><div id=\"pgc-323-4-2\"  class=\"panel-grid-cell\" ><div id=\"panel-323-4-2-0\" class=\"so-panel widget widget_sow-image panel-first-child panel-last-child\" data-index=\"7\" ><div\n\t\t\t\n\t\t\tclass=\"so-widget-sow-image so-widget-sow-image-default-8b5b6f678277-323\"\n\t\t\t\n\t\t>\n<div class=\"sow-image-container\">\n\t\t\t<a href=\"https:\/\/annamcara.ch\/htm\/einzelbegleitung\/methode\/schamanische-heilarbeit\/\"\n\t\t\t\t\t>\n\t\t\t<img \n\tsrc=\"https:\/\/annamcara.ch\/htm\/wp-content\/uploads\/AnnamCara-Angebot-Schaman-Heil-Ritualarbeit.png\" width=\"768\" height=\"512\" srcset=\"https:\/\/annamcara.ch\/htm\/wp-content\/uploads\/AnnamCara-Angebot-Schaman-Heil-Ritualarbeit.png 768w, https:\/\/annamcara.ch\/htm\/wp-content\/uploads\/AnnamCara-Angebot-Schaman-Heil-Ritualarbeit-300x200.png 300w, https:\/\/annamcara.ch\/htm\/wp-content\/uploads\/AnnamCara-Angebot-Schaman-Heil-Ritualarbeit-272x182.png 272w\" sizes=\"(max-width: 706px) 89vw, (max-width: 767px) 82vw, 740px\" title=\"AnnamCara-Angebot-Methode - Schamanische Heil- &amp; Ritualarbeit - Anzeige\" alt=\"AnnamCara-Angebot-Methode - Schamanische Heil- &amp; Ritualarbeit - Anzeige\" \t\tclass=\"so-widget-image\"\/>\n\t\t\t<\/a><\/div>\n\n<\/div><\/div><\/div><\/div><div id=\"pg-323-5\"  class=\"panel-grid panel-no-style\" ><div id=\"pgc-323-5-0\"  class=\"panel-grid-cell panel-grid-cell-empty\" ><\/div><\/div><div id=\"pg-323-6\"  class=\"panel-grid panel-no-style\" ><div id=\"pgc-323-6-0\"  class=\"panel-grid-cell panel-grid-cell-empty\" ><\/div><div id=\"pgc-323-6-1\"  class=\"panel-grid-cell\" ><div id=\"panel-323-6-1-0\" class=\"so-panel widget widget_sow-image panel-first-child panel-last-child\" data-index=\"8\" ><div\n\t\t\t\n\t\t\tclass=\"so-widget-sow-image so-widget-sow-image-default-8b5b6f678277-323\"\n\t\t\t\n\t\t>\n<div class=\"sow-image-container\">\n\t\t\t<a href=\"https:\/\/annamcara.ch\/htm\/einzelbegleitung\/fernberatung\/\"\n\t\t\t\t\t>\n\t\t\t<img \n\tsrc=\"https:\/\/annamcara.ch\/htm\/wp-content\/uploads\/AnnamCara-Angebot-Fernbehandlung-beratung.png\" width=\"768\" height=\"512\" srcset=\"https:\/\/annamcara.ch\/htm\/wp-content\/uploads\/AnnamCara-Angebot-Fernbehandlung-beratung.png 768w, https:\/\/annamcara.ch\/htm\/wp-content\/uploads\/AnnamCara-Angebot-Fernbehandlung-beratung-300x200.png 300w, https:\/\/annamcara.ch\/htm\/wp-content\/uploads\/AnnamCara-Angebot-Fernbehandlung-beratung-272x182.png 272w\" sizes=\"(max-width: 706px) 89vw, (max-width: 767px) 82vw, 740px\" title=\"AnnamCara - Angebot-Methode - Fernberatung \/-behandlung - Anzeige\" alt=\"AnnamCara - Angebot-Methode - Fernberatung \/-behandlung - Anzeige\" \t\tclass=\"so-widget-image\"\/>\n\t\t\t<\/a><\/div>\n\n<\/div><\/div><\/div><div id=\"pgc-323-6-2\"  class=\"panel-grid-cell panel-grid-cell-empty\" ><\/div><div id=\"pgc-323-6-3\"  class=\"panel-grid-cell panel-grid-cell-mobile-last\" ><div id=\"panel-323-6-3-0\" class=\"so-panel widget widget_sow-image panel-first-child panel-last-child\" data-index=\"9\" ><div\n\t\t\t\n\t\t\tclass=\"so-widget-sow-image so-widget-sow-image-default-8b5b6f678277-323\"\n\t\t\t\n\t\t>\n<div class=\"sow-image-container\">\n\t\t\t<a href=\"https:\/\/annamcara.ch\/htm\/einzelbegleitung\/methode\/systemisch-schamanisches-stellen\/\"\n\t\t\t\t\t>\n\t\t\t<img \n\tsrc=\"https:\/\/annamcara.ch\/htm\/wp-content\/uploads\/AnnamCara-Angebot-Schaman-System-Aufstellen.png\" width=\"768\" height=\"512\" srcset=\"https:\/\/annamcara.ch\/htm\/wp-content\/uploads\/AnnamCara-Angebot-Schaman-System-Aufstellen.png 768w, https:\/\/annamcara.ch\/htm\/wp-content\/uploads\/AnnamCara-Angebot-Schaman-System-Aufstellen-300x200.png 300w, https:\/\/annamcara.ch\/htm\/wp-content\/uploads\/AnnamCara-Angebot-Schaman-System-Aufstellen-272x182.png 272w\" sizes=\"(max-width: 706px) 89vw, (max-width: 767px) 82vw, 740px\" title=\"AnnamCara-Angebot-Methode - Schamanisch-Systemisches Aufstellen - Anzeige\" alt=\"AnnamCara-Angebot-Methode - Schamanisch-Systemisches Aufstellen - Anzeige\" \t\tclass=\"so-widget-image\"\/>\n\t\t\t<\/a><\/div>\n\n<\/div><\/div><\/div><div id=\"pgc-323-6-4\"  class=\"panel-grid-cell panel-grid-cell-empty\" ><\/div><\/div><div id=\"pg-323-7\"  class=\"panel-grid panel-no-style\" ><div id=\"pgc-323-7-0\"  class=\"panel-grid-cell\" ><div id=\"panel-323-7-0-0\" class=\"so-panel widget widget_sow-editor panel-first-child panel-last-child\" data-index=\"10\" ><div\n\t\t\t\n\t\t\tclass=\"so-widget-sow-editor so-widget-sow-editor-base\"\n\t\t\t\n\t\t>\n<div class=\"siteorigin-widget-tinymce textwidget\">\n\t<hr \/>\n<\/div>\n<\/div><\/div><\/div><\/div><div id=\"pg-323-8\"  class=\"panel-grid panel-no-style\" ><div id=\"pgc-323-8-0\"  class=\"panel-grid-cell\" ><div id=\"panel-323-8-0-0\" class=\"so-panel widget widget_sow-editor panel-first-child panel-last-child\" data-index=\"11\" ><div\n\t\t\t\n\t\t\tclass=\"so-widget-sow-editor so-widget-sow-editor-base\"\n\t\t\t\n\t\t>\n<div class=\"siteorigin-widget-tinymce textwidget\">\n\t<h3 style=\"color: #009900; font-family: Century Gothic;\"><strong>Hinweis:<\/strong><\/h3>\n<p><span style=\"font-size: 12px;\">Bitte beachte, ich bin weder \u00c4rztin noch Psychotherapeutin. Daher kann und darf ich weder Diagnosen stellen, noch Krankheiten im klassischen Sinne behandeln oder Heilungsversprechen geben. Seelengefl\u00fcster, Fernbehandlungen, Schamanische Heil- und Ritualarbeit, Schamanisch-systemisches Aufstellen und Energetisches Arbeiten zeigen erstaunliche Wirkungen in vielerlei Bereichen. Dennoch kann eine Heilung nicht garantiert werden, ich arbeite mit all meinen M\u00f6glichkeiten auf eine Heilung \/ Besserung hin.<br \/>\n<strong>Beachte<\/strong>, all diese Methoden sind eine Erg\u00e4nzung, aber kein Ersatz f\u00fcr einen Besuch bei einem schulmedizinischen Arzt und seiner Behandlung.<\/span><\/p>\n<\/div>\n<\/div><\/div><\/div><\/div><div id=\"pg-323-9\"  class=\"panel-grid panel-no-style\" ><div id=\"pgc-323-9-0\"  class=\"panel-grid-cell\" ><div id=\"panel-323-9-0-0\" class=\"so-panel widget widget_sow-editor panel-first-child panel-last-child\" data-index=\"12\" ><div\n\t\t\t\n\t\t\tclass=\"so-widget-sow-editor so-widget-sow-editor-base\"\n\t\t\t\n\t\t>\n<div class=\"siteorigin-widget-tinymce textwidget\">\n\t<hr \/>\n<\/div>\n<\/div><\/div><\/div><\/div><div id=\"pg-323-10\"  class=\"panel-grid panel-no-style\" ><div id=\"pgc-323-10-0\"  class=\"panel-grid-cell\" ><div id=\"panel-323-10-0-0\" class=\"so-panel widget widget_sow-editor panel-first-child panel-last-child\" data-index=\"13\" ><div\n\t\t\t\n\t\t\tclass=\"so-widget-sow-editor so-widget-sow-editor-base\"\n\t\t\t\n\t\t>\n<div class=\"siteorigin-widget-tinymce textwidget\">\n\t<h3 style=\"color: #009900; font-family: Century Gothic;\"><strong>So unz\u00e4hlig die M\u00f6glichkeiten der Anliegen -<br \/>\nso mannigfach die M\u00f6glichkeiten der L\u00f6sungen.<\/strong><\/h3>\n<\/div>\n<\/div><\/div><\/div><\/div><div id=\"pg-323-11\"  class=\"panel-grid panel-no-style\" ><div id=\"pgc-323-11-0\"  class=\"panel-grid-cell\" ><div id=\"panel-323-11-0-0\" class=\"so-panel widget widget_sow-image panel-first-child panel-last-child\" data-index=\"14\" ><div\n\t\t\t\n\t\t\tclass=\"so-widget-sow-image so-widget-sow-image-default-8b5b6f678277-323\"\n\t\t\t\n\t\t>\n<div class=\"sow-image-container\">\n\t\t<img \n\tsrc=\"https:\/\/annamcara.ch\/htm\/wp-content\/uploads\/AnnamCara-Angebot-Methode-Unglueck-Spruchbild.png\" width=\"900\" height=\"600\" srcset=\"https:\/\/annamcara.ch\/htm\/wp-content\/uploads\/AnnamCara-Angebot-Methode-Unglueck-Spruchbild.png 900w, https:\/\/annamcara.ch\/htm\/wp-content\/uploads\/AnnamCara-Angebot-Methode-Unglueck-Spruchbild-300x200.png 300w, https:\/\/annamcara.ch\/htm\/wp-content\/uploads\/AnnamCara-Angebot-Methode-Unglueck-Spruchbild-768x512.png 768w, https:\/\/annamcara.ch\/htm\/wp-content\/uploads\/AnnamCara-Angebot-Methode-Unglueck-Spruchbild-272x182.png 272w\" sizes=\"(max-width: 706px) 89vw, (max-width: 767px) 82vw, 740px\" title=\"Foto - Angebot - Methode - Ungl\u00fcck - Anna&#039;m&#039;Cara\" alt=\"Foto - Angebot - Methode - Ungl\u00fcck - Anna&#039;m&#039;Cara\" \t\tclass=\"so-widget-image\"\/>\n\t<\/div>\n\n<\/div><\/div><\/div><div id=\"pgc-323-11-1\"  class=\"panel-grid-cell\" ><div id=\"panel-323-11-1-0\" class=\"so-panel widget widget_sow-image panel-first-child panel-last-child\" data-index=\"15\" ><div\n\t\t\t\n\t\t\tclass=\"so-widget-sow-image so-widget-sow-image-default-8b5b6f678277-323\"\n\t\t\t\n\t\t>\n<div class=\"sow-image-container\">\n\t\t<img \n\tsrc=\"https:\/\/annamcara.ch\/htm\/wp-content\/uploads\/AnnamCara-Angebot-Methode-Unglueck-Weisheit.png\" width=\"900\" height=\"600\" srcset=\"https:\/\/annamcara.ch\/htm\/wp-content\/uploads\/AnnamCara-Angebot-Methode-Unglueck-Weisheit.png 900w, https:\/\/annamcara.ch\/htm\/wp-content\/uploads\/AnnamCara-Angebot-Methode-Unglueck-Weisheit-300x200.png 300w, https:\/\/annamcara.ch\/htm\/wp-content\/uploads\/AnnamCara-Angebot-Methode-Unglueck-Weisheit-768x512.png 768w, https:\/\/annamcara.ch\/htm\/wp-content\/uploads\/AnnamCara-Angebot-Methode-Unglueck-Weisheit-272x182.png 272w\" sizes=\"(max-width: 706px) 89vw, (max-width: 767px) 82vw, 740px\" title=\"Weisheit - Angebot - Methode - Ungl\u00fcck - Anna&#039;m&#039;Cara\" alt=\"Weisheit - Angebot - Methode - Ungl\u00fcck - Anna&#039;m&#039;Cara\" \t\tclass=\"so-widget-image\"\/>\n\t<\/div>\n\n<\/div><\/div><\/div><\/div><\/div>","protected":false},"excerpt":{"rendered":"<p>Wiedererlangtes Wissen Auf meinem Weg der Suche, nach mir selbst und nach einem Weg zur L\u00f6sung, der feinf\u00fchlig, achtsam und einfach sein darf, habe ich viele Stationen von Ausbildungen und Ausbildnern durchlaufen d\u00fcrfen. Dabei habe ich vieles gesehen, gelernt und erfahren.<\/p>\n","protected":false},"author":1,"featured_media":0,"parent":105,"menu_order":1,"comment_status":"closed","ping_status":"closed","template":"","meta":{"ngg_post_thumbnail":0,"footnotes":""},"class_list":["post-323","page","type-page","status-publish","hentry"],"_links":{"self":[{"href":"https:\/\/annamcara.ch\/htm\/wp-json\/wp\/v2\/pages\/323","targetHints":{"allow":["GET"]}}],"collection":[{"href":"https:\/\/annamcara.ch\/htm\/wp-json\/wp\/v2\/pages"}],"about":[{"href":"https:\/\/annamcara.ch\/htm\/wp-json\/wp\/v2\/types\/page"}],"author":[{"embeddable":true,"href":"https:\/\/annamcara.ch\/htm\/wp-json\/wp\/v2\/users\/1"}],"replies":[{"embeddable":true,"href":"https:\/\/annamcara.ch\/htm\/wp-json\/wp\/v2\/comments?post=323"}],"version-history":[{"count":91,"href":"https:\/\/annamcara.ch\/htm\/wp-json\/wp\/v2\/pages\/323\/revisions"}],"predecessor-version":[{"id":16793,"href":"https:\/\/annamcara.ch\/htm\/wp-json\/wp\/v2\/pages\/323\/revisions\/16793"}],"up":[{"embeddable":true,"href":"https:\/\/annamcara.ch\/htm\/wp-json\/wp\/v2\/pages\/105"}],"wp:attachment":[{"href":"https:\/\/annamcara.ch\/htm\/wp-json\/wp\/v2\/media?parent=323"}],"curies":[{"name":"wp","href":"https:\/\/api.w.org\/{rel}","templated":true}]}}