{"id":19308,"date":"2025-04-29T11:28:05","date_gmt":"2025-04-29T10:28:05","guid":{"rendered":"https:\/\/annamcara.ch\/htm\/?page_id=19308"},"modified":"2025-11-10T07:57:04","modified_gmt":"2025-11-10T06:57:04","slug":"hueterin-wissen","status":"publish","type":"page","link":"https:\/\/annamcara.ch\/htm\/seminare\/hueterin-wissen\/","title":{"rendered":"H\u00fcterin des Wissens"},"content":{"rendered":"<div id=\"pl-19308\"  class=\"panel-layout\" ><div id=\"pg-19308-0\"  class=\"panel-grid panel-no-style\" ><div id=\"pgc-19308-0-0\"  class=\"panel-grid-cell\" ><div id=\"panel-19308-0-0-0\" class=\"so-panel widget widget_sow-editor panel-first-child panel-last-child\" data-index=\"0\" ><div\n\t\t\t\n\t\t\tclass=\"so-widget-sow-editor so-widget-sow-editor-base\"\n\t\t\t\n\t\t>\n<div class=\"siteorigin-widget-tinymce textwidget\">\n\t<h3 style=\"color: #ffcc33; text-align: left;\"><strong>LEC'H AR E\u00d1VOR&nbsp; \/ LEC'H AR SKRID<br \/>\n<\/strong>(Ort des Erinnerns \/ Ort der Schrift)<\/h3>\n<\/div>\n<\/div><\/div><\/div><\/div><div id=\"pg-19308-1\"  class=\"panel-grid panel-no-style\" ><div id=\"pgc-19308-1-0\"  class=\"panel-grid-cell\" ><div id=\"panel-19308-1-0-0\" class=\"so-panel widget widget_sow-editor panel-first-child panel-last-child\" data-index=\"1\" ><div\n\t\t\t\n\t\t\tclass=\"so-widget-sow-editor so-widget-sow-editor-base\"\n\t\t\t\n\t\t>\n<div class=\"siteorigin-widget-tinymce textwidget\">\n\t<p style=\"text-align: left;\"><span style=\"font-size: 1.1rem;\"><strong>Ich nehme euch mit auf eine Reise zu den Geheimnissen des Wissens,<br \/>\nzu den Weisen, Lehrern, Meistern und Heilern unserer keltisch-druidischen Ahnen.&nbsp;<br \/>\n<\/strong><\/span><br \/>\n<span style=\"font-size: 1.1rem;\">Heute k\u00f6nnen und d\u00fcrfen wir Wissen schriftlich verbreiten, d\u00fcrfen uns an das tiefe Wissen in uns erinnern und es aktivieren. Gemeinsam h\u00fcten und (er)leben wir die <em><strong>Bibliothek der Wegweiser<\/strong><\/em> - dem Ort der Schriften und des Erinnerns - dem grossen Ged\u00e4chtnis. Wenn Wissen durch Geschichten, Botschaften, Kenntnisse und Fakten fliesst, zu dir fliesst.<\/span><\/p>\n<\/div>\n<\/div><\/div><\/div><div id=\"pgc-19308-1-1\"  class=\"panel-grid-cell panel-grid-cell-empty\" ><\/div><div id=\"pgc-19308-1-2\"  class=\"panel-grid-cell\" ><div id=\"panel-19308-1-2-0\" class=\"so-panel widget widget_sow-image panel-first-child panel-last-child\" data-index=\"2\" ><div\n\t\t\t\n\t\t\tclass=\"so-widget-sow-image so-widget-sow-image-default-8b5b6f678277-19308\"\n\t\t\t\n\t\t>\n<div class=\"sow-image-container\">\n\t\t<img \n\tsrc=\"https:\/\/annamcara.ch\/htm\/wp-content\/uploads\/AnnamCara-Seminar-Hueterin-des-Wissens-Magisches-Knoten-Tor.png\" width=\"900\" height=\"900\" srcset=\"https:\/\/annamcara.ch\/htm\/wp-content\/uploads\/AnnamCara-Seminar-Hueterin-des-Wissens-Magisches-Knoten-Tor.png 900w, https:\/\/annamcara.ch\/htm\/wp-content\/uploads\/AnnamCara-Seminar-Hueterin-des-Wissens-Magisches-Knoten-Tor-300x300.png 300w, https:\/\/annamcara.ch\/htm\/wp-content\/uploads\/AnnamCara-Seminar-Hueterin-des-Wissens-Magisches-Knoten-Tor-150x150.png 150w, https:\/\/annamcara.ch\/htm\/wp-content\/uploads\/AnnamCara-Seminar-Hueterin-des-Wissens-Magisches-Knoten-Tor-768x768.png 768w, https:\/\/annamcara.ch\/htm\/wp-content\/uploads\/AnnamCara-Seminar-Hueterin-des-Wissens-Magisches-Knoten-Tor-100x100.png 100w\" sizes=\"(max-width: 706px) 89vw, (max-width: 767px) 82vw, 740px\" title=\"Anna&#039;mCara - H\u00fcterin des Wissens - Magischer Knoten\" alt=\"Anna&#039;mCara - H\u00fcterin des Wissens - Magischer Knoten\" \t\tclass=\"so-widget-image\"\/>\n\t<\/div>\n\n<\/div><\/div><\/div><\/div><div id=\"pg-19308-2\"  class=\"panel-grid panel-no-style\" ><div id=\"pgc-19308-2-0\"  class=\"panel-grid-cell\" ><div id=\"panel-19308-2-0-0\" class=\"so-panel widget widget_sow-image panel-first-child panel-last-child\" data-index=\"3\" ><div\n\t\t\t\n\t\t\tclass=\"so-widget-sow-image so-widget-sow-image-default-8b5b6f678277-19308\"\n\t\t\t\n\t\t>\n<div class=\"sow-image-container\">\n\t\t<img \n\tsrc=\"https:\/\/annamcara.ch\/htm\/wp-content\/uploads\/AnnamCara-Anna-Seminar-Hueterin-des-Wissens.png\" width=\"900\" height=\"600\" srcset=\"https:\/\/annamcara.ch\/htm\/wp-content\/uploads\/AnnamCara-Anna-Seminar-Hueterin-des-Wissens.png 900w, https:\/\/annamcara.ch\/htm\/wp-content\/uploads\/AnnamCara-Anna-Seminar-Hueterin-des-Wissens-300x200.png 300w, https:\/\/annamcara.ch\/htm\/wp-content\/uploads\/AnnamCara-Anna-Seminar-Hueterin-des-Wissens-768x512.png 768w, https:\/\/annamcara.ch\/htm\/wp-content\/uploads\/AnnamCara-Anna-Seminar-Hueterin-des-Wissens-272x182.png 272w\" sizes=\"(max-width: 706px) 89vw, (max-width: 767px) 82vw, 740px\" title=\"Anna&#039;mCara - H\u00fcterin des Wissens - PDF-Bibliothek\" alt=\"Anna&#039;mCara - H\u00fcterin des Wissens - PDF-Bibliothek\" \t\tclass=\"so-widget-image\"\/>\n\t<\/div>\n\n<\/div><\/div><\/div><div id=\"pgc-19308-2-1\"  class=\"panel-grid-cell\" ><div id=\"panel-19308-2-1-0\" class=\"so-panel widget widget_sow-image panel-first-child panel-last-child\" data-index=\"4\" ><div\n\t\t\t\n\t\t\tclass=\"so-widget-sow-image so-widget-sow-image-default-8b5b6f678277-19308\"\n\t\t\t\n\t\t>\n<div class=\"sow-image-container\">\n\t\t<img \n\tsrc=\"https:\/\/annamcara.ch\/htm\/wp-content\/uploads\/AnnamCara-Seminar-Hueterin-des-Wissens-Weisheit-Wissen-veraendert.png\" width=\"900\" height=\"600\" srcset=\"https:\/\/annamcara.ch\/htm\/wp-content\/uploads\/AnnamCara-Seminar-Hueterin-des-Wissens-Weisheit-Wissen-veraendert.png 900w, https:\/\/annamcara.ch\/htm\/wp-content\/uploads\/AnnamCara-Seminar-Hueterin-des-Wissens-Weisheit-Wissen-veraendert-300x200.png 300w, https:\/\/annamcara.ch\/htm\/wp-content\/uploads\/AnnamCara-Seminar-Hueterin-des-Wissens-Weisheit-Wissen-veraendert-768x512.png 768w, https:\/\/annamcara.ch\/htm\/wp-content\/uploads\/AnnamCara-Seminar-Hueterin-des-Wissens-Weisheit-Wissen-veraendert-272x182.png 272w\" sizes=\"(max-width: 706px) 89vw, (max-width: 767px) 82vw, 740px\" title=\"Anna&#039;mCara - WISSEN - SCHL\u00dcSSEL - Weisheit\" alt=\"Anna&#039;mCara - WISSEN - SCHL\u00dcSSEL - Weisheit\" \t\tclass=\"so-widget-image\"\/>\n\t<\/div>\n\n<\/div><\/div><\/div><\/div><div id=\"pg-19308-3\"  class=\"panel-grid panel-no-style\" ><div id=\"pgc-19308-3-0\"  class=\"panel-grid-cell\" ><div id=\"panel-19308-3-0-0\" class=\"so-panel widget widget_sow-editor panel-first-child panel-last-child\" data-index=\"5\" ><div\n\t\t\t\n\t\t\tclass=\"so-widget-sow-editor so-widget-sow-editor-base\"\n\t\t\t\n\t\t>\n<div class=\"siteorigin-widget-tinymce textwidget\">\n\t<p><span style=\"font-size: 1.1rem;\"><strong>Schamanisches Wissen rund um die Natur &amp; das Universum - B\u00e4ume, Wildpflanzen &amp; -bl\u00fcten,<br \/>\n<\/strong><\/span><span style=\"font-size: 1.1rem;\"><strong>Tiere, G\u00f6tter &amp; G\u00f6ttinnen, <\/strong><\/span><span style=\"font-size: 1.1rem;\"><strong>Elemente, Rituale &amp; Zeremonien, Symbole, Meditationen uvm.<\/strong><\/span><\/p>\n<p><span style=\"font-size: 1.1rem;\">Hier findest du gesammeltes, erfahrenes und wahrgenommenes Wissen aus allen Dimensionen der schamanischen Welt sowie dem Hier und Jetzt. Verpackt in detaillierten, ausf\u00fchrlichen und reich bebilderten PDFs, die du k\u00e4uflich erwerben kannst.<\/span><\/p>\n<\/div>\n<\/div><\/div><\/div><\/div><div id=\"pg-19308-4\"  class=\"panel-grid panel-no-style\" ><div id=\"pgc-19308-4-0\"  class=\"panel-grid-cell\" ><div id=\"panel-19308-4-0-0\" class=\"so-panel widget widget_sow-editor panel-first-child panel-last-child\" data-index=\"6\" ><div\n\t\t\t\n\t\t\tclass=\"so-widget-sow-editor so-widget-sow-editor-base\"\n\t\t\t\n\t\t>\n<div class=\"siteorigin-widget-tinymce textwidget\">\n\t<hr \/>\n<\/div>\n<\/div><\/div><\/div><\/div><div id=\"pg-19308-5\"  class=\"panel-grid panel-no-style\" ><div id=\"pgc-19308-5-0\"  class=\"panel-grid-cell\" ><div id=\"panel-19308-5-0-0\" class=\"so-panel widget widget_sow-editor panel-first-child panel-last-child\" data-index=\"7\" ><div\n\t\t\t\n\t\t\tclass=\"so-widget-sow-editor so-widget-sow-editor-base\"\n\t\t\t\n\t\t>\n<div class=\"siteorigin-widget-tinymce textwidget\">\n\t<h3 style=\"color: #ffcc33; text-align: left;\">Neuste Zug\u00e4nge...<\/h3>\n<\/div>\n<\/div><\/div><\/div><\/div><div id=\"pg-19308-6\"  class=\"panel-grid panel-no-style\" ><div id=\"pgc-19308-6-0\"  class=\"panel-grid-cell\" ><div id=\"panel-19308-6-0-0\" class=\"so-panel widget widget_sow-editor panel-first-child panel-last-child\" data-index=\"8\" ><div\n\t\t\t\n\t\t\tclass=\"so-widget-sow-editor so-widget-sow-editor-base\"\n\t\t\t\n\t\t>\n<div class=\"siteorigin-widget-tinymce textwidget\">\n\t<hr>\n<\/div>\n<\/div><\/div><\/div><\/div><div id=\"pg-19308-7\"  class=\"panel-grid panel-no-style\" ><div id=\"pgc-19308-7-0\"  class=\"panel-grid-cell\" ><div id=\"panel-19308-7-0-0\" class=\"so-panel widget widget_sow-image panel-first-child panel-last-child\" data-index=\"9\" ><div\n\t\t\t\n\t\t\tclass=\"so-widget-sow-image so-widget-sow-image-default-113ccd71f3e6-19308\"\n\t\t\t\n\t\t><h3 class=\"widget-title\">Wildkr\u00e4uter &amp; UrPflanzen<\/h3>\n<div class=\"sow-image-container\">\n\t\t<img \n\tsrc=\"https:\/\/annamcara.ch\/htm\/wp-content\/uploads\/AnnamCara-Seminar-Hueterin-des-Wissens-Pflanzen.png\" width=\"900\" height=\"600\" srcset=\"https:\/\/annamcara.ch\/htm\/wp-content\/uploads\/AnnamCara-Seminar-Hueterin-des-Wissens-Pflanzen.png 900w, https:\/\/annamcara.ch\/htm\/wp-content\/uploads\/AnnamCara-Seminar-Hueterin-des-Wissens-Pflanzen-300x200.png 300w, https:\/\/annamcara.ch\/htm\/wp-content\/uploads\/AnnamCara-Seminar-Hueterin-des-Wissens-Pflanzen-768x512.png 768w, https:\/\/annamcara.ch\/htm\/wp-content\/uploads\/AnnamCara-Seminar-Hueterin-des-Wissens-Pflanzen-272x182.png 272w\" sizes=\"(max-width: 706px) 89vw, (max-width: 767px) 82vw, 740px\" title=\"Wildkr\u00e4uter &amp; UrPflanzen\" alt=\"Wildkr\u00e4uter &amp; Pflanzen\" \t\tclass=\"so-widget-image\"\/>\n\t<\/div>\n\n<\/div><\/div><\/div><div id=\"pgc-19308-7-1\"  class=\"panel-grid-cell\" ><div id=\"panel-19308-7-1-0\" class=\"so-panel widget widget_sow-image panel-first-child panel-last-child\" data-index=\"10\" ><div\n\t\t\t\n\t\t\tclass=\"so-widget-sow-image so-widget-sow-image-default-113ccd71f3e6-19308\"\n\t\t\t\n\t\t><h3 class=\"widget-title\">Baumwesen<\/h3>\n<div class=\"sow-image-container\">\n\t\t<img \n\tsrc=\"https:\/\/annamcara.ch\/htm\/wp-content\/uploads\/AnnamCara-Seminar-Hueterin-des-Wissens-Baeume.png\" width=\"900\" height=\"600\" srcset=\"https:\/\/annamcara.ch\/htm\/wp-content\/uploads\/AnnamCara-Seminar-Hueterin-des-Wissens-Baeume.png 900w, https:\/\/annamcara.ch\/htm\/wp-content\/uploads\/AnnamCara-Seminar-Hueterin-des-Wissens-Baeume-300x200.png 300w, https:\/\/annamcara.ch\/htm\/wp-content\/uploads\/AnnamCara-Seminar-Hueterin-des-Wissens-Baeume-768x512.png 768w, https:\/\/annamcara.ch\/htm\/wp-content\/uploads\/AnnamCara-Seminar-Hueterin-des-Wissens-Baeume-272x182.png 272w\" sizes=\"(max-width: 706px) 89vw, (max-width: 767px) 82vw, 740px\" title=\"Baumwesen\" alt=\"Baumwesen\" \t\tclass=\"so-widget-image\"\/>\n\t<\/div>\n\n<\/div><\/div><\/div><div id=\"pgc-19308-7-2\"  class=\"panel-grid-cell\" ><div id=\"panel-19308-7-2-0\" class=\"so-panel widget widget_sow-image panel-first-child panel-last-child\" data-index=\"11\" ><div\n\t\t\t\n\t\t\tclass=\"so-widget-sow-image so-widget-sow-image-default-113ccd71f3e6-19308\"\n\t\t\t\n\t\t><h3 class=\"widget-title\">Kraft- &amp; Prozesstiere<\/h3>\n<div class=\"sow-image-container\">\n\t\t<img \n\tsrc=\"https:\/\/annamcara.ch\/htm\/wp-content\/uploads\/AnnamCara-Seminar-Hueterin-des-Wissens-Tiere.png\" width=\"900\" height=\"600\" srcset=\"https:\/\/annamcara.ch\/htm\/wp-content\/uploads\/AnnamCara-Seminar-Hueterin-des-Wissens-Tiere.png 900w, https:\/\/annamcara.ch\/htm\/wp-content\/uploads\/AnnamCara-Seminar-Hueterin-des-Wissens-Tiere-300x200.png 300w, https:\/\/annamcara.ch\/htm\/wp-content\/uploads\/AnnamCara-Seminar-Hueterin-des-Wissens-Tiere-768x512.png 768w, https:\/\/annamcara.ch\/htm\/wp-content\/uploads\/AnnamCara-Seminar-Hueterin-des-Wissens-Tiere-272x182.png 272w\" sizes=\"(max-width: 706px) 89vw, (max-width: 767px) 82vw, 740px\" title=\"Kraft- &amp; Prozesstiere\" alt=\"Kraft- &amp; Prozesstiere\" \t\tclass=\"so-widget-image\"\/>\n\t<\/div>\n\n<\/div><\/div><\/div><\/div><div id=\"pg-19308-8\"  class=\"panel-grid panel-no-style\" ><div id=\"pgc-19308-8-0\"  class=\"panel-grid-cell\" ><div id=\"panel-19308-8-0-0\" class=\"so-panel widget widget_sow-editor panel-first-child panel-last-child\" data-index=\"12\" ><div\n\t\t\t\n\t\t\tclass=\"so-widget-sow-editor so-widget-sow-editor-base\"\n\t\t\t\n\t\t>\n<div class=\"siteorigin-widget-tinymce textwidget\">\n\t<\/div>\n<\/div><\/div><\/div><\/div><div id=\"pg-19308-9\"  class=\"panel-grid panel-no-style\" ><div id=\"pgc-19308-9-0\"  class=\"panel-grid-cell\" ><div id=\"panel-19308-9-0-0\" class=\"so-panel widget widget_sow-editor panel-first-child panel-last-child\" data-index=\"13\" ><div\n\t\t\t\n\t\t\tclass=\"so-widget-sow-editor so-widget-sow-editor-base\"\n\t\t\t\n\t\t>\n<div class=\"siteorigin-widget-tinymce textwidget\">\n\t<hr>\n<\/div>\n<\/div><\/div><\/div><\/div><div id=\"pg-19308-10\"  class=\"panel-grid panel-no-style\" ><div id=\"pgc-19308-10-0\"  class=\"panel-grid-cell\" ><div id=\"panel-19308-10-0-0\" class=\"so-panel widget widget_sow-editor panel-first-child panel-last-child\" data-index=\"14\" ><div\n\t\t\t\n\t\t\tclass=\"so-widget-sow-editor so-widget-sow-editor-base\"\n\t\t\t\n\t\t>\n<div class=\"siteorigin-widget-tinymce textwidget\">\n\t<p style=\"text-align: center;\">Heil- &amp; Helfersteine<\/p>\n<\/div>\n<\/div><\/div><\/div><div id=\"pgc-19308-10-1\"  class=\"panel-grid-cell\" ><div id=\"panel-19308-10-1-0\" class=\"so-panel widget widget_sow-image panel-first-child panel-last-child\" data-index=\"15\" ><div\n\t\t\t\n\t\t\tclass=\"so-widget-sow-image so-widget-sow-image-default-113ccd71f3e6-19308\"\n\t\t\t\n\t\t><h3 class=\"widget-title\">Mond \/ Luna<\/h3>\n<div class=\"sow-image-container\">\n\t\t<img \n\tsrc=\"https:\/\/annamcara.ch\/htm\/wp-content\/uploads\/AnnamCara-Seminar-Hueterin-des-Wissens-Mondwissen.png\" width=\"900\" height=\"600\" srcset=\"https:\/\/annamcara.ch\/htm\/wp-content\/uploads\/AnnamCara-Seminar-Hueterin-des-Wissens-Mondwissen.png 900w, https:\/\/annamcara.ch\/htm\/wp-content\/uploads\/AnnamCara-Seminar-Hueterin-des-Wissens-Mondwissen-300x200.png 300w, https:\/\/annamcara.ch\/htm\/wp-content\/uploads\/AnnamCara-Seminar-Hueterin-des-Wissens-Mondwissen-768x512.png 768w, https:\/\/annamcara.ch\/htm\/wp-content\/uploads\/AnnamCara-Seminar-Hueterin-des-Wissens-Mondwissen-272x182.png 272w\" sizes=\"(max-width: 706px) 89vw, (max-width: 767px) 82vw, 740px\" title=\"Mond \/ Luna\" alt=\"Mond \/ Luna\" \t\tclass=\"so-widget-image\"\/>\n\t<\/div>\n\n<\/div><\/div><\/div><div id=\"pgc-19308-10-2\"  class=\"panel-grid-cell\" ><div id=\"panel-19308-10-2-0\" class=\"so-panel widget widget_sow-editor panel-first-child panel-last-child\" data-index=\"16\" ><div\n\t\t\t\n\t\t\tclass=\"so-widget-sow-editor so-widget-sow-editor-base\"\n\t\t\t\n\t\t>\n<div class=\"siteorigin-widget-tinymce textwidget\">\n\t<p style=\"text-align: center;\">Rituale &amp; Zeremonien<\/p>\n<\/div>\n<\/div><\/div><\/div><\/div><div id=\"pg-19308-11\"  class=\"panel-grid panel-no-style\" ><div id=\"pgc-19308-11-0\"  class=\"panel-grid-cell\" ><div id=\"panel-19308-11-0-0\" class=\"so-panel widget widget_sow-editor panel-first-child panel-last-child\" data-index=\"17\" ><div\n\t\t\t\n\t\t\tclass=\"so-widget-sow-editor so-widget-sow-editor-base\"\n\t\t\t\n\t\t>\n<div class=\"siteorigin-widget-tinymce textwidget\">\n\t<\/div>\n<\/div><\/div><\/div><\/div><div id=\"pg-19308-12\"  class=\"panel-grid panel-no-style\" ><div id=\"pgc-19308-12-0\"  class=\"panel-grid-cell\" ><div id=\"panel-19308-12-0-0\" class=\"so-panel widget widget_sow-editor panel-first-child panel-last-child\" data-index=\"18\" ><div\n\t\t\t\n\t\t\tclass=\"so-widget-sow-editor so-widget-sow-editor-base\"\n\t\t\t\n\t\t>\n<div class=\"siteorigin-widget-tinymce textwidget\">\n\t<hr>\n<\/div>\n<\/div><\/div><\/div><\/div><div id=\"pg-19308-13\"  class=\"panel-grid panel-no-style\" ><div id=\"pgc-19308-13-0\"  class=\"panel-grid-cell\" ><div id=\"panel-19308-13-0-0\" class=\"so-panel widget widget_sow-image panel-first-child panel-last-child\" data-index=\"19\" ><div\n\t\t\t\n\t\t\tclass=\"so-widget-sow-image so-widget-sow-image-default-113ccd71f3e6-19308\"\n\t\t\t\n\t\t><h3 class=\"widget-title\">4 Elemente<\/h3>\n<div class=\"sow-image-container\">\n\t\t<img \n\tsrc=\"https:\/\/annamcara.ch\/htm\/wp-content\/uploads\/AnnamCara-Seminar-Hueterin-des-Wissens-Elemente.png\" width=\"900\" height=\"600\" srcset=\"https:\/\/annamcara.ch\/htm\/wp-content\/uploads\/AnnamCara-Seminar-Hueterin-des-Wissens-Elemente.png 900w, https:\/\/annamcara.ch\/htm\/wp-content\/uploads\/AnnamCara-Seminar-Hueterin-des-Wissens-Elemente-300x200.png 300w, https:\/\/annamcara.ch\/htm\/wp-content\/uploads\/AnnamCara-Seminar-Hueterin-des-Wissens-Elemente-768x512.png 768w, https:\/\/annamcara.ch\/htm\/wp-content\/uploads\/AnnamCara-Seminar-Hueterin-des-Wissens-Elemente-272x182.png 272w\" sizes=\"(max-width: 706px) 89vw, (max-width: 767px) 82vw, 740px\" title=\"4 Elemente\" alt=\"4 Elemente\" \t\tclass=\"so-widget-image\"\/>\n\t<\/div>\n\n<\/div><\/div><\/div><div id=\"pgc-19308-13-1\"  class=\"panel-grid-cell\" ><div id=\"panel-19308-13-1-0\" class=\"so-panel widget widget_sow-image panel-first-child panel-last-child\" data-index=\"20\" ><div\n\t\t\t\n\t\t\tclass=\"so-widget-sow-image so-widget-sow-image-default-113ccd71f3e6-19308\"\n\t\t\t\n\t\t><h3 class=\"widget-title\">Symbole<\/h3>\n<div class=\"sow-image-container\">\n\t\t<img \n\tsrc=\"https:\/\/annamcara.ch\/htm\/wp-content\/uploads\/AnnamCara-Seminar-Hueterin-des-Wissens-Symbole.png\" width=\"900\" height=\"600\" srcset=\"https:\/\/annamcara.ch\/htm\/wp-content\/uploads\/AnnamCara-Seminar-Hueterin-des-Wissens-Symbole.png 900w, https:\/\/annamcara.ch\/htm\/wp-content\/uploads\/AnnamCara-Seminar-Hueterin-des-Wissens-Symbole-300x200.png 300w, https:\/\/annamcara.ch\/htm\/wp-content\/uploads\/AnnamCara-Seminar-Hueterin-des-Wissens-Symbole-768x512.png 768w, https:\/\/annamcara.ch\/htm\/wp-content\/uploads\/AnnamCara-Seminar-Hueterin-des-Wissens-Symbole-272x182.png 272w\" sizes=\"(max-width: 706px) 89vw, (max-width: 767px) 82vw, 740px\" title=\"Symbole\" alt=\"Symbole\" \t\tclass=\"so-widget-image\"\/>\n\t<\/div>\n\n<\/div><\/div><\/div><div id=\"pgc-19308-13-2\"  class=\"panel-grid-cell\" ><div id=\"panel-19308-13-2-0\" class=\"so-panel widget widget_sow-image panel-first-child panel-last-child\" data-index=\"21\" ><div class=\"panel-widget-style panel-widget-style-for-19308-13-2-0\" ><div\n\t\t\t\n\t\t\tclass=\"so-widget-sow-image so-widget-sow-image-default-113ccd71f3e6-19308\"\n\t\t\t\n\t\t><h3 class=\"widget-title\">Runen<\/h3>\n<div class=\"sow-image-container\">\n\t\t\t<a href=\"https:\/\/annamcara.ch\/htm\/seminare\/hueterin-wissen\/wenn-runen-raunen\/\"\n\t\t\ttarget=\"_blank\" rel=\"noopener noreferrer\" \t\t>\n\t\t\t<img \n\tsrc=\"https:\/\/annamcara.ch\/htm\/wp-content\/uploads\/AnnamCara-Seminar-Hueterin-des-Wissens-Runen.png\" width=\"900\" height=\"600\" srcset=\"https:\/\/annamcara.ch\/htm\/wp-content\/uploads\/AnnamCara-Seminar-Hueterin-des-Wissens-Runen.png 900w, https:\/\/annamcara.ch\/htm\/wp-content\/uploads\/AnnamCara-Seminar-Hueterin-des-Wissens-Runen-300x200.png 300w, https:\/\/annamcara.ch\/htm\/wp-content\/uploads\/AnnamCara-Seminar-Hueterin-des-Wissens-Runen-768x512.png 768w, https:\/\/annamcara.ch\/htm\/wp-content\/uploads\/AnnamCara-Seminar-Hueterin-des-Wissens-Runen-272x182.png 272w\" sizes=\"(max-width: 706px) 89vw, (max-width: 767px) 82vw, 740px\" title=\"Runen\" alt=\"Runen\" \t\tclass=\"so-widget-image\"\/>\n\t\t\t<\/a><\/div>\n\n<\/div><\/div><\/div><\/div><\/div><div id=\"pg-19308-14\"  class=\"panel-grid panel-no-style\" ><div id=\"pgc-19308-14-0\"  class=\"panel-grid-cell\" ><div id=\"panel-19308-14-0-0\" class=\"so-panel widget widget_sow-editor panel-first-child panel-last-child\" data-index=\"22\" ><div\n\t\t\t\n\t\t\tclass=\"so-widget-sow-editor so-widget-sow-editor-base\"\n\t\t\t\n\t\t>\n<div class=\"siteorigin-widget-tinymce textwidget\">\n\t<\/div>\n<\/div><\/div><\/div><\/div><\/div>","protected":false},"excerpt":{"rendered":"<p>LEC&#8217;H AR E\u00d1VOR&nbsp; \/ LEC&#8217;H AR SKRID (Ort des Erinnerns \/ Ort der Schrift) Ich nehme euch mit auf eine Reise zu den Geheimnissen des Wissens, zu den Weisen, Lehrern, Meistern und Heilern unserer keltisch-druidischen Ahnen.&nbsp; Heute k\u00f6nnen und d\u00fcrfen wir Wissen schriftlich verbreiten, d\u00fcrfen uns an das tiefe Wissen in uns erinnern und es &hellip; <\/p>\n<p class=\"link-more\"><a href=\"https:\/\/annamcara.ch\/htm\/seminare\/hueterin-wissen\/\" class=\"more-link\"><span class=\"screen-reader-text\">\u201eH\u00fcterin des Wissens\u201c<\/span> weiterlesen<\/a><\/p>\n","protected":false},"author":1,"featured_media":0,"parent":18710,"menu_order":3,"comment_status":"closed","ping_status":"closed","template":"","meta":{"ngg_post_thumbnail":0,"footnotes":""},"class_list":["post-19308","page","type-page","status-publish","hentry"],"_links":{"self":[{"href":"https:\/\/annamcara.ch\/htm\/wp-json\/wp\/v2\/pages\/19308","targetHints":{"allow":["GET"]}}],"collection":[{"href":"https:\/\/annamcara.ch\/htm\/wp-json\/wp\/v2\/pages"}],"about":[{"href":"https:\/\/annamcara.ch\/htm\/wp-json\/wp\/v2\/types\/page"}],"author":[{"embeddable":true,"href":"https:\/\/annamcara.ch\/htm\/wp-json\/wp\/v2\/users\/1"}],"replies":[{"embeddable":true,"href":"https:\/\/annamcara.ch\/htm\/wp-json\/wp\/v2\/comments?post=19308"}],"version-history":[{"count":62,"href":"https:\/\/annamcara.ch\/htm\/wp-json\/wp\/v2\/pages\/19308\/revisions"}],"predecessor-version":[{"id":19529,"href":"https:\/\/annamcara.ch\/htm\/wp-json\/wp\/v2\/pages\/19308\/revisions\/19529"}],"up":[{"embeddable":true,"href":"https:\/\/annamcara.ch\/htm\/wp-json\/wp\/v2\/pages\/18710"}],"wp:attachment":[{"href":"https:\/\/annamcara.ch\/htm\/wp-json\/wp\/v2\/media?parent=19308"}],"curies":[{"name":"wp","href":"https:\/\/api.w.org\/{rel}","templated":true}]}}