{"id":19191,"date":"2025-03-06T15:45:17","date_gmt":"2025-03-06T14:45:17","guid":{"rendered":"https:\/\/annamcara.ch\/htm\/?page_id=19191"},"modified":"2025-05-29T14:54:20","modified_gmt":"2025-05-29T13:54:20","slug":"schamanischer-trommelabend-jurte","status":"publish","type":"page","link":"https:\/\/annamcara.ch\/htm\/seminare\/schamanischer-trommelabend-jurte\/","title":{"rendered":"Schamanischer Trommelabend in der Jurte"},"content":{"rendered":"<div id=\"pl-19191\"  class=\"panel-layout\" ><div id=\"pg-19191-0\"  class=\"panel-grid panel-no-style\" ><div id=\"pgc-19191-0-0\"  class=\"panel-grid-cell\" ><div id=\"panel-19191-0-0-0\" class=\"so-panel widget widget_sow-editor panel-first-child panel-last-child\" data-index=\"0\" ><div\n\t\t\t\n\t\t\tclass=\"so-widget-sow-editor so-widget-sow-editor-base\"\n\t\t\t\n\t\t>\n<div class=\"siteorigin-widget-tinymce textwidget\">\n\t<h3 style=\"color: #ffcc33;\"><strong>Trommelkl\u00e4nge - Herzschlag von Mutter Erde<\/strong><\/h3>\n<p><span style=\"font-size: 1.1rem;\">Gemeinsam geniessen wir die Zeit, geben uns den Kl\u00e4ngen von Trommeln und Rasseln hin und finden durch den Puls von Mutter Erde zu unserer inneren Mitte. Der Herzschlag von Mutter Erde \u00f6ffnet auch unseren Herzraum, damit wir schwere Energien mit den Trommelkl\u00e4ngen davon ziehen lassen und uns ganz mit der Kraft und der Energie von Mutter Erde f\u00fcllen. <\/span><\/p>\n<\/div>\n<\/div><\/div><\/div><\/div><div id=\"pg-19191-1\"  class=\"panel-grid panel-no-style\" ><div id=\"pgc-19191-1-0\"  class=\"panel-grid-cell\" ><div id=\"panel-19191-1-0-0\" class=\"so-panel widget widget_sow-image panel-first-child panel-last-child\" data-index=\"1\" ><div\n\t\t\t\n\t\t\tclass=\"so-widget-sow-image so-widget-sow-image-default-8b5b6f678277-19191\"\n\t\t\t\n\t\t>\n<div class=\"sow-image-container\">\n\t\t<img \n\tsrc=\"https:\/\/annamcara.ch\/htm\/wp-content\/uploads\/AnnamCara-Seminar-Trommelabend-Spruchbild.png\" width=\"900\" height=\"600\" srcset=\"https:\/\/annamcara.ch\/htm\/wp-content\/uploads\/AnnamCara-Seminar-Trommelabend-Spruchbild.png 900w, https:\/\/annamcara.ch\/htm\/wp-content\/uploads\/AnnamCara-Seminar-Trommelabend-Spruchbild-300x200.png 300w, https:\/\/annamcara.ch\/htm\/wp-content\/uploads\/AnnamCara-Seminar-Trommelabend-Spruchbild-768x512.png 768w, https:\/\/annamcara.ch\/htm\/wp-content\/uploads\/AnnamCara-Seminar-Trommelabend-Spruchbild-272x182.png 272w\" sizes=\"(max-width: 706px) 89vw, (max-width: 767px) 82vw, 740px\" title=\"Anna&#039;mCara - Seminare - Trommelabend - Spruchbild - Lausche den Trommeln\" alt=\"Anna&#039;mCara - Seminare - Trommelabend - Spruchbild - Lausche den Trommeln\" \t\tclass=\"so-widget-image\"\/>\n\t<\/div>\n\n<\/div><\/div><\/div><div id=\"pgc-19191-1-1\"  class=\"panel-grid-cell\" ><div id=\"panel-19191-1-1-0\" class=\"so-panel widget widget_sow-image panel-first-child panel-last-child\" data-index=\"2\" ><div\n\t\t\t\n\t\t\tclass=\"so-widget-sow-image so-widget-sow-image-default-8b5b6f678277-19191\"\n\t\t\t\n\t\t>\n<div class=\"sow-image-container\">\n\t\t<img \n\tsrc=\"https:\/\/annamcara.ch\/htm\/wp-content\/uploads\/AnnamCara-Seminar-Trommelabend-Weisheit.png\" width=\"900\" height=\"600\" srcset=\"https:\/\/annamcara.ch\/htm\/wp-content\/uploads\/AnnamCara-Seminar-Trommelabend-Weisheit.png 900w, https:\/\/annamcara.ch\/htm\/wp-content\/uploads\/AnnamCara-Seminar-Trommelabend-Weisheit-300x200.png 300w, https:\/\/annamcara.ch\/htm\/wp-content\/uploads\/AnnamCara-Seminar-Trommelabend-Weisheit-768x512.png 768w, https:\/\/annamcara.ch\/htm\/wp-content\/uploads\/AnnamCara-Seminar-Trommelabend-Weisheit-272x182.png 272w\" sizes=\"(max-width: 706px) 89vw, (max-width: 767px) 82vw, 740px\" title=\"Anna&#039;mCara - Seminare - Trommelabend - Weisheit - Lausche den Trommeln\" alt=\"Anna&#039;mCara - Seminare - Trommelabend - Weisheit - Lausche den Trommeln\" \t\tclass=\"so-widget-image\"\/>\n\t<\/div>\n\n<\/div><\/div><\/div><\/div><div id=\"pg-19191-2\"  class=\"panel-grid panel-no-style\" ><div id=\"pgc-19191-2-0\"  class=\"panel-grid-cell\" ><div id=\"panel-19191-2-0-0\" class=\"so-panel widget widget_sow-editor panel-first-child panel-last-child\" data-index=\"3\" ><div\n\t\t\t\n\t\t\tclass=\"so-widget-sow-editor so-widget-sow-editor-base\"\n\t\t\t\n\t\t>\n<div class=\"siteorigin-widget-tinymce textwidget\">\n\t<p style=\"text-align: center;\"><span style=\"font-size: 1.1rem;\">Gemeinsam geben wir uns den Kl\u00e4ngen der Trommeln hin, verbinden das Weibliche (die Trommel) mit<br \/>\ndem M\u00e4nnlichen (der Schlag, bzw. der Schl\u00e4ger) und finden zur\u00fcck zu unseren Herzen.<\/span><\/p>\n<\/div>\n<\/div><\/div><\/div><\/div><div id=\"pg-19191-3\"  class=\"panel-grid panel-no-style\" ><div id=\"pgc-19191-3-0\"  class=\"panel-grid-cell\" ><div id=\"panel-19191-3-0-0\" class=\"so-panel widget widget_sow-editor panel-first-child panel-last-child\" data-index=\"4\" ><div\n\t\t\t\n\t\t\tclass=\"so-widget-sow-editor so-widget-sow-editor-base\"\n\t\t\t\n\t\t>\n<div class=\"siteorigin-widget-tinymce textwidget\">\n\t<hr \/>\n<\/div>\n<\/div><\/div><\/div><\/div><div id=\"pg-19191-4\"  class=\"panel-grid panel-no-style\" ><div id=\"pgc-19191-4-0\"  class=\"panel-grid-cell\" ><div id=\"panel-19191-4-0-0\" class=\"so-panel widget widget_sow-editor panel-first-child panel-last-child\" data-index=\"5\" ><div\n\t\t\t\n\t\t\tclass=\"so-widget-sow-editor so-widget-sow-editor-base\"\n\t\t\t\n\t\t>\n<div class=\"siteorigin-widget-tinymce textwidget\">\n\t<h3 style=\"color: #ffcc33; text-align: center;\"><strong>N\u00e4chster Trommelabend<\/strong><\/h3>\n<p style=\"text-align: center;\"><span style=\"font-size: 1.1rem;\"><strong>Freitag, 29. August 2025 - in der Jurte<\/strong><br \/>\n<!--Freitag, 13. September 2024<\/span><\/p>\n\n\n\n\n--><\/p>\n<h3 style=\"color: #ffcc33; text-align: center;\"><strong>Treffpunkt<\/strong><\/h3>\n<p><!--\n\n\n<\/p>\n\n\n\n<p style=\"text-align: center;\"><span style=\"font-size: 1.1rem;\">Wir treffen uns um <strong>18:50 Uhr<\/strong> auf dem <a style=\"color: #ffcc33;\" title=\"Link zu Google - Parkplatz Bahnhof Boltigen\" href=\"https:\/\/www.google.de\/maps\/place\/Boltigen,+Bahnhof\/@46.6273033,7.3890468,266m\/data=!3m1!1e3!4m10!1m2!2m1!1sParkplatz+Bahnhof+Boltigen!3m6!1s0x478e5778fb246245:0xba8c45e1b9f0e78!8m2!3d46.627535!4d7.390012!15sChpQYXJrcGxhdHogQmFobmhvZiBCb2x0aWdlbpIBCGJ1c19zdG9w4AEA!16s%2Fg%2F1w0h6dy4?hl=de&amp;entry=ttu&amp;g_ep=EgoyMDI0MDkwNC4wIKXMDSoASAFQAw%3D%3D\" target=\"blank\" rel=\"noopener\"><strong>Parkplatz beim Bahnhof<\/strong><\/a> in <strong>Boltigen<\/strong>.Dort bilden wir Fahrgemeinschaften und fahren gemeinsam zu uns nach Schwarzenmatt!<\/span>--><\/p>\n<p style=\"text-align: center;\"><span style=\"font-size: 1.1rem;\">Wir treffen uns um <strong>18:30 Uhr<\/strong> auf dem <a style=\"color: #ffcc33;\" title=\"Link zu Google - Parkplatz Bahnhof Zweisimmen\" href=\"https:\/\/www.google.com\/search?q=Parkplatz%20Bahnhof%20zweisimmen&amp;oq=Parkplatz+Bahnhof+zweisimmen&amp;aqs=chrome..69i57.6082j1j15&amp;sourceid=chrome&amp;ie=UTF-8&amp;tbs=lf:1,lf_ui:3&amp;tbm=lcl&amp;sxsrf=ALeKk00MahCgWlrPWehUq01Nm1S9KHX14w:1627396857805&amp;rflfq=1&amp;num=10&amp;rldimm=10181328416282605316&amp;lqi=ChxQYXJrcGxhdHogQmFobmhvZiB6d2Vpc2ltbWVukgENcGFya19hbmRfcmlkZaoBGRABKhUiEXBhcmtwbGF0eiBiYWhuaG9mKAU&amp;ved=2ahUKEwj9svjcvYPyAhWSyaQKHfKuBKoQvS4wAHoECAkQCA&amp;rlst=f#rlfi=hd:;si:10181328416282605316,l,ChxQYXJrcGxhdHogQmFobmhvZiB6d2Vpc2ltbWVukgENcGFya19hbmRfcmlkZaoBGRABKhUiEXBhcmtwbGF0eiBiYWhuaG9mKAU;mv:[[46.55501846891234,7.378303296117394],[46.55191234016206,7.370256669072717],null,[46.553465426759445,7.374279982595056],18]\" target=\"blank\" rel=\"noopener\"><strong>Parkplatz hinter dem Bahnhof in Zweisimmen<\/strong><\/a><br \/>\nDort bilden wir Fahrgemeinschaften und fahren gemeinsam an den magischen Ort des Geschehens!<\/span><\/p>\n<p><!--\n\n\n<\/p>\n\n\n\n<p style=\"text-align: center;\">Wir treffen uns <a title=\"Link zu den Kontaktangaben von Anna'mCara\" href=\"https:\/\/annamcara.ch\/htm\/kontakt\/\">bei mir in Boltigen<\/a>, je nach Witterung in der Praxis und\/oder auf der Terrasse am Feuer.<\/p>\n\n\n\n\n--><\/p>\n<h3 style=\"color: #ffcc33; text-align: center;\"><strong>Mitbringen<\/strong><\/h3>\n<p style=\"text-align: center;\"><span style=\"font-size: 1.1rem;\"><strong>Wolldecke<\/strong>, evtl. Sitzkissen und (wenn immer m\u00f6glich)<strong> die eigene&nbsp;Trommel<\/strong> oder Rassel,<br \/>\nbequeme &amp; warme Kleidung, dicke Socken, warme Jacke &amp; Schuhe - wir sind wenn immer m\u00f6glich draussen, <!--evtl. in der Jurte,--> je nach Wetter<\/span><\/p>\n<\/div>\n<\/div><\/div><\/div><\/div><div id=\"pg-19191-5\"  class=\"panel-grid panel-no-style\" ><div id=\"pgc-19191-5-0\"  class=\"panel-grid-cell\" ><div id=\"panel-19191-5-0-0\" class=\"so-panel widget widget_sow-image panel-first-child panel-last-child\" data-index=\"6\" ><div\n\t\t\t\n\t\t\tclass=\"so-widget-sow-image so-widget-sow-image-default-8b5b6f678277-19191\"\n\t\t\t\n\t\t>\n<div class=\"sow-image-container\">\n\t\t<img \n\tsrc=\"https:\/\/annamcara.ch\/htm\/wp-content\/uploads\/AnnamCara-Seminar-Trommelabend-Feuer.jpg\" width=\"900\" height=\"600\" srcset=\"https:\/\/annamcara.ch\/htm\/wp-content\/uploads\/AnnamCara-Seminar-Trommelabend-Feuer.jpg 900w, https:\/\/annamcara.ch\/htm\/wp-content\/uploads\/AnnamCara-Seminar-Trommelabend-Feuer-300x200.jpg 300w, https:\/\/annamcara.ch\/htm\/wp-content\/uploads\/AnnamCara-Seminar-Trommelabend-Feuer-768x512.jpg 768w, https:\/\/annamcara.ch\/htm\/wp-content\/uploads\/AnnamCara-Seminar-Trommelabend-Feuer-272x182.jpg 272w\" sizes=\"(max-width: 706px) 89vw, (max-width: 767px) 82vw, 740px\" title=\"Anna&#039;mCara - Seminare - Trommelabend - Zusammenkommen auf der Alp\" alt=\"Anna&#039;mCara - Seminare - Trommelabend - Zusammenkommen auf der Alp\" \t\tclass=\"so-widget-image\"\/>\n\t<\/div>\n\n<\/div><\/div><\/div><div id=\"pgc-19191-5-1\"  class=\"panel-grid-cell\" ><div id=\"panel-19191-5-1-0\" class=\"so-panel widget widget_sow-image panel-first-child panel-last-child\" data-index=\"7\" ><div\n\t\t\t\n\t\t\tclass=\"so-widget-sow-image so-widget-sow-image-default-8b5b6f678277-19191\"\n\t\t\t\n\t\t>\n<div class=\"sow-image-container\">\n\t\t<img \n\tsrc=\"https:\/\/annamcara.ch\/htm\/wp-content\/uploads\/AnnamCara-Seminar-Trommelabend-amFeuer.jpg\" width=\"900\" height=\"600\" srcset=\"https:\/\/annamcara.ch\/htm\/wp-content\/uploads\/AnnamCara-Seminar-Trommelabend-amFeuer.jpg 900w, https:\/\/annamcara.ch\/htm\/wp-content\/uploads\/AnnamCara-Seminar-Trommelabend-amFeuer-300x200.jpg 300w, https:\/\/annamcara.ch\/htm\/wp-content\/uploads\/AnnamCara-Seminar-Trommelabend-amFeuer-768x512.jpg 768w, https:\/\/annamcara.ch\/htm\/wp-content\/uploads\/AnnamCara-Seminar-Trommelabend-amFeuer-272x182.jpg 272w\" sizes=\"(max-width: 706px) 89vw, (max-width: 767px) 82vw, 740px\" title=\"Anna&#039;mCara - Seminare - Trommelabend - Eintreffen auf der Alp\" alt=\"Anna&#039;mCara - Seminare - Trommelabend - Eintreffen auf der Alp\" \t\tclass=\"so-widget-image\"\/>\n\t<\/div>\n\n<\/div><\/div><\/div><\/div><div id=\"pg-19191-6\"  class=\"panel-grid panel-no-style\" ><div id=\"pgc-19191-6-0\"  class=\"panel-grid-cell\" ><div id=\"panel-19191-6-0-0\" class=\"so-panel widget widget_sow-image panel-first-child panel-last-child\" data-index=\"8\" ><div\n\t\t\t\n\t\t\tclass=\"so-widget-sow-image so-widget-sow-image-default-8b5b6f678277-19191\"\n\t\t\t\n\t\t>\n<div class=\"sow-image-container\">\n\t\t<img \n\tsrc=\"https:\/\/annamcara.ch\/htm\/wp-content\/uploads\/AnnamCara-Seminar-Trommelabend-Jurte-am-Feuer.jpg\" width=\"900\" height=\"600\" srcset=\"https:\/\/annamcara.ch\/htm\/wp-content\/uploads\/AnnamCara-Seminar-Trommelabend-Jurte-am-Feuer.jpg 900w, https:\/\/annamcara.ch\/htm\/wp-content\/uploads\/AnnamCara-Seminar-Trommelabend-Jurte-am-Feuer-300x200.jpg 300w, https:\/\/annamcara.ch\/htm\/wp-content\/uploads\/AnnamCara-Seminar-Trommelabend-Jurte-am-Feuer-768x512.jpg 768w, https:\/\/annamcara.ch\/htm\/wp-content\/uploads\/AnnamCara-Seminar-Trommelabend-Jurte-am-Feuer-272x182.jpg 272w\" sizes=\"(max-width: 706px) 89vw, (max-width: 767px) 82vw, 740px\" title=\"Anna&#039;mCara - Seminare - Trommelabend - Feuer Nacht\" alt=\"Anna&#039;mCara - Seminare - Trommelabend - Feuer Nacht\" \t\tclass=\"so-widget-image\"\/>\n\t<\/div>\n\n<\/div><\/div><\/div><div id=\"pgc-19191-6-1\"  class=\"panel-grid-cell\" ><div id=\"panel-19191-6-1-0\" class=\"so-panel widget widget_sow-image panel-first-child panel-last-child\" data-index=\"9\" ><div\n\t\t\t\n\t\t\tclass=\"so-widget-sow-image so-widget-sow-image-default-8b5b6f678277-19191\"\n\t\t\t\n\t\t>\n<div class=\"sow-image-container\">\n\t\t<img \n\tsrc=\"https:\/\/annamcara.ch\/htm\/wp-content\/uploads\/AnnamCara-Seminar-Trommelabend-Sonnenuntergang.jpg\" width=\"900\" height=\"600\" srcset=\"https:\/\/annamcara.ch\/htm\/wp-content\/uploads\/AnnamCara-Seminar-Trommelabend-Sonnenuntergang.jpg 900w, https:\/\/annamcara.ch\/htm\/wp-content\/uploads\/AnnamCara-Seminar-Trommelabend-Sonnenuntergang-300x200.jpg 300w, https:\/\/annamcara.ch\/htm\/wp-content\/uploads\/AnnamCara-Seminar-Trommelabend-Sonnenuntergang-768x512.jpg 768w, https:\/\/annamcara.ch\/htm\/wp-content\/uploads\/AnnamCara-Seminar-Trommelabend-Sonnenuntergang-272x182.jpg 272w\" sizes=\"(max-width: 706px) 89vw, (max-width: 767px) 82vw, 740px\" title=\"Anna&#039;mCara - Seminare - Trommelabend - Wir trommeln zum Sonnenuntergang\" alt=\"Anna&#039;mCara - Seminare - Trommelabend - Wir trommeln zum Sonnenuntergang\" \t\tclass=\"so-widget-image\"\/>\n\t<\/div>\n\n<\/div><\/div><\/div><\/div><div id=\"pg-19191-7\"  class=\"panel-grid panel-no-style\" ><div id=\"pgc-19191-7-0\"  class=\"panel-grid-cell\" ><div id=\"panel-19191-7-0-0\" class=\"so-panel widget widget_sow-image panel-first-child panel-last-child\" data-index=\"10\" ><div\n\t\t\t\n\t\t\tclass=\"so-widget-sow-image so-widget-sow-image-default-8b5b6f678277-19191\"\n\t\t\t\n\t\t>\n<div class=\"sow-image-container\">\n\t\t<img \n\tsrc=\"https:\/\/annamcara.ch\/htm\/wp-content\/uploads\/AnnamCara-Seminar-Trommelabend-Jurte-Nachts.jpg\" width=\"900\" height=\"600\" srcset=\"https:\/\/annamcara.ch\/htm\/wp-content\/uploads\/AnnamCara-Seminar-Trommelabend-Jurte-Nachts.jpg 900w, https:\/\/annamcara.ch\/htm\/wp-content\/uploads\/AnnamCara-Seminar-Trommelabend-Jurte-Nachts-300x200.jpg 300w, https:\/\/annamcara.ch\/htm\/wp-content\/uploads\/AnnamCara-Seminar-Trommelabend-Jurte-Nachts-768x512.jpg 768w, https:\/\/annamcara.ch\/htm\/wp-content\/uploads\/AnnamCara-Seminar-Trommelabend-Jurte-Nachts-272x182.jpg 272w\" sizes=\"(max-width: 706px) 89vw, (max-width: 767px) 82vw, 740px\" title=\"Anna&#039;mCara - Seminare - Trommelabend - Jurte nachts\" alt=\"Anna&#039;mCara - Seminare - Trommelabend - Jurte nachts\" \t\tclass=\"so-widget-image\"\/>\n\t<\/div>\n\n<\/div><\/div><\/div><div id=\"pgc-19191-7-1\"  class=\"panel-grid-cell\" ><div id=\"panel-19191-7-1-0\" class=\"so-panel widget widget_sow-image panel-first-child panel-last-child\" data-index=\"11\" ><div\n\t\t\t\n\t\t\tclass=\"so-widget-sow-image so-widget-sow-image-default-8b5b6f678277-19191\"\n\t\t\t\n\t\t>\n<div class=\"sow-image-container\">\n\t\t<img \n\tsrc=\"https:\/\/annamcara.ch\/htm\/wp-content\/uploads\/AnnamCara-Seminar-Trommelabend-Jurte-Kerzen.jpg\" width=\"900\" height=\"600\" srcset=\"https:\/\/annamcara.ch\/htm\/wp-content\/uploads\/AnnamCara-Seminar-Trommelabend-Jurte-Kerzen.jpg 900w, https:\/\/annamcara.ch\/htm\/wp-content\/uploads\/AnnamCara-Seminar-Trommelabend-Jurte-Kerzen-300x200.jpg 300w, https:\/\/annamcara.ch\/htm\/wp-content\/uploads\/AnnamCara-Seminar-Trommelabend-Jurte-Kerzen-768x512.jpg 768w, https:\/\/annamcara.ch\/htm\/wp-content\/uploads\/AnnamCara-Seminar-Trommelabend-Jurte-Kerzen-272x182.jpg 272w\" sizes=\"(max-width: 706px) 89vw, (max-width: 767px) 82vw, 740px\" title=\"Anna&#039;mCara - Seminare - Trommelabend - Jurte-Innenraum im Kerzenschein\" alt=\"Anna&#039;mCara - Seminare - Trommelabend - Jurte-Innenraum im Kerzenschein\" \t\tclass=\"so-widget-image\"\/>\n\t<\/div>\n\n<\/div><\/div><\/div><\/div><div id=\"pg-19191-8\"  class=\"panel-grid panel-no-style\" ><div id=\"pgc-19191-8-0\"  class=\"panel-grid-cell\" ><div id=\"panel-19191-8-0-0\" class=\"so-panel widget widget_sow-editor panel-first-child panel-last-child\" data-index=\"12\" ><div\n\t\t\t\n\t\t\tclass=\"so-widget-sow-editor so-widget-sow-editor-base\"\n\t\t\t\n\t\t>\n<div class=\"siteorigin-widget-tinymce textwidget\">\n\t<hr \/>\n<\/div>\n<\/div><\/div><\/div><\/div><div id=\"pg-19191-9\"  class=\"panel-grid panel-no-style\" ><div id=\"pgc-19191-9-0\"  class=\"panel-grid-cell\" ><div id=\"panel-19191-9-0-0\" class=\"so-panel widget widget_sow-editor panel-first-child panel-last-child\" data-index=\"13\" ><div\n\t\t\t\n\t\t\tclass=\"so-widget-sow-editor so-widget-sow-editor-base\"\n\t\t\t\n\t\t>\n<div class=\"siteorigin-widget-tinymce textwidget\">\n\t<h3 style=\"color: #ffcc33; text-align: center;\"><strong>Details<\/strong><\/h3>\n<\/div>\n<\/div><\/div><\/div><\/div><div id=\"pg-19191-10\"  class=\"panel-grid panel-no-style\" ><div id=\"pgc-19191-10-0\"  class=\"panel-grid-cell\" ><div id=\"panel-19191-10-0-0\" class=\"so-panel widget widget_sow-editor panel-first-child panel-last-child\" data-index=\"14\" ><div\n\t\t\t\n\t\t\tclass=\"so-widget-sow-editor so-widget-sow-editor-base\"\n\t\t\t\n\t\t>\n<div class=\"siteorigin-widget-tinymce textwidget\">\n\t<table>\n<tbody>\n<tr valign=\"top\">\n<td><b>Wochentag:<\/b><\/td>\n<td>Freitag<\/td>\n<\/tr>\n<tr valign=\"top\" bgcolor=\"#fcf1d6\">\n<td valign=\"top\"><b>Zeiten:<\/b><\/td>\n<td><strong>19:00 - ca. 22:00<\/strong><br \/>\nInklusive kleiner Pause<\/td>\n<\/tr>\n<tr valign=\"top\">\n<td valign=\"top\"><b>Pause:<\/b><\/td>\n<td>Snack und Getr\u00e4nke vorhanden, du darfst gerne etwas f\u00fcr das Pausenbuffet mitbringen<\/td>\n<\/tr>\n<tr valign=\"top\" bgcolor=\"#fcf1d6\">\n<td><b>Pl\u00e4tze:<\/b><\/td>\n<td><!--<span style=\"color: #ff0000;\">nur--> noch 10 Pl\u00e4tze frei!<!--<\/span>max. 10 Teilnehmende \/ --><\/td>\n<\/tr>\n<tr valign=\"top\">\n<td><b>Kosten:<\/b><\/td>\n<td>CHF 50.-- \/ pro Abend<\/td>\n<\/tr>\n<tr valign=\"top\" bgcolor=\"#fcf1d6\">\n<td><b>Zahlung:<\/b><\/td>\n<td>Betrag wird am Abend vor Ort bar bezahlt<\/td>\n<\/tr>\n<p><!--\n\n<tr valign=\"top\" bgcolor=\"#fcf1d6\">\n\n\n<td><b>Kursort:<\/b><\/td>\n\n\n\n\n<td>Jurte auf der Alp<\/td>\n\n\n<\/tr>\n\n--><\/p>\n<tr valign=\"top\">\n<td><strong>Treffpunkt:<\/strong><\/td>\n<td>Bahnhof Parkplatz, Zweisimmen<br \/>\nDetails siehe oben<\/td>\n<\/tr>\n<\/tbody>\n<\/table>\n<\/div>\n<\/div><\/div><\/div><div id=\"pgc-19191-10-1\"  class=\"panel-grid-cell\" ><div id=\"panel-19191-10-1-0\" class=\"so-panel widget widget_sow-editor panel-first-child panel-last-child\" data-index=\"15\" ><div\n\t\t\t\n\t\t\tclass=\"so-widget-sow-editor so-widget-sow-editor-base\"\n\t\t\t\n\t\t>\n<div class=\"siteorigin-widget-tinymce textwidget\">\n\t<table>\n<tbody>\n<tr valign=\"top\">\n<td>\n<b>Anmeldung:<\/b><\/td>\n<td>\nDringend erforderlich, entweder<br \/>\nper Mail - <a style=\"color: #ffcc33;\" title=\"Anmeldung bei Anna'mCara zum Trommelalbend\" href=\"mailto:info@annamcara.ch?subject=Anmeldung f\u00fcr Trommelabend bei AnnamCara\" target=\"blank\" rel=\"noopener\"><strong>info@annamcara.ch<\/strong><\/a> oder<br \/>\nper Telefon - 078 888 11 02<br \/>\nbis <strong>sp\u00e4testens Donnerstag vor<\/strong> dem Trommelabend<\/td>\n<\/tr>\n<tr valign=\"top\" bgcolor=\"#fcf1d6\">\n<td><b>Absage:<\/b><\/td>\n<td>Bei <strong>Absage <\/strong>wird ein Unkostenbeitrag f\u00e4llig:<br \/>\n\u2022 <strong>ab 48 Std. vor dem Anlass:<br \/>\n<\/strong>Unkosten&nbsp;<strong>100% der Seminarkosten<br \/>\n<\/strong>oder Ersatzperson&nbsp;<\/td>\n<\/tr>\n<tr valign=\"top\">\n<td><b>Versicherung:<\/b><\/td>\n<td>Die Versicherung ist <strong>Sache des Teilnehmenden<\/strong> und sie\/er tr\u00e4gt in jedem Fall die Verantwortung f\u00fcr sich selber.<\/td>\n<\/tr>\n<\/tbody>\n<\/table>\n<\/div>\n<\/div><\/div><\/div><\/div><div id=\"pg-19191-11\"  class=\"panel-grid panel-no-style\" ><div id=\"pgc-19191-11-0\"  class=\"panel-grid-cell\" ><div id=\"panel-19191-11-0-0\" class=\"so-panel widget widget_sow-editor panel-first-child panel-last-child\" data-index=\"16\" ><div\n\t\t\t\n\t\t\tclass=\"so-widget-sow-editor so-widget-sow-editor-base\"\n\t\t\t\n\t\t>\n<div class=\"siteorigin-widget-tinymce textwidget\">\n\t<p><!--\n\n<h3 style=\"color: #ffcc33; text-align: center;\"><strong>Weitere Daten<\/strong><\/h3>\n\n\n\n\n<p style=\"text-align: center;\"><span style=\"font-size: 1.1rem;\">Auf Grund der aktuellen Situation, werden die weiteren Daten fortlaufend bekannt gegeben.\nWir freuen uns auf ein klangvolles Miteinander. F\u00fchlt Euch herzlichst umarmt. \u2665<\/span><\/p>\n\n--><\/p>\n<\/div>\n<\/div><\/div><\/div><\/div><\/div>","protected":false},"excerpt":{"rendered":"<p>Trommelkl\u00e4nge &#8211; Herzschlag von Mutter Erde Gemeinsam geniessen wir die Zeit, geben uns den Kl\u00e4ngen von Trommeln und Rasseln hin und finden durch den Puls von Mutter Erde zu unserer inneren Mitte. Der Herzschlag von Mutter Erde \u00f6ffnet auch unseren Herzraum, damit wir schwere Energien mit den Trommelkl\u00e4ngen davon ziehen lassen und uns ganz mit &hellip; <\/p>\n<p class=\"link-more\"><a href=\"https:\/\/annamcara.ch\/htm\/seminare\/schamanischer-trommelabend-jurte\/\" class=\"more-link\"><span class=\"screen-reader-text\">\u201eSchamanischer Trommelabend in der Jurte\u201c<\/span> weiterlesen<\/a><\/p>\n","protected":false},"author":1,"featured_media":0,"parent":18710,"menu_order":2,"comment_status":"closed","ping_status":"closed","template":"","meta":{"ngg_post_thumbnail":0,"footnotes":""},"class_list":["post-19191","page","type-page","status-publish","hentry"],"_links":{"self":[{"href":"https:\/\/annamcara.ch\/htm\/wp-json\/wp\/v2\/pages\/19191","targetHints":{"allow":["GET"]}}],"collection":[{"href":"https:\/\/annamcara.ch\/htm\/wp-json\/wp\/v2\/pages"}],"about":[{"href":"https:\/\/annamcara.ch\/htm\/wp-json\/wp\/v2\/types\/page"}],"author":[{"embeddable":true,"href":"https:\/\/annamcara.ch\/htm\/wp-json\/wp\/v2\/users\/1"}],"replies":[{"embeddable":true,"href":"https:\/\/annamcara.ch\/htm\/wp-json\/wp\/v2\/comments?post=19191"}],"version-history":[{"count":25,"href":"https:\/\/annamcara.ch\/htm\/wp-json\/wp\/v2\/pages\/19191\/revisions"}],"predecessor-version":[{"id":19387,"href":"https:\/\/annamcara.ch\/htm\/wp-json\/wp\/v2\/pages\/19191\/revisions\/19387"}],"up":[{"embeddable":true,"href":"https:\/\/annamcara.ch\/htm\/wp-json\/wp\/v2\/pages\/18710"}],"wp:attachment":[{"href":"https:\/\/annamcara.ch\/htm\/wp-json\/wp\/v2\/media?parent=19191"}],"curies":[{"name":"wp","href":"https:\/\/api.w.org\/{rel}","templated":true}]}}