{"id":17616,"date":"2024-02-07T09:34:04","date_gmt":"2024-02-07T08:34:04","guid":{"rendered":"https:\/\/annamcara.ch\/htm\/?page_id=17616"},"modified":"2024-02-22T09:04:35","modified_gmt":"2024-02-22T08:04:35","slug":"drachenkraft-massage","status":"publish","type":"page","link":"https:\/\/annamcara.ch\/htm\/einzelbegleitung\/drachenkraft-massage\/","title":{"rendered":"Drachenkraft &#8211; Massage"},"content":{"rendered":"<div id=\"pl-17616\"  class=\"panel-layout\" ><div id=\"pg-17616-0\"  class=\"panel-grid panel-no-style\" ><div id=\"pgc-17616-0-0\"  class=\"panel-grid-cell\" ><div id=\"panel-17616-0-0-0\" class=\"so-panel widget widget_sow-editor panel-first-child panel-last-child\" data-index=\"0\" ><div\n\t\t\t\n\t\t\tclass=\"so-widget-sow-editor so-widget-sow-editor-base\"\n\t\t\t\n\t\t>\n<div class=\"siteorigin-widget-tinymce textwidget\">\n\t<h3 style=\"color: #009900;\"><strong>Drachen - die H\u00fcter des Lebensfeuers<\/strong><\/h3>\n<p><span style=\"font-size: 1.1rem;\"><strong>Am 10. Februar 2024 hat das Drachenjahr begonnen. Drachen sind Seelenbegleiter und seit einigen Jahren versuchen sie, wieder an unserer Seite zu sein, denn sie geleiten und <\/strong><\/span><span style=\"font-size: 1.1rem;\"><strong>unterst\u00fctzen unsere spirituelle Entwicklung.<\/strong><\/span><\/p>\n<p><span style=\"font-size: 1.1rem;\">Drachen sind weise und herzliche Wesen, die sich danach sehnen, wieder f\u00fcr uns da zu sein, ihre Drachenreitenden wieder zu finden und uns auf unserem Seelenweg kraftvoll zu unterst\u00fctzen.<br \/>\n<\/span><span style=\"font-size: 1.1rem;\">Drachen besch\u00fctzen uns, bewahren unsere Visionen, verleihen uns magische und Lebenskraft sowie Vitalit\u00e4t. Er wird dir ein weiser Lehrer sein, dich in Zeiten der Ver\u00e4nderung sicher auf allen Wegen geleiten und dich lehren, deine Energie und Kraft gezielt einzusetzen, sie in Harmonie zu halten und in deinem K\u00f6rper fliessen zu lassen.<\/span><\/p>\n<\/div>\n<\/div><\/div><\/div><\/div><div id=\"pg-17616-1\"  class=\"panel-grid panel-no-style\" ><div id=\"pgc-17616-1-0\"  class=\"panel-grid-cell\" ><div id=\"panel-17616-1-0-0\" class=\"so-panel widget widget_sow-image panel-first-child panel-last-child\" data-index=\"1\" ><div\n\t\t\t\n\t\t\tclass=\"so-widget-sow-image so-widget-sow-image-default-8b5b6f678277-17616\"\n\t\t\t\n\t\t>\n<div class=\"sow-image-container\">\n\t\t<img \n\tsrc=\"https:\/\/annamcara.ch\/htm\/wp-content\/uploads\/AnnamCara-Seminar-Drachenkraft-Massage-Spruchbild2.png\" width=\"900\" height=\"600\" srcset=\"https:\/\/annamcara.ch\/htm\/wp-content\/uploads\/AnnamCara-Seminar-Drachenkraft-Massage-Spruchbild2.png 900w, https:\/\/annamcara.ch\/htm\/wp-content\/uploads\/AnnamCara-Seminar-Drachenkraft-Massage-Spruchbild2-300x200.png 300w, https:\/\/annamcara.ch\/htm\/wp-content\/uploads\/AnnamCara-Seminar-Drachenkraft-Massage-Spruchbild2-768x512.png 768w, https:\/\/annamcara.ch\/htm\/wp-content\/uploads\/AnnamCara-Seminar-Drachenkraft-Massage-Spruchbild2-272x182.png 272w\" sizes=\"(max-width: 706px) 89vw, (max-width: 767px) 82vw, 740px\" title=\"Anna&#039;mCara - Angebot - Massagen - Drachenkraft - Spruchbild\" alt=\"Anna&#039;mCara - Angebot - Massagen - Drachenkraft - Spruchbild\" \t\tclass=\"so-widget-image\"\/>\n\t<\/div>\n\n<\/div><\/div><\/div><div id=\"pgc-17616-1-1\"  class=\"panel-grid-cell\" ><div id=\"panel-17616-1-1-0\" class=\"so-panel widget widget_sow-image panel-first-child panel-last-child\" data-index=\"2\" ><div\n\t\t\t\n\t\t\tclass=\"so-widget-sow-image so-widget-sow-image-default-8b5b6f678277-17616\"\n\t\t\t\n\t\t>\n<div class=\"sow-image-container\">\n\t\t<img \n\tsrc=\"https:\/\/annamcara.ch\/htm\/wp-content\/uploads\/AnnamCara-Seminar-Drachenkraft-Massage-Weisheit.png\" width=\"900\" height=\"600\" srcset=\"https:\/\/annamcara.ch\/htm\/wp-content\/uploads\/AnnamCara-Seminar-Drachenkraft-Massage-Weisheit.png 900w, https:\/\/annamcara.ch\/htm\/wp-content\/uploads\/AnnamCara-Seminar-Drachenkraft-Massage-Weisheit-300x200.png 300w, https:\/\/annamcara.ch\/htm\/wp-content\/uploads\/AnnamCara-Seminar-Drachenkraft-Massage-Weisheit-768x512.png 768w, https:\/\/annamcara.ch\/htm\/wp-content\/uploads\/AnnamCara-Seminar-Drachenkraft-Massage-Weisheit-272x182.png 272w\" sizes=\"(max-width: 706px) 89vw, (max-width: 767px) 82vw, 740px\" title=\"Anna&#039;mCara - Angebot - Massagen - Drachenkraft - Weisheit\" alt=\"Anna&#039;mCara - Angebot - Massagen - Drachenkraft - Weisheit\" \t\tclass=\"so-widget-image\"\/>\n\t<\/div>\n\n<\/div><\/div><\/div><\/div><div id=\"pg-17616-2\"  class=\"panel-grid panel-no-style\" ><div id=\"pgc-17616-2-0\"  class=\"panel-grid-cell\" ><div id=\"panel-17616-2-0-0\" class=\"so-panel widget widget_sow-editor panel-first-child panel-last-child\" data-index=\"3\" ><div\n\t\t\t\n\t\t\tclass=\"so-widget-sow-editor so-widget-sow-editor-base\"\n\t\t\t\n\t\t>\n<div class=\"siteorigin-widget-tinymce textwidget\">\n\t<p><span style=\"font-size: 1.1rem;\"><strong>Wurzeln - Erden - Inneres Feuer<\/strong><\/span><\/p>\n<p><span style=\"font-size: 1.1rem;\">Drachen, die H\u00fcter des kosmischen Feuers und des Lebensfeuers in uns Menschen, der Schaffenskraft und Kreativit\u00e4t. Erwacht deine Drachenkraft, erwacht ebenso neue und kraftvolle Lebensenergie in dir und diese f\u00f6rdert dein Selbstbewusstsein, deine St\u00e4rke und deinen Mut.<\/span><\/p>\n<p><span style=\"font-size: 1.1rem;\">Lass dein inneres Feuer brennen und leuchten und anerkenne deine Einzigartigkeit. Je kontrollierter dein ureigenes Feuer lodert und durch die Drachenkraft geerdet wird, desto harmonischer wirst du dein Feuer leben k\u00f6nnen. Deine Kreativit\u00e4t ausleben, deine Begeisterung teilen und du bist doch jederzeit tief in deiner Mitte ruhend. Bist du dir deiner Drachenkraft bewusst, wirst du auch im gr\u00f6ssten Sturm das Feuer in deiner Mitte h\u00fcten.<\/span><\/p>\n<p><span style=\"font-size: 1.1rem;\">Bei der Massage werden das Wurzel- und Sakral-Chakra aktiviert, sowie das Kreuz, Becken, die F\u00fcsse, Beine, H\u00fcfte, Ges\u00e4ss, der R\u00fccken, Bauch und sowie Nacken und Gesicht und Arme mit verschiedenen Techniken massiert. Tiefe Entspannung und die Verbindung zu deiner Drachenkraft lassen diese Methode zu einem wunderbaren Erfahrung werden.<\/span><\/p>\n<\/div>\n<\/div><\/div><\/div><\/div><div id=\"pg-17616-3\"  class=\"panel-grid panel-no-style\" ><div id=\"pgc-17616-3-0\"  class=\"panel-grid-cell panel-grid-cell-empty\" ><\/div><div id=\"pgc-17616-3-1\"  class=\"panel-grid-cell panel-grid-cell-mobile-last\" ><div id=\"panel-17616-3-1-0\" class=\"so-panel widget widget_sow-editor panel-first-child panel-last-child\" data-index=\"4\" ><div class=\"panel-widget-style panel-widget-style-for-17616-3-1-0\" ><div\n\t\t\t\n\t\t\tclass=\"so-widget-sow-editor so-widget-sow-editor-base\"\n\t\t\t\n\t\t>\n<div class=\"siteorigin-widget-tinymce textwidget\">\n\t<p style=\"text-align: center;\">&nbsp;<br \/>\n<span style=\"font-size: 1.1rem;\"><strong>Wirkung:<\/strong><br \/>\nHarmonisierung, Entspannung, Entlastung von Kreuz & Becken,<br \/>\nunterst\u00fctzend in den Wechseljahren im Umgang mit Hitzewallungen<br \/>\nSicherheitsaspekt - kann auch bekleidet angewandt werden.<\/span><\/p>\n<\/div>\n<\/div><\/div><\/div><\/div><div id=\"pgc-17616-3-2\"  class=\"panel-grid-cell panel-grid-cell-empty\" ><\/div><\/div><div id=\"pg-17616-4\"  class=\"panel-grid panel-no-style\" ><div id=\"pgc-17616-4-0\"  class=\"panel-grid-cell\" ><div id=\"panel-17616-4-0-0\" class=\"so-panel widget widget_sow-editor panel-first-child panel-last-child\" data-index=\"5\" ><div\n\t\t\t\n\t\t\tclass=\"so-widget-sow-editor so-widget-sow-editor-base\"\n\t\t\t\n\t\t>\n<div class=\"siteorigin-widget-tinymce textwidget\">\n\t<hr \/>\n<\/div>\n<\/div><\/div><\/div><\/div><div id=\"pg-17616-5\"  class=\"panel-grid panel-no-style\" ><div id=\"pgc-17616-5-0\"  class=\"panel-grid-cell\" ><div id=\"panel-17616-5-0-0\" class=\"so-panel widget widget_sow-editor panel-first-child panel-last-child\" data-index=\"6\" ><div class=\"panel-widget-style panel-widget-style-for-17616-5-0-0\" ><div\n\t\t\t\n\t\t\tclass=\"so-widget-sow-editor so-widget-sow-editor-base\"\n\t\t\t\n\t\t><h3 class=\"widget-title\">Details<\/h3>\n<div class=\"siteorigin-widget-tinymce textwidget\">\n\t<p style=\"text-align: left;\"><span style=\"font-size: 1.1rem;\"><strong>Ablauf erste Drachenverbindung:<\/strong><\/span><br \/>\nMeditation - Finden deines pers\u00f6nlichen Drachenbegleiters<br \/>\nMassage - Aktivieren der ureigenen Drachenkraft<\/p>\n<p>Dauer ca. 2 - 2,5 Stunden<\/p>\n<p style=\"text-align: left;\"><span style=\"font-size: 1.1rem;\"><strong>Ablauf weitere Drachenmassagen:<\/strong><\/span><br \/>\nMeditation und Massage - Entfache und halte die Drachenkraft in deinem K\u00f6rper hoch<\/p>\n<p>Dauer ca. 1,5 - 2 Stunden<\/p>\n<\/div>\n<\/div><\/div><\/div><\/div><div id=\"pgc-17616-5-1\"  class=\"panel-grid-cell\" ><div id=\"panel-17616-5-1-0\" class=\"so-panel widget widget_sow-editor panel-first-child panel-last-child\" data-index=\"7\" ><div class=\"panel-widget-style panel-widget-style-for-17616-5-1-0\" ><div\n\t\t\t\n\t\t\tclass=\"so-widget-sow-editor so-widget-sow-editor-base\"\n\t\t\t\n\t\t><h3 class=\"widget-title\">Kosten &amp; Ablauf<\/h3>\n<div class=\"siteorigin-widget-tinymce textwidget\">\n\t<p style=\"text-align: left;\"><span style=\"font-size: 1.1rem;\"><strong>Ausgleich<\/strong><\/span><br \/>\nCHF 120.-- \/ Stunde<br \/>\nZahlung in Bar oder via Twint<\/p>\n<p style=\"text-align: left;\"><span style=\"font-size: 1.1rem;\"><strong>Ablauf:<\/strong><br \/>\nDie Massage kann bekleidet oder als klassische Massage mit warmem \u00d6l durchgef\u00fchrt werden.<\/span><\/p>\n<p style=\"text-align: left;\"><span style=\"font-size: 1.1rem;\"><strong>Versicherung:<\/strong><\/span><br \/>\nDie Versicherung ist Sache des Teilnehmenden und sie\/er tr\u00e4gt in jedem Fall die Verantwortung f\u00fcr sich selber.<\/p>\n<\/div>\n<\/div><\/div><\/div><\/div><\/div><div id=\"pg-17616-6\"  class=\"panel-grid panel-no-style\" ><div id=\"pgc-17616-6-0\"  class=\"panel-grid-cell panel-grid-cell-empty\" ><\/div><div id=\"pgc-17616-6-1\"  class=\"panel-grid-cell panel-grid-cell-mobile-last\" ><div id=\"panel-17616-6-1-0\" class=\"so-panel widget widget_sow-editor panel-first-child panel-last-child\" data-index=\"8\" ><div class=\"panel-widget-style panel-widget-style-for-17616-6-1-0\" ><div\n\t\t\t\n\t\t\tclass=\"so-widget-sow-editor so-widget-sow-editor-base\"\n\t\t\t\n\t\t>\n<div class=\"siteorigin-widget-tinymce textwidget\">\n\t<p style=\"text-align: center;\">&nbsp;<br \/>\n<span style=\"font-size: 1.1rem;\"><strong>Terminvereinbarung:<\/strong><br \/>\nKontaktiere mich \u00fcber Mail, Telefon oder via<br \/>\nprivaten Nachrichten auf diversen Kan\u00e4len<\/span><\/p>\n<\/div>\n<\/div><\/div><\/div><\/div><div id=\"pgc-17616-6-2\"  class=\"panel-grid-cell panel-grid-cell-empty\" ><\/div><\/div><div id=\"pg-17616-7\"  class=\"panel-grid panel-no-style\" ><div id=\"pgc-17616-7-0\"  class=\"panel-grid-cell\" ><div id=\"panel-17616-7-0-0\" class=\"so-panel widget widget_sow-editor panel-first-child panel-last-child\" data-index=\"9\" ><div\n\t\t\t\n\t\t\tclass=\"so-widget-sow-editor so-widget-sow-editor-base\"\n\t\t\t\n\t\t>\n<div class=\"siteorigin-widget-tinymce textwidget\">\n\t<hr \/>\n<\/div>\n<\/div><\/div><\/div><\/div><div id=\"pg-17616-8\"  class=\"panel-grid panel-no-style\" ><div id=\"pgc-17616-8-0\"  class=\"panel-grid-cell\" ><div id=\"panel-17616-8-0-0\" class=\"so-panel widget widget_sow-image panel-first-child panel-last-child\" data-index=\"10\" ><div\n\t\t\t\n\t\t\tclass=\"so-widget-sow-image so-widget-sow-image-default-8b5b6f678277-17616\"\n\t\t\t\n\t\t>\n<div class=\"sow-image-container\">\n\t\t<img \n\tsrc=\"https:\/\/annamcara.ch\/htm\/wp-content\/uploads\/AnnamCara-Seminar-Drachenkraft-Massage-Weisheit-FlugKraft.png\" width=\"900\" height=\"600\" srcset=\"https:\/\/annamcara.ch\/htm\/wp-content\/uploads\/AnnamCara-Seminar-Drachenkraft-Massage-Weisheit-FlugKraft.png 900w, https:\/\/annamcara.ch\/htm\/wp-content\/uploads\/AnnamCara-Seminar-Drachenkraft-Massage-Weisheit-FlugKraft-300x200.png 300w, https:\/\/annamcara.ch\/htm\/wp-content\/uploads\/AnnamCara-Seminar-Drachenkraft-Massage-Weisheit-FlugKraft-768x512.png 768w, https:\/\/annamcara.ch\/htm\/wp-content\/uploads\/AnnamCara-Seminar-Drachenkraft-Massage-Weisheit-FlugKraft-272x182.png 272w\" sizes=\"(max-width: 706px) 89vw, (max-width: 767px) 82vw, 740px\" title=\"Anna&#039;mCara - Angebot - Massagen - Drachenkraft - Weisheit Flug&amp;Kraft\" alt=\"Anna&#039;mCara - Angebot - Massagen - Drachenkraft - Weisheit Flug&amp;Kraft\" \t\tclass=\"so-widget-image\"\/>\n\t<\/div>\n\n<\/div><\/div><\/div><div id=\"pgc-17616-8-1\"  class=\"panel-grid-cell\" ><div id=\"panel-17616-8-1-0\" class=\"so-panel widget widget_sow-image panel-first-child panel-last-child\" data-index=\"11\" ><div\n\t\t\t\n\t\t\tclass=\"so-widget-sow-image so-widget-sow-image-default-8b5b6f678277-17616\"\n\t\t\t\n\t\t>\n<div class=\"sow-image-container\">\n\t\t<img \n\tsrc=\"https:\/\/annamcara.ch\/htm\/wp-content\/uploads\/AnnamCara-Seminar-Drachenkraft-Massage-Spruchbild-Flug.png\" width=\"900\" height=\"600\" srcset=\"https:\/\/annamcara.ch\/htm\/wp-content\/uploads\/AnnamCara-Seminar-Drachenkraft-Massage-Spruchbild-Flug.png 900w, https:\/\/annamcara.ch\/htm\/wp-content\/uploads\/AnnamCara-Seminar-Drachenkraft-Massage-Spruchbild-Flug-300x200.png 300w, https:\/\/annamcara.ch\/htm\/wp-content\/uploads\/AnnamCara-Seminar-Drachenkraft-Massage-Spruchbild-Flug-768x512.png 768w, https:\/\/annamcara.ch\/htm\/wp-content\/uploads\/AnnamCara-Seminar-Drachenkraft-Massage-Spruchbild-Flug-272x182.png 272w\" sizes=\"(max-width: 706px) 89vw, (max-width: 767px) 82vw, 740px\" title=\"Anna&#039;mCara - Angebot - Massagen - Drachenkraft - Spruchbild Flug&amp;Kraft\" alt=\"Anna&#039;mCara - Angebot - Massagen - Drachenkraft - Spruchbild Flug&amp;Kraft\" \t\tclass=\"so-widget-image\"\/>\n\t<\/div>\n\n<\/div><\/div><\/div><\/div><\/div>","protected":false},"excerpt":{"rendered":"<p>Drachen &#8211; die H\u00fcter des Lebensfeuers Am 10. Februar 2024 hat das Drachenjahr begonnen. Drachen sind Seelenbegleiter und seit einigen Jahren versuchen sie, wieder an unserer Seite zu sein, denn sie geleiten und unterst\u00fctzen unsere spirituelle Entwicklung. Drachen sind weise und herzliche Wesen, die sich danach sehnen, wieder f\u00fcr uns da zu sein, ihre Drachenreitenden &hellip; <\/p>\n<p class=\"link-more\"><a href=\"https:\/\/annamcara.ch\/htm\/einzelbegleitung\/drachenkraft-massage\/\" class=\"more-link\"><span class=\"screen-reader-text\">\u201eDrachenkraft &#8211; Massage\u201c<\/span> weiterlesen<\/a><\/p>\n","protected":false},"author":1,"featured_media":0,"parent":105,"menu_order":0,"comment_status":"closed","ping_status":"closed","template":"","meta":{"ngg_post_thumbnail":0,"footnotes":""},"class_list":["post-17616","page","type-page","status-publish","hentry"],"_links":{"self":[{"href":"https:\/\/annamcara.ch\/htm\/wp-json\/wp\/v2\/pages\/17616","targetHints":{"allow":["GET"]}}],"collection":[{"href":"https:\/\/annamcara.ch\/htm\/wp-json\/wp\/v2\/pages"}],"about":[{"href":"https:\/\/annamcara.ch\/htm\/wp-json\/wp\/v2\/types\/page"}],"author":[{"embeddable":true,"href":"https:\/\/annamcara.ch\/htm\/wp-json\/wp\/v2\/users\/1"}],"replies":[{"embeddable":true,"href":"https:\/\/annamcara.ch\/htm\/wp-json\/wp\/v2\/comments?post=17616"}],"version-history":[{"count":29,"href":"https:\/\/annamcara.ch\/htm\/wp-json\/wp\/v2\/pages\/17616\/revisions"}],"predecessor-version":[{"id":17876,"href":"https:\/\/annamcara.ch\/htm\/wp-json\/wp\/v2\/pages\/17616\/revisions\/17876"}],"up":[{"embeddable":true,"href":"https:\/\/annamcara.ch\/htm\/wp-json\/wp\/v2\/pages\/105"}],"wp:attachment":[{"href":"https:\/\/annamcara.ch\/htm\/wp-json\/wp\/v2\/media?parent=17616"}],"curies":[{"name":"wp","href":"https:\/\/api.w.org\/{rel}","templated":true}]}}