{"id":16,"date":"2017-08-04T14:27:48","date_gmt":"2017-08-04T14:27:48","guid":{"rendered":"http:\/\/annamcara.ch\/htm\/?page_id=16"},"modified":"2025-06-24T13:03:05","modified_gmt":"2025-06-24T12:03:05","slug":"startseite","status":"publish","type":"page","link":"https:\/\/annamcara.ch\/htm\/","title":{"rendered":"Herzlich Willkommen"},"content":{"rendered":"<div id=\"pl-16\"  class=\"panel-layout\" ><div id=\"pg-16-0\"  class=\"panel-grid panel-no-style\" ><div id=\"pgc-16-0-0\"  class=\"panel-grid-cell\" ><div id=\"panel-16-0-0-0\" class=\"so-panel widget widget_sow-editor panel-first-child panel-last-child\" data-index=\"0\" ><div\n\t\t\t\n\t\t\tclass=\"so-widget-sow-editor so-widget-sow-editor-base\"\n\t\t\t\n\t\t>\n<div class=\"siteorigin-widget-tinymce textwidget\">\n\t<p><span style=\"font-family: American Retro; font-size: 45px;\">Folge deinem inneren Licht, dem Ruf deiner Seele<\/span><br \/>\nGerne begleite ich dich mit meinem Wissen, meinen Gaben und der F\u00e4higkeit, Br\u00fccken zu bauen, ein St\u00fcck auf deinem Weg. Ich freue mich auf unser Zusammenkommen und das gemeinsame WIR - ob in meiner Praxis in Boltigen, bei einer Online-Beratung, einem Seminar, einer Innenbildung, oder in einer vertieften Seelenbegleitung.<br \/>\n<strong>WIR - <em>Wertsch\u00e4tzend - Intuitiv - Respektvoll <\/em>- GEMEINSAM<\/strong><\/p>\n<\/div>\n<\/div><\/div><\/div><\/div><div id=\"pg-16-1\"  class=\"panel-grid panel-no-style\" ><div id=\"pgc-16-1-0\"  class=\"panel-grid-cell\" ><div id=\"panel-16-1-0-0\" class=\"so-panel widget widget_sow-image panel-first-child panel-last-child\" data-index=\"1\" ><div\n\t\t\t\n\t\t\tclass=\"so-widget-sow-image so-widget-sow-image-default-8b5b6f678277-16\"\n\t\t\t\n\t\t>\n<div class=\"sow-image-container\">\n\t\t\t<a href=\"https:\/\/annamcara.ch\/htm\/anna\/\"\n\t\t\t\t\t>\n\t\t\t<img \n\tsrc=\"https:\/\/annamcara.ch\/htm\/wp-content\/uploads\/AnnamCara-Anna-Schamanin-Druidin.jpg\" width=\"900\" height=\"900\" srcset=\"https:\/\/annamcara.ch\/htm\/wp-content\/uploads\/AnnamCara-Anna-Schamanin-Druidin.jpg 900w, https:\/\/annamcara.ch\/htm\/wp-content\/uploads\/AnnamCara-Anna-Schamanin-Druidin-300x300.jpg 300w, https:\/\/annamcara.ch\/htm\/wp-content\/uploads\/AnnamCara-Anna-Schamanin-Druidin-150x150.jpg 150w, https:\/\/annamcara.ch\/htm\/wp-content\/uploads\/AnnamCara-Anna-Schamanin-Druidin-768x768.jpg 768w, https:\/\/annamcara.ch\/htm\/wp-content\/uploads\/AnnamCara-Anna-Schamanin-Druidin-100x100.jpg 100w\" sizes=\"(max-width: 706px) 89vw, (max-width: 767px) 82vw, 740px\" title=\"Foto - Anna&#039;mCara - Anna - Schamanin - Druidin\" alt=\"Foto - Anna&#039;mCara - Anna - Schamanin - Druidin\" \t\tclass=\"so-widget-image\"\/>\n\t\t\t<\/a><\/div>\n\n<\/div><\/div><\/div><div id=\"pgc-16-1-1\"  class=\"panel-grid-cell\" ><div id=\"panel-16-1-1-0\" class=\"so-panel widget widget_sow-editor panel-first-child panel-last-child\" data-index=\"2\" ><div\n\t\t\t\n\t\t\tclass=\"so-widget-sow-editor so-widget-sow-editor-base\"\n\t\t\t\n\t\t>\n<div class=\"siteorigin-widget-tinymce textwidget\">\n\t<p>\u00bb <em><strong>\"Schamanisch\"<\/strong> ist die Sprache des Bewusstseins aller Lebewesen zwischen Himmel und Erde. Es ist Kommunikation jenseits aller Grenzen und Begrenzungen, eine Br\u00fccke, die zwei Wesen, aber auch Welten miteinander verbindet und uns eins werden l\u00e4sst mit uns selbst. Diese Sprache zu sprechen bringt Kraft und Heilung, Wissen und Entwicklung und l\u00e4sst uns in unserem Herzen ankommen.\u00ab<br \/>\n<span style=\"font-size: 9px;\">Annabelle Wimmer Bakic<\/span><\/em><\/p>\n<p>Die Sprache \"Schamanisch\" beinhaltet unz\u00e4hlige Facetten, mit welcher wir uns ausdr\u00fccken, welche uns erm\u00f6glicht, mit allem verbunden zu sein und uns gegenseitig spezifisch zu unterst\u00fctzen. \"Schamanisch\" erm\u00f6glicht uns, dass wir mit unserer Urquelle verbunden sind, unsere tiefe Sehnsucht der Seele und des \"Menschseins\" erf\u00fcllt wird, wir uns und unsere Umwelt wahrnehmen, verstehen und respektieren.<br \/>\n<strong>\"Schamanisch\" ist pures Sein in Verbundenheit mit allem was ist und lebt!<\/strong><\/p>\n<\/div>\n<\/div><\/div><\/div><\/div><div id=\"pg-16-2\"  class=\"panel-grid panel-no-style\" ><div id=\"pgc-16-2-0\"  class=\"panel-grid-cell\" ><div id=\"panel-16-2-0-0\" class=\"so-panel widget widget_sow-editor panel-first-child panel-last-child\" data-index=\"3\" ><div\n\t\t\t\n\t\t\tclass=\"so-widget-sow-editor so-widget-sow-editor-base\"\n\t\t\t\n\t\t>\n<div class=\"siteorigin-widget-tinymce textwidget\">\n\t<p><span style=\"font-size: 25px;\">Bist du bereit f\u00fcr Dein wahres, leuchtendes ICH?<\/span><\/p>\n<\/div>\n<\/div><\/div><\/div><\/div><div id=\"pg-16-3\"  class=\"panel-grid panel-no-style\" ><div id=\"pgc-16-3-0\"  class=\"panel-grid-cell\" ><div id=\"panel-16-3-0-0\" class=\"so-panel widget widget_sow-editor panel-first-child panel-last-child\" data-index=\"4\" ><div\n\t\t\t\n\t\t\tclass=\"so-widget-sow-editor so-widget-sow-editor-base\"\n\t\t\t\n\t\t>\n<div class=\"siteorigin-widget-tinymce textwidget\">\n\t<p>Lass uns einzutauchen, in die Untiefen des Meeres Deines Herzens, verbinde Dich mit dem Ursprung Deines Seins. Um die Energie und das Potential Deiner Seele voll und ganz zu aktivieren und ins Hier-und-Jetzt zu bringen. Lass uns die alten Schw\u00fcre und Eide, Glaubenss\u00e4tze und Denkmuster&nbsp; entkr\u00e4ften, aufl\u00f6sen und verabschieden. Stosse Dich dann mit voller Kraft ab, dem Sonnenlicht entgegen mit einem neuen Blickfeld, einer nie gekannten St\u00e4rke, in Deine ganzen Sch\u00f6pferkraft - verbunden mit allem was ist und lebt. Stehe fest verwurzelt an deinen Platz und lass deinen inneren Funken, dein wundervollen Licht, hell leuchten. Werde wiedergeboren und lebe Dein volles SEIN.<\/p>\n<\/div>\n<\/div><\/div><\/div><div id=\"pgc-16-3-1\"  class=\"panel-grid-cell\" ><div id=\"panel-16-3-1-0\" class=\"so-panel widget widget_sow-image panel-first-child panel-last-child\" data-index=\"5\" ><div\n\t\t\t\n\t\t\tclass=\"so-widget-sow-image so-widget-sow-image-default-8b5b6f678277-16\"\n\t\t\t\n\t\t>\n<div class=\"sow-image-container\">\n\t\t\t<a href=\"https:\/\/annamcara.ch\/htm\/anna\/\"\n\t\t\t\t\t>\n\t\t\t<img \n\tsrc=\"https:\/\/annamcara.ch\/htm\/wp-content\/uploads\/AnnamCara-Weisheit-WELLENREITEN.jpg\" width=\"900\" height=\"600\" srcset=\"https:\/\/annamcara.ch\/htm\/wp-content\/uploads\/AnnamCara-Weisheit-WELLENREITEN.jpg 900w, https:\/\/annamcara.ch\/htm\/wp-content\/uploads\/AnnamCara-Weisheit-WELLENREITEN-300x200.jpg 300w, https:\/\/annamcara.ch\/htm\/wp-content\/uploads\/AnnamCara-Weisheit-WELLENREITEN-768x512.jpg 768w, https:\/\/annamcara.ch\/htm\/wp-content\/uploads\/AnnamCara-Weisheit-WELLENREITEN-272x182.jpg 272w\" sizes=\"(max-width: 706px) 89vw, (max-width: 767px) 82vw, 740px\" title=\"Foto - Anna&#039;mCara - Weisheit - WELLENREITEN\" alt=\"Foto - Anna&#039;mCara - Weisheit - WELLENREITEN\" \t\tclass=\"so-widget-image\"\/>\n\t\t\t<\/a><\/div>\n\n<\/div><\/div><\/div><\/div><div id=\"pg-16-4\"  class=\"panel-grid panel-no-style\" ><div id=\"pgc-16-4-0\"  class=\"panel-grid-cell\" ><div id=\"panel-16-4-0-0\" class=\"so-panel widget widget_sow-editor panel-first-child panel-last-child\" data-index=\"6\" ><div\n\t\t\t\n\t\t\tclass=\"so-widget-sow-editor so-widget-sow-editor-base\"\n\t\t\t\n\t\t>\n<div class=\"siteorigin-widget-tinymce textwidget\">\n\t<p>Hier bist Du mit allem was&nbsp;Du bist und was Dich ausmacht:<br \/>\n<span style=\"font-family: American Retro; font-size:45px;\"<strong>Herzlich Willkommen<\/span><br \/>\n<span style=\"color: #993333;\"><strong>Ich freue mich auf Dich.<\/strong><\/span><br \/>\nAnna Katherina<\/p>\n<\/div>\n<\/div><\/div><\/div><\/div><\/div>","protected":false},"excerpt":{"rendered":"<p>Folge deinem inneren Licht, dem Ruf deiner Seele Gerne begleite ich dich mit meinem Wissen, meinen Gaben und der F\u00e4higkeit, Br\u00fccken zu bauen, ein St\u00fcck auf deinem Weg. Ich freue mich auf unser Zusammenkommen und das gemeinsame WIR &#8211; ob in meiner Praxis in Boltigen, bei einer Online-Beratung, einem Seminar, einer Innenbildung, oder in einer &hellip; <\/p>\n<p class=\"link-more\"><a href=\"https:\/\/annamcara.ch\/htm\/\" class=\"more-link\"><span class=\"screen-reader-text\">\u201eHerzlich Willkommen\u201c<\/span> weiterlesen<\/a><\/p>\n","protected":false},"author":1,"featured_media":0,"parent":0,"menu_order":0,"comment_status":"closed","ping_status":"closed","template":"","meta":{"ngg_post_thumbnail":0,"footnotes":""},"class_list":["post-16","page","type-page","status-publish","hentry"],"_links":{"self":[{"href":"https:\/\/annamcara.ch\/htm\/wp-json\/wp\/v2\/pages\/16","targetHints":{"allow":["GET"]}}],"collection":[{"href":"https:\/\/annamcara.ch\/htm\/wp-json\/wp\/v2\/pages"}],"about":[{"href":"https:\/\/annamcara.ch\/htm\/wp-json\/wp\/v2\/types\/page"}],"author":[{"embeddable":true,"href":"https:\/\/annamcara.ch\/htm\/wp-json\/wp\/v2\/users\/1"}],"replies":[{"embeddable":true,"href":"https:\/\/annamcara.ch\/htm\/wp-json\/wp\/v2\/comments?post=16"}],"version-history":[{"count":1028,"href":"https:\/\/annamcara.ch\/htm\/wp-json\/wp\/v2\/pages\/16\/revisions"}],"predecessor-version":[{"id":19449,"href":"https:\/\/annamcara.ch\/htm\/wp-json\/wp\/v2\/pages\/16\/revisions\/19449"}],"wp:attachment":[{"href":"https:\/\/annamcara.ch\/htm\/wp-json\/wp\/v2\/media?parent=16"}],"curies":[{"name":"wp","href":"https:\/\/api.w.org\/{rel}","templated":true}]}}