{"id":15109,"date":"2022-11-02T14:28:04","date_gmt":"2022-11-02T13:28:04","guid":{"rendered":"https:\/\/annamcara.ch\/htm\/?page_id=15109"},"modified":"2023-12-13T11:16:08","modified_gmt":"2023-12-13T10:16:08","slug":"schmetterling","status":"publish","type":"page","link":"https:\/\/annamcara.ch\/htm\/anna\/schmetterling\/","title":{"rendered":"Schmetterlings-Geschichte"},"content":{"rendered":"<div id=\"pl-15109\"  class=\"panel-layout\" ><div id=\"pg-15109-0\"  class=\"panel-grid panel-no-style\" ><div id=\"pgc-15109-0-0\"  class=\"panel-grid-cell\" ><div id=\"panel-15109-0-0-0\" class=\"so-panel widget widget_sow-editor panel-first-child panel-last-child\" data-index=\"0\" ><div\n\t\t\t\n\t\t\tclass=\"so-widget-sow-editor so-widget-sow-editor-base\"\n\t\t\t\n\t\t>\n<div class=\"siteorigin-widget-tinymce textwidget\">\n\t<h3><strong>Die Transformation - Schmetterlingsymbolik<\/strong><\/h3>\n<p>Auf jeder Hauptseite meines Webauftritts findet ihr zu unterst immer einen \"Chakra-Hinweis\" mit einem Schmetterling-Symbol. Es startet beim Wurzel-Chakra mit dem Ei und endet beim Scheitel-Chakra mit dem Schmetterling. Dazwischen liegt die Transformation, die Entwicklung und das Lernen, Verstehen, Umsetzen.<\/p>\n<\/div>\n<\/div><\/div><\/div><\/div><div id=\"pg-15109-1\"  class=\"panel-grid panel-no-style\" ><div id=\"pgc-15109-1-0\"  class=\"panel-grid-cell\" ><div id=\"panel-15109-1-0-0\" class=\"so-panel widget widget_sow-image panel-first-child panel-last-child\" data-index=\"1\" ><div\n\t\t\t\n\t\t\tclass=\"so-widget-sow-image so-widget-sow-image-default-8b5b6f678277-15109\"\n\t\t\t\n\t\t>\n<div class=\"sow-image-container\">\n\t\t<img \n\tsrc=\"https:\/\/annamcara.ch\/htm\/wp-content\/uploads\/anna-schmetterling-ei.png\" width=\"173\" height=\"120\" sizes=\"(max-width: 173px) 100vw, 173px\" title=\"Anna&#039;mCara - Anna - Basis - Das Schmetterling - Ei\" alt=\"Anna&#039;mCara - Anna - Basis - Das Schmetterling - Ei\" \t\tclass=\"so-widget-image\"\/>\n\t<\/div>\n\n<\/div><\/div><\/div><div id=\"pgc-15109-1-1\"  class=\"panel-grid-cell\" ><div id=\"panel-15109-1-1-0\" class=\"so-panel widget widget_sow-image panel-first-child panel-last-child\" data-index=\"2\" ><div\n\t\t\t\n\t\t\tclass=\"so-widget-sow-image so-widget-sow-image-default-8b5b6f678277-15109\"\n\t\t\t\n\t\t>\n<div class=\"sow-image-container\">\n\t\t<img \n\tsrc=\"https:\/\/annamcara.ch\/htm\/wp-content\/uploads\/anna-schmetterling-raupe.png\" width=\"173\" height=\"120\" sizes=\"(max-width: 173px) 100vw, 173px\" title=\"Anna&#039;mCara - Anna - Basis - Das Schmetterling - Raupe \" alt=\"Anna&#039;mCara - Anna - Basis - Das Schmetterling - Raupe \" \t\tclass=\"so-widget-image\"\/>\n\t<\/div>\n\n<\/div><\/div><\/div><div id=\"pgc-15109-1-2\"  class=\"panel-grid-cell\" ><div id=\"panel-15109-1-2-0\" class=\"so-panel widget widget_sow-image panel-first-child panel-last-child\" data-index=\"3\" ><div\n\t\t\t\n\t\t\tclass=\"so-widget-sow-image so-widget-sow-image-default-8b5b6f678277-15109\"\n\t\t\t\n\t\t>\n<div class=\"sow-image-container\">\n\t\t<img \n\tsrc=\"https:\/\/annamcara.ch\/htm\/wp-content\/uploads\/anna-schmetterling-grosse-raupe.png\" width=\"173\" height=\"120\" sizes=\"(max-width: 173px) 100vw, 173px\" title=\"Anna&#039;mCara - Anna - Basis - Das Schmetterling - Raupe in Gross\" alt=\"Anna&#039;mCara - Anna - Basis - Das Schmetterling - Raupe in Gross\" \t\tclass=\"so-widget-image\"\/>\n\t<\/div>\n\n<\/div><\/div><\/div><div id=\"pgc-15109-1-3\"  class=\"panel-grid-cell\" ><div id=\"panel-15109-1-3-0\" class=\"so-panel widget widget_sow-image panel-first-child panel-last-child\" data-index=\"4\" ><div\n\t\t\t\n\t\t\tclass=\"so-widget-sow-image so-widget-sow-image-default-8b5b6f678277-15109\"\n\t\t\t\n\t\t>\n<div class=\"sow-image-container\">\n\t\t<img \n\tsrc=\"https:\/\/annamcara.ch\/htm\/wp-content\/uploads\/Schmetterling_Kokon.png\" width=\"173\" height=\"120\" sizes=\"(max-width: 173px) 100vw, 173px\" title=\"Anna&#039;mCara - Anna - Basis - Das Schmetterling - Kokon \" alt=\"Anna&#039;mCara - Anna - Basis - Das Schmetterling - Kokon \" \t\tclass=\"so-widget-image\"\/>\n\t<\/div>\n\n<\/div><\/div><\/div><div id=\"pgc-15109-1-4\"  class=\"panel-grid-cell\" ><div id=\"panel-15109-1-4-0\" class=\"so-panel widget widget_sow-image panel-first-child panel-last-child\" data-index=\"5\" ><div\n\t\t\t\n\t\t\tclass=\"so-widget-sow-image so-widget-sow-image-default-8b5b6f678277-15109\"\n\t\t\t\n\t\t>\n<div class=\"sow-image-container\">\n\t\t<img \n\tsrc=\"https:\/\/annamcara.ch\/htm\/wp-content\/uploads\/kontakt-schmetterling-entsteht.png\" width=\"173\" height=\"120\" sizes=\"(max-width: 173px) 100vw, 173px\" title=\"Anna&#039;mCara - Anna - Basis - Das Schmetterling - Schmetterling entsteht\" alt=\"Anna&#039;mCara - Anna - Basis - Das Schmetterling - Schmetterling entsteht\" \t\tclass=\"so-widget-image\"\/>\n\t<\/div>\n\n<\/div><\/div><\/div><div id=\"pgc-15109-1-5\"  class=\"panel-grid-cell\" ><div id=\"panel-15109-1-5-0\" class=\"so-panel widget widget_sow-image panel-first-child panel-last-child\" data-index=\"6\" ><div\n\t\t\t\n\t\t\tclass=\"so-widget-sow-image so-widget-sow-image-default-8b5b6f678277-15109\"\n\t\t\t\n\t\t>\n<div class=\"sow-image-container\">\n\t\t<img \n\tsrc=\"https:\/\/annamcara.ch\/htm\/wp-content\/uploads\/link-schmetterling-entpuppt.png\" width=\"173\" height=\"120\" sizes=\"(max-width: 173px) 100vw, 173px\" title=\"Anna&#039;mCara - Anna - Basis - Das Schmetterling - Der Schmetterling entpuppt sich\" alt=\"Anna&#039;mCara - Anna - Basis - Das Schmetterling - Der Schmetterling entpuppt sich\" \t\tclass=\"so-widget-image\"\/>\n\t<\/div>\n\n<\/div><\/div><\/div><div id=\"pgc-15109-1-6\"  class=\"panel-grid-cell\" ><div id=\"panel-15109-1-6-0\" class=\"so-panel widget widget_sow-image panel-first-child panel-last-child\" data-index=\"7\" ><div\n\t\t\t\n\t\t\tclass=\"so-widget-sow-image so-widget-sow-image-default-8b5b6f678277-15109\"\n\t\t\t\n\t\t>\n<div class=\"sow-image-container\">\n\t\t<img \n\tsrc=\"https:\/\/annamcara.ch\/htm\/wp-content\/uploads\/Schmetterling_fliegend.png\" width=\"173\" height=\"120\" sizes=\"(max-width: 173px) 100vw, 173px\" title=\"Anna&#039;mCara - Anna - Basis - Das Schmetterling - Schmetterling fliegend\" alt=\"Anna&#039;mCara - Anna - Basis - Das Schmetterling - Schmetterling fliegend\" \t\tclass=\"so-widget-image\"\/>\n\t<\/div>\n\n<\/div><\/div><\/div><\/div><div id=\"pg-15109-2\"  class=\"panel-grid panel-no-style\" ><div id=\"pgc-15109-2-0\"  class=\"panel-grid-cell\" ><div id=\"panel-15109-2-0-0\" class=\"so-panel widget widget_sow-editor panel-first-child panel-last-child\" data-index=\"8\" ><div\n\t\t\t\n\t\t\tclass=\"so-widget-sow-editor so-widget-sow-editor-base\"\n\t\t\t\n\t\t>\n<div class=\"siteorigin-widget-tinymce textwidget\">\n\t<p>Warum findet ihr dies auf meiner Website? Warum gerade der Schmetterling mich begleitet, hat eigentlich verschiedene Gr\u00fcnde. Einer davon ist die Geschichte, die mich sehr ber\u00fchrte. Sie kam in mein Leben, als ich wohl mitten in der Zwischenzeit war und ich mir wirklich dachte:<\/p>\n<\/div>\n<\/div><\/div><\/div><\/div><div id=\"pg-15109-3\"  class=\"panel-grid panel-no-style\" ><div id=\"pgc-15109-3-0\"  class=\"panel-grid-cell\" ><div id=\"panel-15109-3-0-0\" class=\"so-panel widget widget_sow-editor panel-first-child panel-last-child\" data-index=\"9\" ><div\n\t\t\t\n\t\t\tclass=\"so-widget-sow-editor so-widget-sow-editor-base\"\n\t\t\t\n\t\t>\n<div class=\"siteorigin-widget-tinymce textwidget\">\n\t<p><em>Wenn sich der Schmetterling seiner engen H\u00fclle entledigt hat, faltet er langsam seine Fl\u00fcgel aus. Doch stehen sie nicht im Vordergrund, denn zun\u00e4chst ist er gl\u00fccklich und dankbar, dass er die Verpuppungsphase \u00fcberwunden hat. Die wohl schwierigste und wichtigste Hingabe in seinem Leben hat er nun hinter sich. Er hat sich aus der Aufl\u00f6sung in ein anderes Wesen gewandelt und das hat ihn viel Kraft gekostet. Noch begreift er nicht recht, was ihm da geschehen ist. Also ruht er weiterhin, um sich seiner ganz gewahr zu werden. St\u00e4rkt sich an einem Blatt, trinkt etwas Tau. Und erst dann bewegt er vorsichtig die neue Erscheinung an seinem K\u00f6rper, um zu testen, was ihm das Ungewohnte bringen mag.<\/em><\/p>\n<\/div>\n<\/div><\/div><\/div><div id=\"pgc-15109-3-1\"  class=\"panel-grid-cell\" ><div id=\"panel-15109-3-1-0\" class=\"so-panel widget widget_sow-image panel-first-child panel-last-child\" data-index=\"10\" ><div\n\t\t\t\n\t\t\tclass=\"so-widget-sow-image so-widget-sow-image-default-8b5b6f678277-15109\"\n\t\t\t\n\t\t>\n<div class=\"sow-image-container\">\n\t\t<img \n\tsrc=\"https:\/\/annamcara.ch\/htm\/wp-content\/uploads\/annamcara-titelbild-schmetterlinge.png\" width=\"2000\" height=\"1200\" srcset=\"https:\/\/annamcara.ch\/htm\/wp-content\/uploads\/annamcara-titelbild-schmetterlinge.png 2000w, https:\/\/annamcara.ch\/htm\/wp-content\/uploads\/annamcara-titelbild-schmetterlinge-300x180.png 300w, https:\/\/annamcara.ch\/htm\/wp-content\/uploads\/annamcara-titelbild-schmetterlinge-768x461.png 768w, https:\/\/annamcara.ch\/htm\/wp-content\/uploads\/annamcara-titelbild-schmetterlinge-1024x614.png 1024w\" sizes=\"(max-width: 706px) 89vw, (max-width: 767px) 82vw, 740px\" title=\"Anna&#039;mCara - Anna - Ethik - IST- Weisheit\" alt=\"Anna&#039;mCara - Anna - Ethik - IST- Weisheit\" \t\tclass=\"so-widget-image\"\/>\n\t<\/div>\n\n<\/div><\/div><\/div><\/div><div id=\"pg-15109-4\"  class=\"panel-grid panel-no-style\" ><div id=\"pgc-15109-4-0\"  class=\"panel-grid-cell\" ><div id=\"panel-15109-4-0-0\" class=\"so-panel widget widget_sow-editor panel-first-child panel-last-child\" data-index=\"11\" ><div\n\t\t\t\n\t\t\tclass=\"so-widget-sow-editor so-widget-sow-editor-base\"\n\t\t\t\n\t\t>\n<div class=\"siteorigin-widget-tinymce textwidget\">\n\t<p><em>Diese Phase des Ruhens und erneuten Insichgehens ist lebenswichtig. Denn w\u00fcrde er, ohne sich seiner voll bewusst zu sein, los fliegen, k\u00e4me er nicht weit. Und erst dann, wenn er genug Kraft gesammelt hat, erhebt er sich und fliegt schillernd in die Freiheit.<br \/>\n<strong>Doch in keinem Moment zweifelt er daran, dass ihm das, wie er jetzt ist, zusteht.<\/strong><br \/>\nDass er genau so sein soll. Und fliegen wird. Er weiss, es ist seine Bestimmung, ein Schmetterling zu sein. Und er weiss auch, dass jedes Gehen und Werden seine Zeit braucht.<\/em><\/p>\n<p>Und weil wir Menschen diese Transformation auf unserem Lebensweg mehrere Male durchlaufen, uns aufl\u00f6sen, alles Alte ablegen, um uns neu und immer strahlender zu erschaffen, begleitet die Anna'mCara der Schmetterling. Zwei Schmetterlinge sind es auf meinem Foto, weil es f\u00fcr uns Menschen auch darum geht, uns in unserer Dualit\u00e4t wahrzunehmen. Die Dualit\u00e4t zwischen dem Mensch-Sein und dem Seelen-Ich. Wir lernen d\u00fcrfen, dass wir heil werden, wenn wir diese beiden in allen Bed\u00fcrfnissen und W\u00fcnschen erkennen, ausleben und verschmelzen k\u00f6nnen. <\/p>\n<p>Die Geschichte des Schmetterlings erinnert mich immer wieder daran, dass wir uns Zeit nehmen, Geduld mit uns selbst haben d\u00fcrfen, um uns in dem neuen Abschnitt und nach der Transformation wieder als solches ganze Wesen wahrzunehmen. Denn wir neigen dazu, nach jeder dieser Phasen vorschnelle Entscheidungen zu treffen. Wir nehmen uns oft nicht die wichtige Zeit, uns in unserem ge\u00e4nderten Sein zu entdecken und anzunehmen. Wir wollen immer sofort fliegen, weil wir so froh sind, dass ein beengender, schwerer und krasser Prozess bzw. Abschnitt unseres Lebens vor\u00fcber ist. Und weil wir uns heil f\u00fchlen, sind wir erstaunt dar\u00fcber, dass wir uns schnell ersch\u00f6pft f\u00fchlen. Das, obwohl wir die neuen Fl\u00fcgel sp\u00fcren, es also leichter sein sollte und wir endlich fliegen wollen.<br \/>\nDie Geschichte des Schmetterlings erinnert mich daran, dass die neuen Fl\u00fcgel ihr eigenes Gewicht mit sich bringen. Sie mir noch fremd und ungewohnt sind. Dass sie eine Verantwortung und eine Aufgabe mit sich bringen. Ich erst Kraft brauche, um diesem Gewicht gerecht zu werden und um meinen K\u00f6rper mit ihnen in die L\u00fcfte zu tragen. Wir lernen in der Ruhe und der Achtsamkeit, mit ihnen umzugehen, sie richtig einzusetzen und ihre ganze Kraft, Macht und Energie zu n\u00fctzen. Darum sollte wir darauf achten, unsere Fl\u00fcgel zu sch\u00fctzen. Sie sind zart und zerbrechlich und jede unbedachte Bewegung k\u00f6nnte sie verletzen, auch weil wir mit ihnen vorher noch nie geflogen sind.<\/p>\n<p>Meine Absicht ist es, dich zu begleiten durch die Transformation, dir deine Fl\u00fcgel zu zeigen, dich und deine Seele verschmelzen zu lassen, dir mit einem L\u00e4cheln auf dem Gesicht deiner Dualit\u00e4t bewusst zu werden und dich daran zu erinnern, dass du dir die Zeit nimmst, deine Ver\u00e4nderung und den Glanz deiner neuen Fl\u00fcgel zu geniessen. Dich dar\u00fcber freuen darfst, dass du neue Fl\u00fcgel hast. Daf\u00fcr brauchst du noch nicht fliegen zu k\u00f6nnen. Sei dir aber bewusst, dass der Moment kommt, an dem du fliegen wirst. Denn deine Bestimmung ist nicht dort sitzen zu bleiben, wo du gerade bist, sondern dich in die L\u00fcfte zu erheben und die Freiheit deines Seins zu geniessen.<\/p>\n<\/div>\n<\/div><\/div><\/div><\/div><div id=\"pg-15109-5\"  class=\"panel-grid panel-no-style\" ><div id=\"pgc-15109-5-0\"  class=\"panel-grid-cell\" ><div id=\"panel-15109-5-0-0\" class=\"so-panel widget widget_sow-editor panel-first-child panel-last-child\" data-index=\"12\" ><div\n\t\t\t\n\t\t\tclass=\"so-widget-sow-editor so-widget-sow-editor-base\"\n\t\t\t\n\t\t>\n<div class=\"siteorigin-widget-tinymce textwidget\">\n\t<hr \/>\n<\/div>\n<\/div><\/div><\/div><\/div><div id=\"pg-15109-6\"  class=\"panel-grid panel-no-style\" ><div id=\"pgc-15109-6-0\"  class=\"panel-grid-cell\" ><div id=\"panel-15109-6-0-0\" class=\"so-panel widget widget_sow-editor panel-first-child panel-last-child\" data-index=\"13\" ><div\n\t\t\t\n\t\t\tclass=\"so-widget-sow-editor so-widget-sow-editor-base\"\n\t\t\t\n\t\t>\n<div class=\"siteorigin-widget-tinymce textwidget\">\n\t<h3><strong>Schamanisches Krafttier Schmetterling<\/strong><\/h3>\n<\/div>\n<\/div><\/div><\/div><\/div><div id=\"pg-15109-7\"  class=\"panel-grid panel-no-style\" ><div id=\"pgc-15109-7-0\"  class=\"panel-grid-cell\" ><div id=\"panel-15109-7-0-0\" class=\"so-panel widget widget_sow-image panel-first-child panel-last-child\" data-index=\"14\" ><div\n\t\t\t\n\t\t\tclass=\"so-widget-sow-image so-widget-sow-image-default-8b5b6f678277-15109\"\n\t\t\t\n\t\t>\n<div class=\"sow-image-container\">\n\t\t<img \n\tsrc=\"https:\/\/annamcara.ch\/htm\/wp-content\/uploads\/AmC-Schmetterlingskopf.png\" width=\"1200\" height=\"829\" srcset=\"https:\/\/annamcara.ch\/htm\/wp-content\/uploads\/AmC-Schmetterlingskopf.png 1200w, https:\/\/annamcara.ch\/htm\/wp-content\/uploads\/AmC-Schmetterlingskopf-300x207.png 300w, https:\/\/annamcara.ch\/htm\/wp-content\/uploads\/AmC-Schmetterlingskopf-1024x707.png 1024w, https:\/\/annamcara.ch\/htm\/wp-content\/uploads\/AmC-Schmetterlingskopf-768x531.png 768w\" sizes=\"(max-width: 706px) 89vw, (max-width: 767px) 82vw, 740px\" title=\"Anna&#039;mCara - Schmetterlingskopf - Schamanisches Krafttier Schmetterling\" alt=\"Anna&#039;mCara - Schmetterlingskopf - Schamanisches Krafttier Schmetterling\" \t\tclass=\"so-widget-image\"\/>\n\t<\/div>\n\n<\/div><\/div><\/div><div id=\"pgc-15109-7-1\"  class=\"panel-grid-cell\" ><div id=\"panel-15109-7-1-0\" class=\"so-panel widget widget_sow-editor panel-first-child panel-last-child\" data-index=\"15\" ><div\n\t\t\t\n\t\t\tclass=\"so-widget-sow-editor so-widget-sow-editor-base\"\n\t\t\t\n\t\t>\n<div class=\"siteorigin-widget-tinymce textwidget\">\n\t<p>Begleitet dich der Schmetterling als Krafttier, darfst du die machtvolle St\u00e4rke der inneren Metamorphose, der seelischen und k\u00f6rperlichen Transformation erfahren. Er bringt als Tiergeist Wandlung, Leichtigkeit und Verspieltheit in dein Leben und k\u00fcndigt grosse Ver\u00e4nderungen an.<br \/>\nDieses Krafttier zeigt dir auf, dass du bereits viel zu lange schwere Themen und Erinnerungen mit dir tr\u00e4gst, die dich nach unten ziehen, dich am Fliegen hindern. Es kommt deshalb zu dir, damit du die Leichtigkeit des Seins wieder sp\u00fcren darfst und all den unn\u00f6tigen Ballast abwerfen wagst. Damit du deine Fl\u00fcgel ausbreiten, abheben und deine Freiheit geniessen kannst.<\/p>\n<\/div>\n<\/div><\/div><\/div><\/div><div id=\"pg-15109-8\"  class=\"panel-grid panel-no-style\" ><div id=\"pgc-15109-8-0\"  class=\"panel-grid-cell\" ><div id=\"panel-15109-8-0-0\" class=\"so-panel widget widget_sow-editor panel-first-child panel-last-child\" data-index=\"16\" ><div\n\t\t\t\n\t\t\tclass=\"so-widget-sow-editor so-widget-sow-editor-base\"\n\t\t\t\n\t\t>\n<div class=\"siteorigin-widget-tinymce textwidget\">\n\t<p>Wie die Raupe des Schmetterlings sich verpuppt und als Schmetterling wiedergeboren wird, so sollen auch wir uns immer mal wieder verpuppen d\u00fcrfen. Einen Schlussstrich ziehen und alles Unn\u00f6tige, all den Ballast und alles, was nicht mehr zu unserem h\u00f6chsten Wohl ist, hinter uns lassen. Um uns dann zu wandeln und in ein neues, klares, leichtes, verspieltes und weiterhin spannendes Leben zu starten. Hast du erst die Reinigung und den Erneuerungsprozess des Schmetterlings durchlaufen, so wirst du dich neugeboren f\u00fchlen.<\/p>\n<p>Folge deinem inneren Schmetterling, dass deine Seele erwachen darf, du neue Welten erkunden und dich als neues Wesen der Dualit\u00e4t kennenlernen kannst.<\/p>\n<p><em>Anna'mCara - Deine Seelenbegleiterin<\/em><\/p>\n<\/div>\n<\/div><\/div><\/div><\/div><\/div>","protected":false},"excerpt":{"rendered":"<p>Die Transformation &#8211; Schmetterlingsymbolik Auf jeder Hauptseite meines Webauftritts findet ihr zu unterst immer einen &#8222;Chakra-Hinweis&#8220; mit einem Schmetterling-Symbol. Es startet beim Wurzel-Chakra mit dem Ei und endet beim Scheitel-Chakra mit dem Schmetterling. Dazwischen liegt die Transformation, die Entwicklung und das Lernen, Verstehen, Umsetzen.<\/p>\n","protected":false},"author":1,"featured_media":0,"parent":97,"menu_order":5,"comment_status":"closed","ping_status":"closed","template":"","meta":{"ngg_post_thumbnail":0,"footnotes":""},"class_list":["post-15109","page","type-page","status-publish","hentry"],"_links":{"self":[{"href":"https:\/\/annamcara.ch\/htm\/wp-json\/wp\/v2\/pages\/15109","targetHints":{"allow":["GET"]}}],"collection":[{"href":"https:\/\/annamcara.ch\/htm\/wp-json\/wp\/v2\/pages"}],"about":[{"href":"https:\/\/annamcara.ch\/htm\/wp-json\/wp\/v2\/types\/page"}],"author":[{"embeddable":true,"href":"https:\/\/annamcara.ch\/htm\/wp-json\/wp\/v2\/users\/1"}],"replies":[{"embeddable":true,"href":"https:\/\/annamcara.ch\/htm\/wp-json\/wp\/v2\/comments?post=15109"}],"version-history":[{"count":46,"href":"https:\/\/annamcara.ch\/htm\/wp-json\/wp\/v2\/pages\/15109\/revisions"}],"predecessor-version":[{"id":17526,"href":"https:\/\/annamcara.ch\/htm\/wp-json\/wp\/v2\/pages\/15109\/revisions\/17526"}],"up":[{"embeddable":true,"href":"https:\/\/annamcara.ch\/htm\/wp-json\/wp\/v2\/pages\/97"}],"wp:attachment":[{"href":"https:\/\/annamcara.ch\/htm\/wp-json\/wp\/v2\/media?parent=15109"}],"curies":[{"name":"wp","href":"https:\/\/api.w.org\/{rel}","templated":true}]}}