{"id":1194,"date":"2017-12-15T15:12:24","date_gmt":"2017-12-15T15:12:24","guid":{"rendered":"http:\/\/annamcara.ch\/htm\/?page_id=1194"},"modified":"2023-10-03T19:46:05","modified_gmt":"2023-10-03T18:46:05","slug":"rueckmeldungen","status":"publish","type":"page","link":"https:\/\/annamcara.ch\/htm\/rueckmeldungen\/","title":{"rendered":"R\u00fcckmeldungen"},"content":{"rendered":"<div id=\"pl-1194\"  class=\"panel-layout\" ><div id=\"pg-1194-0\"  class=\"panel-grid panel-no-style\" ><div id=\"pgc-1194-0-0\"  class=\"panel-grid-cell\" ><div id=\"panel-1194-0-0-0\" class=\"so-panel widget widget_sow-editor panel-first-child panel-last-child\" data-index=\"0\" ><div\n\t\t\t\n\t\t\tclass=\"so-widget-sow-editor so-widget-sow-editor-base\"\n\t\t\t\n\t\t>\n<div class=\"siteorigin-widget-tinymce textwidget\">\n\t<h3 style=\"color: #6699cc; font-family: Century Gothic;\"><strong>Erfahrungsberichte...<\/strong><\/h3>\n<p>Menschen, die sich mir anvertraut haben, teilen hier ihre Erfahrung und ihre Empfindungen zu meiner Begleitung, meinem Wirken, meiner Arbeit und der Ver\u00e4nderung, der Erleichterung und der Transformation, welche sie erfahren durften.<br \/>\nIch danke euch allen, dass ihr mir euer Vertrauen geschenkt habt und den Mut hattet, auf eure innere Stimme zu h\u00f6ren, eure Sehnsucht wahrzunehmen und die Ver\u00e4nderung selbst in die Hand zu nehmen.<\/p>\n<p><span style=\"font-family: Arial; color: #6699cc;\"><strong>Herzlichst\u00a0<\/strong><\/span><br \/>\nAnna\u00a0 - Anna'mCara<\/p>\n<\/div>\n<\/div><\/div><\/div><div id=\"pgc-1194-0-1\"  class=\"panel-grid-cell\" ><div id=\"panel-1194-0-1-0\" class=\"so-panel widget widget_sow-image panel-first-child panel-last-child\" data-index=\"1\" ><div\n\t\t\t\n\t\t\tclass=\"so-widget-sow-image so-widget-sow-image-default-e4c2d9f6c920-1194\"\n\t\t\t\n\t\t>\n<div class=\"sow-image-container\">\n\t\t\t<a href=\"https:\/\/annamcara.ch\/htm\/anna\/schmetterling\/\"\n\t\t\ttarget=\"_blank\" rel=\"noopener noreferrer\" \t\t>\n\t\t\t<img \n\tsrc=\"https:\/\/annamcara.ch\/htm\/wp-content\/uploads\/kontakt-schmetterling-entsteht.png\" width=\"173\" height=\"120\" sizes=\"(max-width: 173px) 100vw, 173px\" title=\"Bild - R\u00fcckmeldungen - Der Schmetterling schl\u00fcpft\" alt=\"Bild - R\u00fcckmeldungen - Der Schmetterling schl\u00fcpft\" \t\tclass=\"so-widget-image\"\/>\n\t\t\t<\/a><\/div>\n\n<\/div><\/div><\/div><\/div><div id=\"pg-1194-1\"  class=\"panel-grid panel-no-style\" ><div id=\"pgc-1194-1-0\"  class=\"panel-grid-cell\" ><div id=\"panel-1194-1-0-0\" class=\"so-panel widget widget_sow-image panel-first-child\" data-index=\"2\" ><div\n\t\t\t\n\t\t\tclass=\"so-widget-sow-image so-widget-sow-image-default-8b5b6f678277-1194\"\n\t\t\t\n\t\t>\n<div class=\"sow-image-container\">\n\t\t<img \n\tsrc=\"https:\/\/annamcara.ch\/htm\/wp-content\/uploads\/annamcara-rueckmeldung-dankesbild.jpg\" width=\"2000\" height=\"708\" srcset=\"https:\/\/annamcara.ch\/htm\/wp-content\/uploads\/annamcara-rueckmeldung-dankesbild.jpg 2000w, https:\/\/annamcara.ch\/htm\/wp-content\/uploads\/annamcara-rueckmeldung-dankesbild-300x106.jpg 300w, https:\/\/annamcara.ch\/htm\/wp-content\/uploads\/annamcara-rueckmeldung-dankesbild-1024x362.jpg 1024w, https:\/\/annamcara.ch\/htm\/wp-content\/uploads\/annamcara-rueckmeldung-dankesbild-768x272.jpg 768w, https:\/\/annamcara.ch\/htm\/wp-content\/uploads\/annamcara-rueckmeldung-dankesbild-1536x544.jpg 1536w\" sizes=\"(max-width: 706px) 89vw, (max-width: 767px) 82vw, 740px\" title=\"Anna&#039;mCara - R\u00fcckmeldungen - Danke\" alt=\"Anna&#039;mCara - R\u00fcckmeldungen - Danke\" \t\tclass=\"so-widget-image\"\/>\n\t<\/div>\n\n<\/div><\/div><div id=\"panel-1194-1-0-1\" class=\"so-panel widget widget_sow-editor panel-last-child\" data-index=\"3\" ><div\n\t\t\t\n\t\t\tclass=\"so-widget-sow-editor so-widget-sow-editor-base\"\n\t\t\t\n\t\t>\n<div class=\"siteorigin-widget-tinymce textwidget\">\n\t<hr \/>\n<\/div>\n<\/div><\/div><\/div><\/div><div id=\"pg-1194-2\"  class=\"panel-grid panel-no-style\" ><div id=\"pgc-1194-2-0\"  class=\"panel-grid-cell\" ><div id=\"panel-1194-2-0-0\" class=\"so-panel widget widget_sow-editor panel-first-child panel-last-child\" data-index=\"4\" ><div\n\t\t\t\n\t\t\tclass=\"so-widget-sow-editor so-widget-sow-editor-base\"\n\t\t\t\n\t\t>\n<div class=\"siteorigin-widget-tinymce textwidget\">\n\t<h3 style=\"text-align: center;\">Eure R\u00fcckmeldungen zu folgenden Bereichen<\/h3>\n<\/div>\n<\/div><\/div><\/div><\/div><div id=\"pg-1194-3\"  class=\"panel-grid panel-no-style\" ><div id=\"pgc-1194-3-0\"  class=\"panel-grid-cell\" ><div id=\"panel-1194-3-0-0\" class=\"so-panel widget widget_sow-button panel-first-child panel-last-child\" data-index=\"5\" ><div\n\t\t\t\n\t\t\tclass=\"so-widget-sow-button so-widget-sow-button-atom-768b8ef5a03e-1194\"\n\t\t\t\n\t\t><div class=\"ow-button-base ow-button-align-center\"\n>\n\t\t\t<a\n\t\t\t\t\thref=\"#seminare\"\n\t\t\t\t\tclass=\"sowb-button ow-icon-placement-left ow-button-hover\" \t>\n\t\t<span>\n\t\t\t\n\t\t\tSEMINARE\t\t<\/span>\n\t\t\t<\/a>\n\t<\/div>\n<\/div><\/div><\/div><div id=\"pgc-1194-3-1\"  class=\"panel-grid-cell\" ><div id=\"panel-1194-3-1-0\" class=\"so-panel widget widget_sow-button panel-first-child panel-last-child\" data-index=\"6\" ><div\n\t\t\t\n\t\t\tclass=\"so-widget-sow-button so-widget-sow-button-atom-1abff5a06298-1194\"\n\t\t\t\n\t\t><div class=\"ow-button-base ow-button-align-center\"\n>\n\t\t\t<a\n\t\t\t\t\thref=\"#angebot\"\n\t\t\t\t\tclass=\"sowb-button ow-icon-placement-left ow-button-hover\" \t>\n\t\t<span>\n\t\t\t\n\t\t\tANGEBOT\t\t<\/span>\n\t\t\t<\/a>\n\t<\/div>\n<\/div><\/div><\/div><div id=\"pgc-1194-3-2\"  class=\"panel-grid-cell\" ><div id=\"panel-1194-3-2-0\" class=\"so-panel widget widget_sow-button panel-first-child panel-last-child\" data-index=\"7\" ><div\n\t\t\t\n\t\t\tclass=\"so-widget-sow-button so-widget-sow-button-atom-bdf4f3fd5126-1194\"\n\t\t\t\n\t\t><div class=\"ow-button-base ow-button-align-center\"\n>\n\t\t\t<a\n\t\t\t\t\thref=\"#schmuck\"\n\t\t\t\t\tclass=\"sowb-button ow-icon-placement-left ow-button-hover\" \t>\n\t\t<span>\n\t\t\t\n\t\t\tSCHMUCK\t\t<\/span>\n\t\t\t<\/a>\n\t<\/div>\n<\/div><\/div><\/div><\/div><div id=\"pg-1194-4\"  class=\"panel-grid panel-no-style\" ><div id=\"pgc-1194-4-0\"  class=\"panel-grid-cell\" ><div id=\"panel-1194-4-0-0\" class=\"so-panel widget widget_sow-editor panel-first-child panel-last-child\" data-index=\"8\" ><div\n\t\t\t\n\t\t\tclass=\"so-widget-sow-editor so-widget-sow-editor-base\"\n\t\t\t\n\t\t>\n<div class=\"siteorigin-widget-tinymce textwidget\">\n\t<hr \/>\n<\/div>\n<\/div><\/div><\/div><\/div><div id=\"pg-1194-5\"  class=\"panel-grid panel-no-style\" ><div id=\"pgc-1194-5-0\"  class=\"panel-grid-cell\" ><div id=\"panel-1194-5-0-0\" class=\"so-panel widget widget_sow-editor panel-first-child\" data-index=\"9\" ><div\n\t\t\t\n\t\t\tclass=\"so-widget-sow-editor so-widget-sow-editor-base\"\n\t\t\t\n\t\t>\n<div class=\"siteorigin-widget-tinymce textwidget\">\n\t<h3 id=\"seminare\" style=\"color: #6699cc; font-family: Century Gothic;\"><strong>Meine Seminare - eure Meinungen<\/strong><\/h3>\n<\/div>\n<\/div><\/div><div id=\"panel-1194-5-0-1\" class=\"so-panel widget widget_sow-image\" data-index=\"10\" ><div\n\t\t\t\n\t\t\tclass=\"so-widget-sow-image so-widget-sow-image-default-8b5b6f678277-1194\"\n\t\t\t\n\t\t>\n<div class=\"sow-image-container\">\n\t\t<img \n\tsrc=\"https:\/\/annamcara.ch\/htm\/wp-content\/uploads\/annamcara-rueckmeldung-seminare.jpg\" width=\"2000\" height=\"708\" srcset=\"https:\/\/annamcara.ch\/htm\/wp-content\/uploads\/annamcara-rueckmeldung-seminare.jpg 2000w, https:\/\/annamcara.ch\/htm\/wp-content\/uploads\/annamcara-rueckmeldung-seminare-300x106.jpg 300w, https:\/\/annamcara.ch\/htm\/wp-content\/uploads\/annamcara-rueckmeldung-seminare-1024x362.jpg 1024w, https:\/\/annamcara.ch\/htm\/wp-content\/uploads\/annamcara-rueckmeldung-seminare-768x272.jpg 768w, https:\/\/annamcara.ch\/htm\/wp-content\/uploads\/annamcara-rueckmeldung-seminare-1536x544.jpg 1536w\" sizes=\"(max-width: 706px) 89vw, (max-width: 767px) 82vw, 740px\" title=\"Anna&#039;mCara - R\u00fcckmeldungen - Seminare\" alt=\"Anna&#039;mCara - R\u00fcckmeldungen - Seminare\" \t\tclass=\"so-widget-image\"\/>\n\t<\/div>\n\n<\/div><\/div><div id=\"panel-1194-5-0-2\" class=\"so-panel widget widget_sow-editor panel-last-child\" data-index=\"11\" ><div\n\t\t\t\n\t\t\tclass=\"so-widget-sow-editor so-widget-sow-editor-base\"\n\t\t\t\n\t\t>\n<div class=\"siteorigin-widget-tinymce textwidget\">\n\t<p><em>Liebe Anna, deine Kr\u00e4uter-Newsletter sind mega. So ausf\u00fchrlich und verst\u00e4ndlich, sowie mit Rezepten die man wirklich brauchen kann und einem gut tun. Einfach nur TOLL. Danke.<\/em><br \/>\n<small><strong><a href=\"https:\/\/annamcara.ch\/htm\/seminare\/kraeuter-newsletter\/\" rel=\"noopener\" target=\"_blank\" title=\"Zur Informationsseite - Seminare - Kr\u00e4uter-Newsletter von Anna'mCara\">Kr\u00e4uter-Newsletter<\/a><\/strong> - Sandra L.<\/small><\/p>\n<p><em>Liebe Anna, deine Ritual-Newsletter sind bis jetzt echt der Hammer. Finde sie gut beschrieben, klar f\u00fcr mich und hab meine Kreativit\u00e4t voll ausgelebt und die Rituale umgesetzt. Total happy mit den Beuteln, die mich jetzt immer begleiten.<\/em><br \/>\n<small><strong><a href=\"https:\/\/annamcara.ch\/htm\/seminare\/ritual-newsletter\/\" rel=\"noopener\" target=\"_blank\" title=\"Zur Informationsseite - Seminare - Ritual-Newsletter von Anna'mCara\">Ritual-Newsletter<\/a><\/strong> - Anina H.<\/small><\/p>\n<p><em>Herzlichen Dank f\u00fcr den Newsletter mit dem Ritual. Eine wunderbare Idee... habe sie gleich in die Tat umgesetzt und freue mich.<\/em><br \/>\n<small><strong><a href=\"https:\/\/annamcara.ch\/htm\/seminare\/ritual-newsletter\/\" rel=\"noopener\" target=\"_blank\" title=\"Zur Informationsseite - Seminare - Ritual-Newsletter von Anna'mCara\">Ritual-Newsletter<\/a><\/strong> - Deborah R.<\/small><\/p>\n<p><em>Liebi Anna, eifach Danke f\u00fcr dis Da-si uf so viune \u00c4benine, di Chraft u Sicherheit wo du \u00fcs derd\u00fcr g\u00e4h hesch - es isch e richtige Wohlf\u00fcehltag gsi u Gruppe het eifach passt, o danke a die wunderbare L\u00fct.<\/em><br \/>\n<small><strong><a href=\"https:\/\/annamcara.ch\/htm\/seminare\/aufstellungstage\/\" rel=\"noopener\" target=\"_blank\" title=\"Zur Informationsseite - Seminare - Schamanische Aufstellungstage mit Anna'mCara\">Schamanischer Aufstellungstag<\/a><\/strong> - Ruth M.<\/small><\/p>\n<p><em>Meinen herzlichsten Gl\u00fcckwunsch zu deinem mehr als gelungenen Kurseinstieg: Deine rundum stimmige, gehaltvolle, kreative wie kompetente Art und Weise, Familienaufstellungen zu leiten, wertsch\u00e4tze ich mit Freude, Achtung, Wertsch\u00e4tzung und grosser Dankbarkeit! Auf dass viiiiiiele Menschen heilsame Familienaufstellungen in deiner Obhut erleben werden !!! Wie sch\u00f6n, dass du mit deinen Talenten unser Leben mitbereicherst ! <\/em><br \/>\n<small><strong><a href=\"https:\/\/annamcara.ch\/htm\/seminare\/aufstellungstage\/\" rel=\"noopener\" target=\"_blank\" title=\"Zur Informationsseite - Seminare - Schamanische Aufstellungstage mit Anna'mCara\">Schamanischer Aufstellungstag<\/a><\/strong> - Anna Barbara G.<\/small><\/p>\n<p><em>Hey Anna, ha dir no vo Herze w\u00f6lle gratuliere zu dim wundervolle u sehr glungene Start mit dine Seminar. S het sech agf\u00fchlt als w\u00fcrdsch es scho ewig mache u s het sehr professionell uf mi gw\u00fcrkt. Ja... bisch w\u00fcrklech meh als rif gsi. I w\u00fcnsche dir uf dim W\u00e4g ganz viel Erfolg u i bi sicher d\u00e4 wirsch ha. Seg h\u00e4rzlech umarmt.<\/em><br \/>\n<small><strong><a href=\"https:\/\/annamcara.ch\/htm\/seminare\/aufstellungstage\/\" rel=\"noopener\" target=\"_blank\" title=\"Zur Informationsseite - Seminare - Schamanische Aufstellungstage mit Anna'mCara\">Schamanischer Aufstellungstag<\/a><\/strong> - Simone H.<\/small><\/p>\n<\/div>\n<\/div><\/div><\/div><\/div><div id=\"pg-1194-6\"  class=\"panel-grid panel-no-style\" ><div id=\"pgc-1194-6-0\"  class=\"panel-grid-cell\" ><div id=\"panel-1194-6-0-0\" class=\"so-panel widget widget_sow-editor panel-first-child panel-last-child\" data-index=\"12\" ><div\n\t\t\t\n\t\t\tclass=\"so-widget-sow-editor so-widget-sow-editor-base\"\n\t\t\t\n\t\t>\n<div class=\"siteorigin-widget-tinymce textwidget\">\n\t<hr \/>\n<\/div>\n<\/div><\/div><\/div><\/div><div id=\"pg-1194-7\"  class=\"panel-grid panel-no-style\" ><div id=\"pgc-1194-7-0\"  class=\"panel-grid-cell\" ><div id=\"panel-1194-7-0-0\" class=\"so-panel widget widget_sow-editor panel-first-child\" data-index=\"13\" ><div\n\t\t\t\n\t\t\tclass=\"so-widget-sow-editor so-widget-sow-editor-base\"\n\t\t\t\n\t\t>\n<div class=\"siteorigin-widget-tinymce textwidget\">\n\t<h3 id=\"angebot\" style=\"color: #6699cc; font-family: Century Gothic;\"><strong>Meine Begleitung - eure Transformation<\/strong><\/h3>\n<\/div>\n<\/div><\/div><div id=\"panel-1194-7-0-1\" class=\"so-panel widget widget_sow-image\" data-index=\"14\" ><div\n\t\t\t\n\t\t\tclass=\"so-widget-sow-image so-widget-sow-image-default-8b5b6f678277-1194\"\n\t\t\t\n\t\t>\n<div class=\"sow-image-container\">\n\t\t<img \n\tsrc=\"https:\/\/annamcara.ch\/htm\/wp-content\/uploads\/annamcara-rueckmeldung-angebot.jpg\" width=\"2000\" height=\"708\" srcset=\"https:\/\/annamcara.ch\/htm\/wp-content\/uploads\/annamcara-rueckmeldung-angebot.jpg 2000w, https:\/\/annamcara.ch\/htm\/wp-content\/uploads\/annamcara-rueckmeldung-angebot-300x106.jpg 300w, https:\/\/annamcara.ch\/htm\/wp-content\/uploads\/annamcara-rueckmeldung-angebot-1024x362.jpg 1024w, https:\/\/annamcara.ch\/htm\/wp-content\/uploads\/annamcara-rueckmeldung-angebot-768x272.jpg 768w, https:\/\/annamcara.ch\/htm\/wp-content\/uploads\/annamcara-rueckmeldung-angebot-1536x544.jpg 1536w\" sizes=\"(max-width: 706px) 89vw, (max-width: 767px) 82vw, 740px\" title=\"Anna&#039;mCara - R\u00fcckmeldungen - Angebot\" alt=\"Anna&#039;mCara - R\u00fcckmeldungen - Angebot\" \t\tclass=\"so-widget-image\"\/>\n\t<\/div>\n\n<\/div><\/div><div id=\"panel-1194-7-0-2\" class=\"so-panel widget widget_sow-editor panel-last-child\" data-index=\"15\" ><div\n\t\t\t\n\t\t\tclass=\"so-widget-sow-editor so-widget-sow-editor-base\"\n\t\t\t\n\t\t>\n<div class=\"siteorigin-widget-tinymce textwidget\">\n\t<p><em>Du hast etwas tief Verborgenes in meinem Innersten mit so viel Aufrichtigkeit und Liebe ber\u00fchrt, dass das, was einst gebrochen war wieder ganz werden durfte. Ich f\u00fchlte mich besch\u00fctzt und geborgen, eingeh\u00fcllt in eine tiefe Liebe. Ich danke dir von Herzen.<\/em><br \/>\n<small><strong>Schamanische Heilarbeit<\/strong> - Simone H.<\/small><\/p>\n<p><em>Liebe Anna, was f\u00fcr ein eindr\u00fcckliches Erlebnis. Danke von ganzem Herzen, dass du mir so kurzfristig und \u00fcber diese Distanz helfen konntest. Ich h\u00e4tte nie, wirklich nie gedacht, dass ich deine Arbeit so intensiv sp\u00fcre, wenn ich mich tausend Kilometer von dir entfernt hinlege und entspanne, w\u00e4hrend du arbeitest. Einfach nochmals Danke von Herz zu Herz.<\/em><br \/>\n<small><strong>Schamanische Fernbehandlung \u00fcber Zoom<\/strong> - Claudia S.<\/small><\/p>\n<p><em>Seelenbotschaften bei Anna sind einfach super und nach der Behandlung \u00fcber den Messenger f\u00fchle ich mich beruhigt und sehr ausgeglichen und pl\u00f6tzlich macht alles Sinn. Ich kann es jedem weiterempfehlen. Ich danke dir von Herzen und auch die Rituale, welche du einem auf den Weg mitgibst sind so hilfreich.<\/em><br \/>\n<small><strong>Seelengefl\u00fcster \u00fcber Messanger<\/strong> - Jennifer A.<\/small><\/p>\n<p><em>Vielen, vielen Dank daf\u00fcr...ich hatte gerade so eine tiefe G\u00e4nsehaut und Tr\u00e4nen schossen mir in die Augen...von Herzen...Danke!<\/em><br \/>\n<small><strong>Seelengefl\u00fcster \u00fcber Mail<\/strong> - Jacqueline M.<\/small><\/p>\n<p><em>Liebe Anna, jetzt bekomme ich totale G\u00e4nsehaut! Es passt so gut, ber\u00fchrt mich. Viiiielen Dank!<\/em><br \/>\n<small><strong>Seelengefl\u00fcster \u00fcber Messenger<\/strong> - Monika M.<\/small><\/p>\n<p><em>Anna, ich danke dir, du gibst mir Trost und Kraft! Ich danke Dir, dass Du mir geschrieben hast! Ich umarme Dich innig und liebevoll!<\/em><br \/>\n<small><strong>Seelengefl\u00fcster \u00fcber Mail<\/strong> - Sonja R.<\/small><\/p>\n<\/div>\n<\/div><\/div><\/div><\/div><div id=\"pg-1194-8\"  class=\"panel-grid panel-no-style\" ><div id=\"pgc-1194-8-0\"  class=\"panel-grid-cell\" ><div id=\"panel-1194-8-0-0\" class=\"so-panel widget widget_sow-editor panel-first-child panel-last-child\" data-index=\"16\" ><div\n\t\t\t\n\t\t\tclass=\"so-widget-sow-editor so-widget-sow-editor-base\"\n\t\t\t\n\t\t>\n<div class=\"siteorigin-widget-tinymce textwidget\">\n\t<hr \/>\n<\/div>\n<\/div><\/div><\/div><\/div><div id=\"pg-1194-9\"  class=\"panel-grid panel-no-style\" ><div id=\"pgc-1194-9-0\"  class=\"panel-grid-cell\" ><div id=\"panel-1194-9-0-0\" class=\"so-panel widget widget_sow-editor panel-first-child\" data-index=\"17\" ><div\n\t\t\t\n\t\t\tclass=\"so-widget-sow-editor so-widget-sow-editor-base\"\n\t\t\t\n\t\t>\n<div class=\"siteorigin-widget-tinymce textwidget\">\n\t<h3 id=\"schmuck\" style=\"color: #6699cc; font-family: Century Gothic;\"><strong> Mein Seelenschmuck - dein Empfinden<\/strong><\/h3>\n<\/div>\n<\/div><\/div><div id=\"panel-1194-9-0-1\" class=\"so-panel widget widget_sow-image\" data-index=\"18\" ><div\n\t\t\t\n\t\t\tclass=\"so-widget-sow-image so-widget-sow-image-default-8b5b6f678277-1194\"\n\t\t\t\n\t\t>\n<div class=\"sow-image-container\">\n\t\t<img \n\tsrc=\"https:\/\/annamcara.ch\/htm\/wp-content\/uploads\/annamcara-rueckmeldung-schmuck.jpg\" width=\"2000\" height=\"708\" srcset=\"https:\/\/annamcara.ch\/htm\/wp-content\/uploads\/annamcara-rueckmeldung-schmuck.jpg 2000w, https:\/\/annamcara.ch\/htm\/wp-content\/uploads\/annamcara-rueckmeldung-schmuck-300x106.jpg 300w, https:\/\/annamcara.ch\/htm\/wp-content\/uploads\/annamcara-rueckmeldung-schmuck-1024x362.jpg 1024w, https:\/\/annamcara.ch\/htm\/wp-content\/uploads\/annamcara-rueckmeldung-schmuck-768x272.jpg 768w, https:\/\/annamcara.ch\/htm\/wp-content\/uploads\/annamcara-rueckmeldung-schmuck-1536x544.jpg 1536w\" sizes=\"(max-width: 706px) 89vw, (max-width: 767px) 82vw, 740px\" title=\"Anna&#039;mCara - R\u00fcckmeldungen - Schmuck\" alt=\"Anna&#039;mCara - R\u00fcckmeldungen - Schmuck\" \t\tclass=\"so-widget-image\"\/>\n\t<\/div>\n\n<\/div><\/div><div id=\"panel-1194-9-0-2\" class=\"so-panel widget widget_sow-editor panel-last-child\" data-index=\"19\" ><div\n\t\t\t\n\t\t\tclass=\"so-widget-sow-editor so-widget-sow-editor-base\"\n\t\t\t\n\t\t>\n<div class=\"siteorigin-widget-tinymce textwidget\">\n\t<p><em>Liebe Anna, was f\u00fcr ein kraftvolles Runen-Amulett du mir da gezaubert hast. Ich bin ruhig gereist, f\u00fchlte mich stets sicher und geborgen, gut gef\u00fchrt und echt jetzt, dass muss ich dir erz\u00e4hlen. Wir waren mitten in Kanada und haben uns verfahren. Leichte \u00c4ngste stiegen auf, kleinere Panikattacke wollte sich breit machen und da f\u00fchlte ich diese W\u00e4rme auf meinem Herzen, das Amulett. Mein Partner meinte: \"Jetzt h\u00e4ngen wir das Amulett an den R\u00fcckspiegel, bin sicher es wird uns den Weg zeigen.\" Er ist ja sonst nicht so, ich war sprachlos und siehe da, es war immer klar wie weiter und nach 5 Minuten waren wir wieder auf der Hauptstrasse. Ach, ich bin so froh, dass ich mich betreffend meiner \u00c4ngste f\u00fcr die Reise bei dir gemeldet hab und jetzt einen so wundervollen Begleiter, nicht nur f\u00fcr Reisen, mein Eigen nennen darf. <\/em><br \/>\n<small><strong>Pers\u00f6nliches Runen-Amulett<\/strong> - Sonja K.<\/small><\/p>\n<p><em>Liebe Anna, ich bin sprachlos und hab Tr\u00e4nen in den Augen. Meine <a href=\"https:\/\/annamcara.ch\/htm\/produkte\/schmuck\/seelenmala\/\" rel=\"noopener\" target=\"_blank\">Seelen-Mala<\/a> hat mich grad umgehauen. Ausgepackt und schockverliebt. Trage sie seit \u00fcber einer Stunde und bin soooo ruhig und f\u00fchle mich gef\u00fchrt. DANKE! Die geb ich bestimmt nicht mehr her \u2665 und \u00fcbrigens die Muschel als Schale f\u00fcr die Mala ist so genial und ein echter Hingucker. Herzlichen DANK empfehle dich von Herzen weiter. <\/em><br \/>\n<small><strong>Pers\u00f6nliche Seelenmala<\/strong> - Mareike F.<\/small><\/p>\n<\/div>\n<\/div><\/div><\/div><\/div><div id=\"pg-1194-10\"  class=\"panel-grid panel-no-style\" ><div id=\"pgc-1194-10-0\"  class=\"panel-grid-cell\" ><div id=\"panel-1194-10-0-0\" class=\"so-panel widget widget_sow-editor panel-first-child panel-last-child\" data-index=\"20\" ><div\n\t\t\t\n\t\t\tclass=\"so-widget-sow-editor so-widget-sow-editor-base\"\n\t\t\t\n\t\t>\n<div class=\"siteorigin-widget-tinymce textwidget\">\n\t<hr \/>\n<\/div>\n<\/div><\/div><\/div><\/div><div id=\"pg-1194-11\"  class=\"panel-grid panel-no-style\" ><div id=\"pgc-1194-11-0\"  class=\"panel-grid-cell\" ><div id=\"panel-1194-11-0-0\" class=\"so-panel widget widget_sow-editor panel-first-child panel-last-child\" data-index=\"21\" ><div\n\t\t\t\n\t\t\tclass=\"so-widget-sow-editor so-widget-sow-editor-base\"\n\t\t\t\n\t\t>\n<div class=\"siteorigin-widget-tinymce textwidget\">\n\t<h2 class=\"entry-title\">Chakras<\/h2>\n<\/div>\n<\/div><\/div><\/div><\/div><div id=\"pg-1194-12\"  class=\"panel-grid panel-no-style\" ><div id=\"pgc-1194-12-0\"  class=\"panel-grid-cell\" ><div id=\"panel-1194-12-0-0\" class=\"so-panel widget widget_sow-editor panel-first-child panel-last-child\" data-index=\"22\" ><div\n\t\t\t\n\t\t\tclass=\"so-widget-sow-editor so-widget-sow-editor-base\"\n\t\t\t\n\t\t>\n<div class=\"siteorigin-widget-tinymce textwidget\">\n\t<h4 style=\"color: #6699cc;\"><strong>5. Chakra - Hals- \/ Kehlchakra<\/strong><\/h4>\n<p><span style=\"font-size: 1.1rem;\"><strong>Kommunikation - Zusammentreffen<\/strong> - Teile Dich uns mit.<br \/>\nIm k\u00f6rpereigenen Kommunikationszentrum, wo Gef\u00fchle und Gedanken ausgetauscht werden und die Kreativit\u00e4t ihren Anfang findet. Nimm Kontakt zu Deinem Seelen-Bewusstsein auf.<\/span><\/p>\n<\/div>\n<\/div><\/div><\/div><div id=\"pgc-1194-12-1\"  class=\"panel-grid-cell\" ><div id=\"panel-1194-12-1-0\" class=\"so-panel widget widget_sow-image panel-first-child panel-last-child\" data-index=\"23\" ><div\n\t\t\t\n\t\t\tclass=\"so-widget-sow-image so-widget-sow-image-default-e4c2d9f6c920-1194\"\n\t\t\t\n\t\t>\n<div class=\"sow-image-container\">\n\t\t\t<a href=\"https:\/\/annamcara.ch\/htm\/anna\/schmetterling\/\"\n\t\t\ttarget=\"_blank\" rel=\"noopener noreferrer\" \t\t>\n\t\t\t<img \n\tsrc=\"https:\/\/annamcara.ch\/htm\/wp-content\/uploads\/kontakt-schmetterling-entsteht.png\" width=\"173\" height=\"120\" sizes=\"(max-width: 173px) 100vw, 173px\" title=\"Bild - 5. Chakra - Der Schmetterling schl\u00fcpft\" alt=\"Bild - 5. Chakra - Der Schmetterling schl\u00fcpft\" \t\tclass=\"so-widget-image\"\/>\n\t\t\t<\/a><\/div>\n\n<\/div><\/div><\/div><\/div><div id=\"pg-1194-13\"  class=\"panel-grid panel-no-style\" ><div id=\"pgc-1194-13-0\"  class=\"panel-grid-cell\" ><div id=\"panel-1194-13-0-0\" class=\"so-panel widget widget_sow-image panel-first-child panel-last-child\" data-index=\"24\" ><div\n\t\t\t\n\t\t\tclass=\"so-widget-sow-image so-widget-sow-image-default-8b5b6f678277-1194\"\n\t\t\t\n\t\t>\n<div class=\"sow-image-container\">\n\t\t<img \n\tsrc=\"https:\/\/annamcara.ch\/htm\/wp-content\/uploads\/AnnamCara-Rueckmeldungen-Bild.png\" width=\"900\" height=\"600\" srcset=\"https:\/\/annamcara.ch\/htm\/wp-content\/uploads\/AnnamCara-Rueckmeldungen-Bild.png 900w, https:\/\/annamcara.ch\/htm\/wp-content\/uploads\/AnnamCara-Rueckmeldungen-Bild-300x200.png 300w, https:\/\/annamcara.ch\/htm\/wp-content\/uploads\/AnnamCara-Rueckmeldungen-Bild-768x512.png 768w, https:\/\/annamcara.ch\/htm\/wp-content\/uploads\/AnnamCara-Rueckmeldungen-Bild-272x182.png 272w\" sizes=\"(max-width: 706px) 89vw, (max-width: 767px) 82vw, 740px\" title=\"Foto - R\u00fcckmeldungen - Kommunikation - Anna&#039;m&#039;Cara\" alt=\"Foto - R\u00fcckmeldungen - Kommunikation - Anna&#039;m&#039;Cara\" \t\tclass=\"so-widget-image\"\/>\n\t<\/div>\n\n<\/div><\/div><\/div><div id=\"pgc-1194-13-1\"  class=\"panel-grid-cell\" ><div id=\"panel-1194-13-1-0\" class=\"so-panel widget widget_sow-image panel-first-child panel-last-child\" data-index=\"25\" ><div\n\t\t\t\n\t\t\tclass=\"so-widget-sow-image so-widget-sow-image-default-8b5b6f678277-1194\"\n\t\t\t\n\t\t>\n<div class=\"sow-image-container\">\n\t\t<img \n\tsrc=\"https:\/\/annamcara.ch\/htm\/wp-content\/uploads\/AnnamCara-Rueckmeldungen-Weisheit.png\" width=\"900\" height=\"600\" srcset=\"https:\/\/annamcara.ch\/htm\/wp-content\/uploads\/AnnamCara-Rueckmeldungen-Weisheit.png 900w, https:\/\/annamcara.ch\/htm\/wp-content\/uploads\/AnnamCara-Rueckmeldungen-Weisheit-300x200.png 300w, https:\/\/annamcara.ch\/htm\/wp-content\/uploads\/AnnamCara-Rueckmeldungen-Weisheit-768x512.png 768w, https:\/\/annamcara.ch\/htm\/wp-content\/uploads\/AnnamCara-Rueckmeldungen-Weisheit-272x182.png 272w\" sizes=\"(max-width: 706px) 89vw, (max-width: 767px) 82vw, 740px\" title=\"Weisheit - R\u00fcckmeldungen - Kommunikation - Anna&#039;m&#039;Cara\" alt=\"Weisheit - R\u00fcckmeldungen - Kommunikation - Anna&#039;m&#039;Cara\" \t\tclass=\"so-widget-image\"\/>\n\t<\/div>\n\n<\/div><\/div><\/div><\/div><\/div>","protected":false},"excerpt":{"rendered":"<p>Erfahrungsberichte&#8230; Menschen, die sich mir anvertraut haben, teilen hier ihre Erfahrung und ihre Empfindungen zu meiner Begleitung, meinem Wirken, meiner Arbeit und der Ver\u00e4nderung, der Erleichterung und der Transformation, welche sie erfahren durften. Ich danke euch allen, dass ihr mir euer Vertrauen geschenkt habt und den Mut hattet, auf eure innere Stimme zu h\u00f6ren, eure &hellip; <\/p>\n<p class=\"link-more\"><a href=\"https:\/\/annamcara.ch\/htm\/rueckmeldungen\/\" class=\"more-link\"><span class=\"screen-reader-text\">\u201eR\u00fcckmeldungen\u201c<\/span> weiterlesen<\/a><\/p>\n","protected":false},"author":1,"featured_media":0,"parent":0,"menu_order":0,"comment_status":"closed","ping_status":"closed","template":"","meta":{"ngg_post_thumbnail":0,"footnotes":""},"class_list":["post-1194","page","type-page","status-publish","hentry"],"_links":{"self":[{"href":"https:\/\/annamcara.ch\/htm\/wp-json\/wp\/v2\/pages\/1194","targetHints":{"allow":["GET"]}}],"collection":[{"href":"https:\/\/annamcara.ch\/htm\/wp-json\/wp\/v2\/pages"}],"about":[{"href":"https:\/\/annamcara.ch\/htm\/wp-json\/wp\/v2\/types\/page"}],"author":[{"embeddable":true,"href":"https:\/\/annamcara.ch\/htm\/wp-json\/wp\/v2\/users\/1"}],"replies":[{"embeddable":true,"href":"https:\/\/annamcara.ch\/htm\/wp-json\/wp\/v2\/comments?post=1194"}],"version-history":[{"count":134,"href":"https:\/\/annamcara.ch\/htm\/wp-json\/wp\/v2\/pages\/1194\/revisions"}],"predecessor-version":[{"id":17139,"href":"https:\/\/annamcara.ch\/htm\/wp-json\/wp\/v2\/pages\/1194\/revisions\/17139"}],"wp:attachment":[{"href":"https:\/\/annamcara.ch\/htm\/wp-json\/wp\/v2\/media?parent=1194"}],"curies":[{"name":"wp","href":"https:\/\/api.w.org\/{rel}","templated":true}]}}