{"id":105,"date":"2017-08-07T16:39:42","date_gmt":"2017-08-07T16:39:42","guid":{"rendered":"http:\/\/annamcara.ch\/htm\/?page_id=105"},"modified":"2025-04-28T14:17:30","modified_gmt":"2025-04-28T13:17:30","slug":"einzelbegleitung","status":"publish","type":"page","link":"https:\/\/annamcara.ch\/htm\/einzelbegleitung\/","title":{"rendered":"Angebot &#8211; Einzelbegleitung"},"content":{"rendered":"<div id=\"pl-105\"  class=\"panel-layout\" ><div id=\"pg-105-0\"  class=\"panel-grid panel-no-style\" ><div id=\"pgc-105-0-0\"  class=\"panel-grid-cell\" ><div id=\"panel-105-0-0-0\" class=\"so-panel widget widget_sow-editor panel-first-child panel-last-child\" data-index=\"0\" ><div\n\t\t\t\n\t\t\tclass=\"so-widget-sow-editor so-widget-sow-editor-base\"\n\t\t\t\n\t\t>\n<div class=\"siteorigin-widget-tinymce textwidget\">\n\t<h3 style=\"color: #009900;\"><strong>Was erwartet Dich...<\/strong><\/h3>\n<p>Du kommst immer zur richtigen, zur perfekten Zeit. Es zeigt sich, genau das, was jetzt und heute wichtig ist. Und Du bist mit allem was Dich ausmacht <span style=\"color: #009900;\"><strong>herzlich willkommen<\/strong><\/span>!<\/p>\n<\/div>\n<\/div><\/div><\/div><div id=\"pgc-105-0-1\"  class=\"panel-grid-cell\" ><div id=\"panel-105-0-1-0\" class=\"so-panel widget widget_sow-image panel-first-child panel-last-child\" data-index=\"1\" ><div\n\t\t\t\n\t\t\tclass=\"so-widget-sow-image so-widget-sow-image-default-e4c2d9f6c920-105\"\n\t\t\t\n\t\t>\n<div class=\"sow-image-container\">\n\t\t\t<a href=\"https:\/\/annamcara.ch\/htm\/anna\/schmetterling\/\"\n\t\t\ttarget=\"_blank\" rel=\"noopener noreferrer\" \t\t>\n\t\t\t<img \n\tsrc=\"https:\/\/annamcara.ch\/htm\/wp-content\/uploads\/Schmetterling_Kokon.png\" width=\"173\" height=\"120\" sizes=\"(max-width: 173px) 100vw, 173px\" title=\"Angebot &amp; Methoden - Der Schmetterlingskokon - Die Raupe wandelt sich\" alt=\"Angebot &amp; Methoden - Der Schmetterlingskokon - Die Raupe wandelt sich\" \t\tclass=\"so-widget-image\"\/>\n\t\t\t<\/a><\/div>\n\n<\/div><\/div><\/div><\/div><div id=\"pg-105-1\"  class=\"panel-grid panel-no-style\" ><div id=\"pgc-105-1-0\"  class=\"panel-grid-cell\" ><div id=\"panel-105-1-0-0\" class=\"so-panel widget widget_sow-image panel-first-child panel-last-child\" data-index=\"2\" ><div\n\t\t\t\n\t\t\tclass=\"so-widget-sow-image so-widget-sow-image-default-8b5b6f678277-105\"\n\t\t\t\n\t\t>\n<div class=\"sow-image-container\">\n\t\t<img \n\tsrc=\"https:\/\/annamcara.ch\/htm\/wp-content\/uploads\/AnnamCara-AngebotMethode-Startseite-Spruchbild.png\" width=\"900\" height=\"600\" srcset=\"https:\/\/annamcara.ch\/htm\/wp-content\/uploads\/AnnamCara-AngebotMethode-Startseite-Spruchbild.png 900w, https:\/\/annamcara.ch\/htm\/wp-content\/uploads\/AnnamCara-AngebotMethode-Startseite-Spruchbild-300x200.png 300w, https:\/\/annamcara.ch\/htm\/wp-content\/uploads\/AnnamCara-AngebotMethode-Startseite-Spruchbild-768x512.png 768w, https:\/\/annamcara.ch\/htm\/wp-content\/uploads\/AnnamCara-AngebotMethode-Startseite-Spruchbild-272x182.png 272w\" sizes=\"(max-width: 706px) 89vw, (max-width: 767px) 82vw, 740px\" title=\"Foto - Angebot - Schmetterling Einzigartigkeit - Anna&#039;m&#039;Cara\" alt=\"Foto - Angebot - Schmetterling Einzigartigkeit - Anna&#039;m&#039;Cara\" \t\tclass=\"so-widget-image\"\/>\n\t<\/div>\n\n<\/div><\/div><\/div><div id=\"pgc-105-1-1\"  class=\"panel-grid-cell\" ><div id=\"panel-105-1-1-0\" class=\"so-panel widget widget_sow-image panel-first-child panel-last-child\" data-index=\"3\" ><div\n\t\t\t\n\t\t\tclass=\"so-widget-sow-image so-widget-sow-image-default-8b5b6f678277-105\"\n\t\t\t\n\t\t>\n<div class=\"sow-image-container\">\n\t\t<img \n\tsrc=\"https:\/\/annamcara.ch\/htm\/wp-content\/uploads\/AnnamCara-AngebotMethode-Startseite-Weisheit.png\" width=\"900\" height=\"600\" srcset=\"https:\/\/annamcara.ch\/htm\/wp-content\/uploads\/AnnamCara-AngebotMethode-Startseite-Weisheit.png 900w, https:\/\/annamcara.ch\/htm\/wp-content\/uploads\/AnnamCara-AngebotMethode-Startseite-Weisheit-300x200.png 300w, https:\/\/annamcara.ch\/htm\/wp-content\/uploads\/AnnamCara-AngebotMethode-Startseite-Weisheit-768x512.png 768w, https:\/\/annamcara.ch\/htm\/wp-content\/uploads\/AnnamCara-AngebotMethode-Startseite-Weisheit-272x182.png 272w\" sizes=\"(max-width: 706px) 89vw, (max-width: 767px) 82vw, 740px\" title=\"Weisheit - Angebot - Schmetterling Einzigartigkeit - Anna&#039;m&#039;Cara\" alt=\"Weisheit - Angebot - Schmetterling Einzigartigkeit - Anna&#039;m&#039;Cara\" \t\tclass=\"so-widget-image\"\/>\n\t<\/div>\n\n<\/div><\/div><\/div><\/div><div id=\"pg-105-2\"  class=\"panel-grid panel-no-style\" ><div id=\"pgc-105-2-0\"  class=\"panel-grid-cell\" ><div id=\"panel-105-2-0-0\" class=\"so-panel widget widget_sow-editor panel-first-child panel-last-child\" data-index=\"4\" ><div\n\t\t\t\n\t\t\tclass=\"so-widget-sow-editor so-widget-sow-editor-base\"\n\t\t\t\n\t\t>\n<div class=\"siteorigin-widget-tinymce textwidget\">\n\t<p>Ich werde Dir zuh\u00f6ren, Dich und Dein Sein wahrnehmen und intuitiv mit Dir gemeinsam den Weg einschlagen, der f\u00fcr Dich die Ruhe, das Gl\u00fcck und die Freude bedeutet. Es gibt keinen vorgefertigten Ablauf einer Beratung in meiner Praxis. Denn so einzigartig eine jede \/ein jeder von uns ist, so individuell sind die Wege der L\u00f6sung, des Loslassens, des Befreiens.<\/p>\n<\/div>\n<\/div><\/div><\/div><\/div><div id=\"pg-105-3\"  class=\"panel-grid panel-no-style\" ><div id=\"pgc-105-3-0\"  class=\"panel-grid-cell\" ><div id=\"panel-105-3-0-0\" class=\"so-panel widget widget_sow-editor panel-first-child panel-last-child\" data-index=\"5\" ><div\n\t\t\t\n\t\t\tclass=\"so-widget-sow-editor so-widget-sow-editor-base\"\n\t\t\t\n\t\t>\n<div class=\"siteorigin-widget-tinymce textwidget\">\n\t<p>Da ich als Deine Seelenbegleiterin mit Deiner Seele fl\u00fcstere, bin auch ich immer gef\u00fchrt, das H\u00f6chste zu Deinem Wohl und f\u00fcr das Finden Deines Weges zu tun. Ich habe einige Methoden, Rituale und Hilfsmittel, welche ich f\u00fcr deine L\u00f6sung und um dich zu dir zu f\u00fchren einsetze. Ob wir dies in meiner Praxis pers\u00f6nlich tun oder ob wir \u00fcber die Ferne miteinander kommunizieren. Alles ist m\u00f6glich.<\/p>\n<\/div>\n<\/div><\/div><\/div><\/div><div id=\"pg-105-4\"  class=\"panel-grid panel-no-style\" ><div id=\"pgc-105-4-0\"  class=\"panel-grid-cell\" ><div id=\"panel-105-4-0-0\" class=\"so-panel widget widget_sow-image panel-first-child panel-last-child\" data-index=\"6\" ><div\n\t\t\t\n\t\t\tclass=\"so-widget-sow-image so-widget-sow-image-default-8b5b6f678277-105\"\n\t\t\t\n\t\t>\n<div class=\"sow-image-container\">\n\t\t<img \n\tsrc=\"https:\/\/annamcara.ch\/htm\/wp-content\/uploads\/AnnamCara-Angebot-Start-Weg-Weisheit.png\" width=\"900\" height=\"600\" srcset=\"https:\/\/annamcara.ch\/htm\/wp-content\/uploads\/AnnamCara-Angebot-Start-Weg-Weisheit.png 900w, https:\/\/annamcara.ch\/htm\/wp-content\/uploads\/AnnamCara-Angebot-Start-Weg-Weisheit-300x200.png 300w, https:\/\/annamcara.ch\/htm\/wp-content\/uploads\/AnnamCara-Angebot-Start-Weg-Weisheit-768x512.png 768w, https:\/\/annamcara.ch\/htm\/wp-content\/uploads\/AnnamCara-Angebot-Start-Weg-Weisheit-272x182.png 272w\" sizes=\"(max-width: 706px) 89vw, (max-width: 767px) 82vw, 740px\" title=\"Weisheit - Angebot - Wege entstehen - Anna&#039;m&#039;Cara\" alt=\"Weisheit - Angebot - Wege entstehen - Anna&#039;m&#039;Cara\" \t\tclass=\"so-widget-image\"\/>\n\t<\/div>\n\n<\/div><\/div><\/div><div id=\"pgc-105-4-1\"  class=\"panel-grid-cell\" ><div id=\"panel-105-4-1-0\" class=\"so-panel widget widget_sow-image panel-first-child panel-last-child\" data-index=\"7\" ><div\n\t\t\t\n\t\t\tclass=\"so-widget-sow-image so-widget-sow-image-default-8b5b6f678277-105\"\n\t\t\t\n\t\t>\n<div class=\"sow-image-container\">\n\t\t<img \n\tsrc=\"https:\/\/annamcara.ch\/htm\/wp-content\/uploads\/AnnamCara-Angebot-Start-Weg-Spruchbild.png\" width=\"900\" height=\"600\" srcset=\"https:\/\/annamcara.ch\/htm\/wp-content\/uploads\/AnnamCara-Angebot-Start-Weg-Spruchbild.png 900w, https:\/\/annamcara.ch\/htm\/wp-content\/uploads\/AnnamCara-Angebot-Start-Weg-Spruchbild-300x200.png 300w, https:\/\/annamcara.ch\/htm\/wp-content\/uploads\/AnnamCara-Angebot-Start-Weg-Spruchbild-768x512.png 768w, https:\/\/annamcara.ch\/htm\/wp-content\/uploads\/AnnamCara-Angebot-Start-Weg-Spruchbild-272x182.png 272w\" sizes=\"(max-width: 706px) 89vw, (max-width: 767px) 82vw, 740px\" title=\"Foto - Angebot - Wege entstehen - Anna&#039;m&#039;Cara\" alt=\"Foto - Angebot - Wege entstehen - Anna&#039;m&#039;Cara\" \t\tclass=\"so-widget-image\"\/>\n\t<\/div>\n\n<\/div><\/div><\/div><\/div><div id=\"pg-105-5\"  class=\"panel-grid panel-no-style\" ><div id=\"pgc-105-5-0\"  class=\"panel-grid-cell\" ><div id=\"panel-105-5-0-0\" class=\"so-panel widget widget_sow-editor panel-first-child panel-last-child\" data-index=\"8\" ><div\n\t\t\t\n\t\t\tclass=\"so-widget-sow-editor so-widget-sow-editor-base\"\n\t\t\t\n\t\t>\n<div class=\"siteorigin-widget-tinymce textwidget\">\n\t<hr \/>\n<\/div>\n<\/div><\/div><\/div><\/div><div id=\"pg-105-6\"  class=\"panel-grid panel-no-style\" ><div id=\"pgc-105-6-0\"  class=\"panel-grid-cell panel-grid-cell-empty\" ><\/div><div id=\"pgc-105-6-1\"  class=\"panel-grid-cell panel-grid-cell-mobile-last\" ><div id=\"panel-105-6-1-0\" class=\"so-panel widget widget_sow-button panel-first-child panel-last-child\" data-index=\"9\" ><div\n\t\t\t\n\t\t\tclass=\"so-widget-sow-button so-widget-sow-button-flat-877a173e9db7-105\"\n\t\t\t\n\t\t><div class=\"ow-button-base ow-button-align-center\"\n>\n\t\t\t<a\n\t\t\t\tclass=\"sowb-button ow-icon-placement-left ow-button-hover\" target=\"_blank\" rel=\"noopener noreferrer\" \t>\n\t\t<span>\n\t\t\t\n\t\t\tEinzelbegleitungen - Mein Angebot\t\t<\/span>\n\t\t\t<\/a>\n\t<\/div>\n<\/div><\/div><\/div><div id=\"pgc-105-6-2\"  class=\"panel-grid-cell panel-grid-cell-empty\" ><\/div><\/div><div id=\"pg-105-7\"  class=\"panel-grid panel-no-style\" ><div id=\"pgc-105-7-0\"  class=\"panel-grid-cell\" ><div id=\"panel-105-7-0-0\" class=\"so-panel widget widget_sow-editor panel-first-child panel-last-child\" data-index=\"10\" ><div\n\t\t\t\n\t\t\tclass=\"so-widget-sow-editor so-widget-sow-editor-base\"\n\t\t\t\n\t\t>\n<div class=\"siteorigin-widget-tinymce textwidget\">\n\t<p style=\"text-align: center;\">Erfahre hier mehr \u00fcber meine einzelnen Angebote, die dich zur\u00fcck in deine wahre Kraft, deine Verbundenheit und deine Selbstheilung f\u00fchren. Damit du selbstbewusst, mit dem Wissen um deinen Wert und dein Potential kraftvoll deinen eigenen Weg gehen kannst. Erwecke deine kreative Sch\u00f6pferkraft, lebe dein tiefes Potential und sei frei in deinem eigenen SEIN!<\/p>\n<\/div>\n<\/div><\/div><\/div><\/div><div id=\"pg-105-8\"  class=\"panel-grid panel-no-style\" ><div id=\"pgc-105-8-0\"  class=\"panel-grid-cell\" ><div id=\"panel-105-8-0-0\" class=\"so-panel widget widget_sow-editor panel-first-child panel-last-child\" data-index=\"11\" ><div\n\t\t\t\n\t\t\tclass=\"so-widget-sow-editor so-widget-sow-editor-base\"\n\t\t\t\n\t\t>\n<div class=\"siteorigin-widget-tinymce textwidget\">\n\t<hr \/>\n<\/div>\n<\/div><\/div><\/div><\/div><div id=\"pg-105-9\"  class=\"panel-grid panel-no-style\" ><div id=\"pgc-105-9-0\"  class=\"panel-grid-cell\" ><div id=\"panel-105-9-0-0\" class=\"so-panel widget widget_sow-editor panel-first-child panel-last-child\" data-index=\"12\" ><div\n\t\t\t\n\t\t\tclass=\"so-widget-sow-editor so-widget-sow-editor-base\"\n\t\t\t\n\t\t>\n<div class=\"siteorigin-widget-tinymce textwidget\">\n\t<h3 style=\"color: #009900;\"><strong>Wo wir uns treffen<\/strong><\/h3>\n<\/div>\n<\/div><\/div><\/div><\/div><div id=\"pg-105-10\"  class=\"panel-grid panel-no-style\" ><div id=\"pgc-105-10-0\"  class=\"panel-grid-cell panel-grid-cell-empty\" ><\/div><div id=\"pgc-105-10-1\"  class=\"panel-grid-cell panel-grid-cell-mobile-last\" ><div id=\"panel-105-10-1-0\" class=\"so-panel widget widget_sow-image panel-first-child panel-last-child\" data-index=\"13\" ><div\n\t\t\t\n\t\t\tclass=\"so-widget-sow-image so-widget-sow-image-default-8b5b6f678277-105\"\n\t\t\t\n\t\t><h3 class=\"widget-title\">Praxis in Boltigen<\/h3>\n<div class=\"sow-image-container\">\n\t\t\t<a href=\"https:\/\/annamcara.ch\/htm\/kontakt\/praxis-courtetelle\/\"\n\t\t\t\t\t>\n\t\t\t<img \n\tsrc=\"https:\/\/annamcara.ch\/htm\/wp-content\/uploads\/Anna-Praxis-Aussenansicht.jpg\" width=\"900\" height=\"600\" srcset=\"https:\/\/annamcara.ch\/htm\/wp-content\/uploads\/Anna-Praxis-Aussenansicht.jpg 900w, https:\/\/annamcara.ch\/htm\/wp-content\/uploads\/Anna-Praxis-Aussenansicht-300x200.jpg 300w, https:\/\/annamcara.ch\/htm\/wp-content\/uploads\/Anna-Praxis-Aussenansicht-768x512.jpg 768w, https:\/\/annamcara.ch\/htm\/wp-content\/uploads\/Anna-Praxis-Aussenansicht-272x182.jpg 272w\" sizes=\"(max-width: 706px) 89vw, (max-width: 767px) 82vw, 740px\" title=\"Praxis in Boltigen\" alt=\"Anna&#039;mCara - Praxis in Boltigen\" \t\tclass=\"so-widget-image\"\/>\n\t\t\t<\/a><\/div>\n\n<\/div><\/div><\/div><div id=\"pgc-105-10-2\"  class=\"panel-grid-cell panel-grid-cell-empty\" ><\/div><\/div><div id=\"pg-105-11\"  class=\"panel-grid panel-no-style\" ><div id=\"pgc-105-11-0\"  class=\"panel-grid-cell\" ><div id=\"panel-105-11-0-0\" class=\"so-panel widget widget_sow-editor panel-first-child panel-last-child\" data-index=\"14\" ><div\n\t\t\t\n\t\t\tclass=\"so-widget-sow-editor so-widget-sow-editor-base\"\n\t\t\t\n\t\t>\n<div class=\"siteorigin-widget-tinymce textwidget\">\n\t<hr \/>\n<\/div>\n<\/div><\/div><\/div><\/div><div id=\"pg-105-12\"  class=\"panel-grid panel-no-style\" ><div id=\"pgc-105-12-0\"  class=\"panel-grid-cell\" ><div id=\"panel-105-12-0-0\" class=\"so-panel widget widget_sow-editor panel-first-child panel-last-child\" data-index=\"15\" ><div\n\t\t\t\n\t\t\tclass=\"so-widget-sow-editor so-widget-sow-editor-base\"\n\t\t\t\n\t\t>\n<div class=\"siteorigin-widget-tinymce textwidget\">\n\t<h2 class=\"entry-title\">Chakras<\/h2>\n<\/div>\n<\/div><\/div><\/div><\/div><div id=\"pg-105-13\"  class=\"panel-grid panel-no-style\" ><div id=\"pgc-105-13-0\"  class=\"panel-grid-cell\" ><div id=\"panel-105-13-0-0\" class=\"so-panel widget widget_sow-editor panel-first-child panel-last-child\" data-index=\"16\" ><div\n\t\t\t\n\t\t\tclass=\"so-widget-sow-editor so-widget-sow-editor-base\"\n\t\t\t\n\t\t>\n<div class=\"siteorigin-widget-tinymce textwidget\">\n\t<h4 style=\"color: #009900;\"><strong>4. Chakra - Herzchakra<\/strong><\/h4>\n<p><span style=\"font-size: 1.1rem;\"><strong>Beratungsangebot<\/strong> - Das Spektrum der M\u00f6glichkeiten<br \/>\nIm Zentrum der Liebe, wo Hingabe und Selbstlosigkeit zu Heilung f\u00fchrt, und die Wahrnehmung wohnt, da liegt der Schl\u00fcssel, sich einzuf\u00fchlen, mitzuempfinden und zu begleiten.<\/span><\/p>\n<\/div>\n<\/div><\/div><\/div><div id=\"pgc-105-13-1\"  class=\"panel-grid-cell\" ><div id=\"panel-105-13-1-0\" class=\"so-panel widget widget_sow-image panel-first-child panel-last-child\" data-index=\"17\" ><div\n\t\t\t\n\t\t\tclass=\"so-widget-sow-image so-widget-sow-image-default-e4c2d9f6c920-105\"\n\t\t\t\n\t\t>\n<div class=\"sow-image-container\">\n\t\t\t<a href=\"https:\/\/annamcara.ch\/htm\/anna\/schmetterling\/\"\n\t\t\ttarget=\"_blank\" rel=\"noopener noreferrer\" \t\t>\n\t\t\t<img \n\tsrc=\"https:\/\/annamcara.ch\/htm\/wp-content\/uploads\/Schmetterling_Kokon.png\" width=\"173\" height=\"120\" sizes=\"(max-width: 173px) 100vw, 173px\" title=\"Bild - 4. Chakra - Der Schmetterlingskokon\" alt=\"Bild - 4. Chakra - Der Schmetterlingskokon\" \t\tclass=\"so-widget-image\"\/>\n\t\t\t<\/a><\/div>\n\n<\/div><\/div><\/div><\/div><div id=\"pg-105-14\"  class=\"panel-grid panel-no-style\" ><div id=\"pgc-105-14-0\"  class=\"panel-grid-cell\" ><div id=\"panel-105-14-0-0\" class=\"so-panel widget widget_sow-image panel-first-child panel-last-child\" data-index=\"18\" ><div\n\t\t\t\n\t\t\tclass=\"so-widget-sow-image so-widget-sow-image-default-8b5b6f678277-105\"\n\t\t\t\n\t\t>\n<div class=\"sow-image-container\">\n\t\t<img \n\tsrc=\"https:\/\/annamcara.ch\/htm\/wp-content\/uploads\/AnnamCara-Angebot-Chakra-Spruchbild.png\" width=\"900\" height=\"600\" srcset=\"https:\/\/annamcara.ch\/htm\/wp-content\/uploads\/AnnamCara-Angebot-Chakra-Spruchbild.png 900w, https:\/\/annamcara.ch\/htm\/wp-content\/uploads\/AnnamCara-Angebot-Chakra-Spruchbild-300x200.png 300w, https:\/\/annamcara.ch\/htm\/wp-content\/uploads\/AnnamCara-Angebot-Chakra-Spruchbild-768x512.png 768w, https:\/\/annamcara.ch\/htm\/wp-content\/uploads\/AnnamCara-Angebot-Chakra-Spruchbild-272x182.png 272w\" sizes=\"(max-width: 706px) 89vw, (max-width: 767px) 82vw, 740px\" title=\"Foto - Angebot &amp; Methoden - von Neuem beginnen - Anna&#039;m&#039;Cara\" alt=\"Foto - Angebot &amp; Methoden - von Neuem beginnen - Anna&#039;m&#039;Cara\" \t\tclass=\"so-widget-image\"\/>\n\t<\/div>\n\n<\/div><\/div><\/div><div id=\"pgc-105-14-1\"  class=\"panel-grid-cell\" ><div id=\"panel-105-14-1-0\" class=\"so-panel widget widget_sow-image panel-first-child panel-last-child\" data-index=\"19\" ><div\n\t\t\t\n\t\t\tclass=\"so-widget-sow-image so-widget-sow-image-default-8b5b6f678277-105\"\n\t\t\t\n\t\t>\n<div class=\"sow-image-container\">\n\t\t<img \n\tsrc=\"https:\/\/annamcara.ch\/htm\/wp-content\/uploads\/AnnamCara-Seminare-Chakra-Weisheit-1.png\" width=\"900\" height=\"600\" srcset=\"https:\/\/annamcara.ch\/htm\/wp-content\/uploads\/AnnamCara-Seminare-Chakra-Weisheit-1.png 900w, https:\/\/annamcara.ch\/htm\/wp-content\/uploads\/AnnamCara-Seminare-Chakra-Weisheit-1-300x200.png 300w, https:\/\/annamcara.ch\/htm\/wp-content\/uploads\/AnnamCara-Seminare-Chakra-Weisheit-1-768x512.png 768w, https:\/\/annamcara.ch\/htm\/wp-content\/uploads\/AnnamCara-Seminare-Chakra-Weisheit-1-272x182.png 272w\" sizes=\"(max-width: 706px) 89vw, (max-width: 767px) 82vw, 740px\" title=\"Weisheit - Angebot &amp; Methoden - von Neuem beginnen - Anna&#039;m&#039;Cara\" alt=\"Weisheit - Angebot &amp; Methoden - von Neuem beginnen - Anna&#039;m&#039;Cara\" \t\tclass=\"so-widget-image\"\/>\n\t<\/div>\n\n<\/div><\/div><\/div><\/div><\/div>","protected":false},"excerpt":{"rendered":"<p>Was erwartet Dich&#8230; Du kommst immer zur richtigen, zur perfekten Zeit. Es zeigt sich, genau das, was jetzt und heute wichtig ist. Und Du bist mit allem was Dich ausmacht herzlich willkommen!<\/p>\n","protected":false},"author":1,"featured_media":0,"parent":0,"menu_order":0,"comment_status":"closed","ping_status":"closed","template":"","meta":{"ngg_post_thumbnail":0,"footnotes":""},"class_list":["post-105","page","type-page","status-publish","hentry"],"_links":{"self":[{"href":"https:\/\/annamcara.ch\/htm\/wp-json\/wp\/v2\/pages\/105","targetHints":{"allow":["GET"]}}],"collection":[{"href":"https:\/\/annamcara.ch\/htm\/wp-json\/wp\/v2\/pages"}],"about":[{"href":"https:\/\/annamcara.ch\/htm\/wp-json\/wp\/v2\/types\/page"}],"author":[{"embeddable":true,"href":"https:\/\/annamcara.ch\/htm\/wp-json\/wp\/v2\/users\/1"}],"replies":[{"embeddable":true,"href":"https:\/\/annamcara.ch\/htm\/wp-json\/wp\/v2\/comments?post=105"}],"version-history":[{"count":147,"href":"https:\/\/annamcara.ch\/htm\/wp-json\/wp\/v2\/pages\/105\/revisions"}],"predecessor-version":[{"id":19297,"href":"https:\/\/annamcara.ch\/htm\/wp-json\/wp\/v2\/pages\/105\/revisions\/19297"}],"wp:attachment":[{"href":"https:\/\/annamcara.ch\/htm\/wp-json\/wp\/v2\/media?parent=105"}],"curies":[{"name":"wp","href":"https:\/\/api.w.org\/{rel}","templated":true}]}}