{"id":1036,"date":"2017-09-13T15:03:02","date_gmt":"2017-09-13T15:03:02","guid":{"rendered":"http:\/\/annamcara.ch\/htm\/?page_id=1036"},"modified":"2023-09-12T15:24:35","modified_gmt":"2023-09-12T14:24:35","slug":"impressum","status":"publish","type":"page","link":"https:\/\/annamcara.ch\/htm\/rechtliches\/impressum\/","title":{"rendered":"Impressum"},"content":{"rendered":"<div id=\"pl-1036\"  class=\"panel-layout\" ><div id=\"pg-1036-0\"  class=\"panel-grid panel-no-style\" ><div id=\"pgc-1036-0-0\"  class=\"panel-grid-cell panel-grid-cell-mobile-last\" ><div id=\"panel-1036-0-0-0\" class=\"so-panel widget widget_sow-editor panel-first-child\" data-index=\"0\" ><div\n\t\t\t\n\t\t\tclass=\"so-widget-sow-editor so-widget-sow-editor-base\"\n\t\t\t\n\t\t><h3 class=\"widget-title\">Verantwortlich f\u00fcr den Inhalt der Webseite<\/h3>\n<div class=\"siteorigin-widget-tinymce textwidget\">\n\t<table>\n<tbody>\n<tr>\n<td>Anna'm'Cara<\/td>\n<td>Tel.:<\/td>\n<td>+41 (0)78 888 11 02<\/td>\n<\/tr>\n<tr>\n<td>Farni 443<\/td>\n<td>Mail:<\/td>\n<td>info@annamcara.ch<\/td>\n<\/tr>\n<tr>\n<td>3766 Boltigen<\/td>\n<td>URL:<\/td>\n<td>www.annamcara.ch<\/td>\n<\/tr>\n<tr>\n<td>\u00a0<\/td>\n<td>\u00a0<\/td>\n<td>\u00a0<\/td>\n<\/tr>\n<tr>\n<td><strong>vertreten durch<\/strong><\/td>\n<td colspan=\"2\">Anna K. Grubenmann<\/td>\n<\/tr>\n<\/tbody>\n<\/table>\n<\/div>\n<\/div><\/div><div id=\"panel-1036-0-0-1\" class=\"so-panel widget widget_sow-editor panel-last-child\" data-index=\"1\" ><div\n\t\t\t\n\t\t\tclass=\"so-widget-sow-editor so-widget-sow-editor-base\"\n\t\t\t\n\t\t><h3 class=\"widget-title\">Ein Unternehmen der <\/h3>\n<div class=\"siteorigin-widget-tinymce textwidget\">\n\t<table>\n<tbody>\n<tr>\n<td>Schweizer Leuchtturm GmbH<\/td>\n<td>Tel.:<\/td>\n<td>+41 (0)78 842 81 44<\/td>\n<\/tr>\n<tr>\n<td>Berglirain 11<\/td>\n<td>Mail:<\/td>\n<td>info@schweizerleuchtturm.ch<\/td>\n<\/tr>\n<tr>\n<td>8750 Glarus<\/td>\n<td>URL:<\/td>\n<td>www.schweizerleuchtturm.ch<\/td>\n<\/tr>\n<tr>\n<td>\u00a0<\/td>\n<td>\u00a0<\/td>\n<td>\u00a0<\/td>\n<\/tr>\n<tr>\n<td>\u00a0<\/td>\n<td>UID:<\/td>\n<td>CHE-114.601.117 MwSt<\/td>\n<\/tr>\n<tr>\n<td>\u00a0<\/td>\n<td>HR:<\/td>\n<td>CH-160.4.004.886-1<\/td>\n<\/tr>\n<\/tbody>\n<\/table>\n<\/div>\n<\/div><\/div><\/div><div id=\"pgc-1036-0-1\"  class=\"panel-grid-cell panel-grid-cell-empty\" ><\/div><\/div><div id=\"pg-1036-1\"  class=\"panel-grid panel-no-style\" ><div id=\"pgc-1036-1-0\"  class=\"panel-grid-cell\" ><div id=\"panel-1036-1-0-0\" class=\"so-panel widget widget_sow-editor panel-first-child panel-last-child\" data-index=\"2\" ><div\n\t\t\t\n\t\t\tclass=\"so-widget-sow-editor so-widget-sow-editor-base\"\n\t\t\t\n\t\t>\n<div class=\"siteorigin-widget-tinymce textwidget\">\n\t<hr \/>\n<\/div>\n<\/div><\/div><\/div><\/div><div id=\"pg-1036-2\"  class=\"panel-grid panel-no-style\" ><div id=\"pgc-1036-2-0\"  class=\"panel-grid-cell\" ><div id=\"panel-1036-2-0-0\" class=\"so-panel widget widget_sow-editor panel-first-child panel-last-child\" data-index=\"3\" ><div\n\t\t\t\n\t\t\tclass=\"so-widget-sow-editor so-widget-sow-editor-base\"\n\t\t\t\n\t\t><h3 class=\"widget-title\">Fotografien der Webseite<\/h3>\n<div class=\"siteorigin-widget-tinymce textwidget\">\n\t<table>\n<tbody>\n<tr>\n<td>ksm-fotografie<\/td>\n<td>Tel.:<\/td>\n<td>+41 (0)78 848 81 44<\/td>\n<\/tr>\n<tr>\n<td>Farni 443<\/td>\n<td>Mail:<\/td>\n<td>info@ksm-fotografie.ch<\/td>\n<\/tr>\n<tr>\n<td>3766 Boltigen<\/td>\n<td>URL:<\/td>\n<td>www.ksm-fotografie.ch<\/td>\n<\/tr>\n<tr>\n<td>\u00a0<\/td>\n<td>\u00a0<\/td>\n<td>\u00a0<\/td>\n<\/tr>\n<tr>\n<td><strong>vertreten durch<\/strong><\/td>\n<td colspan=\"2\">Kerem S. Maurer<\/td>\n<\/tr>\n<\/tbody>\n<\/table>\n<\/div>\n<\/div><\/div><\/div><div id=\"pgc-1036-2-1\"  class=\"panel-grid-cell\" ><div id=\"panel-1036-2-1-0\" class=\"so-panel widget widget_sow-editor panel-first-child panel-last-child\" data-index=\"4\" ><div\n\t\t\t\n\t\t\tclass=\"so-widget-sow-editor so-widget-sow-editor-base\"\n\t\t\t\n\t\t><h3 class=\"widget-title\">Webmaster \/ Webdesigner<\/h3>\n<div class=\"siteorigin-widget-tinymce textwidget\">\n\t<table>\n<tbody>\n<tr>\n<td>akg Design<\/td>\n<td>Tel.:<\/td>\n<td>+41 (0)78 888 11 02<\/td>\n<\/tr>\n<tr>\n<td>Farni 443<\/td>\n<td>Mail:<\/td>\n<td>info@akgdesign.ch<\/td>\n<\/tr>\n<tr>\n<td>3766 Boltigen<\/td>\n<td>URL:<\/td>\n<td>www.akgdesign.ch<\/td>\n<\/tr>\n<tr>\n<td>\u00a0\u00a0<\/td>\n<td>\u00a0<\/td>\n<td>\u00a0<\/td>\n<\/tr>\n<tr>\n<td><strong>vertreten durch<\/strong><\/td>\n<td colspan=\"2\">Anna K. Grubenmann<\/td>\n<\/tr>\n<\/tbody>\n<\/table>\n<\/div>\n<\/div><\/div><\/div><\/div><div id=\"pg-1036-3\"  class=\"panel-grid panel-no-style\" ><div id=\"pgc-1036-3-0\"  class=\"panel-grid-cell\" ><div id=\"panel-1036-3-0-0\" class=\"so-panel widget widget_sow-editor panel-first-child panel-last-child\" data-index=\"5\" ><div\n\t\t\t\n\t\t\tclass=\"so-widget-sow-editor so-widget-sow-editor-base\"\n\t\t\t\n\t\t>\n<div class=\"siteorigin-widget-tinymce textwidget\">\n\t<hr \/>\n<\/div>\n<\/div><\/div><\/div><\/div><div id=\"pg-1036-4\"  class=\"panel-grid panel-no-style\" ><div id=\"pgc-1036-4-0\"  class=\"panel-grid-cell\" ><div id=\"panel-1036-4-0-0\" class=\"so-panel widget widget_sow-editor panel-first-child\" data-index=\"6\" ><div\n\t\t\t\n\t\t\tclass=\"so-widget-sow-editor so-widget-sow-editor-base\"\n\t\t\t\n\t\t><h3 class=\"widget-title\">IMPRESSUM - Anna'mCara<\/h3>\n<div class=\"siteorigin-widget-tinymce textwidget\">\n\t<\/div>\n<\/div><\/div><div id=\"panel-1036-4-0-1\" class=\"so-panel widget widget_sow-editor\" data-index=\"7\" ><div\n\t\t\t\n\t\t\tclass=\"so-widget-sow-editor so-widget-sow-editor-base\"\n\t\t\t\n\t\t>\n<div class=\"siteorigin-widget-tinymce textwidget\">\n\t<p><strong>\u00a9 COPYRIGHT - Alle Rechte vorbehalten<\/strong><br \/>\nDie Webseite der Anna'mCara (ein Unternehmen der Schweizer Leuchtturm GmbH), ihre Struktur und s\u00e4mtliche darin enthaltenen Funktionalit\u00e4ten, Informationen, Daten, Texte, Bild- und Tonmaterialien sowie alle zur Funktionalit\u00e4t dieser Webseiten eingesetzten Komponenten unterliegen dem gesetzlich gesch\u00fctzten Urheberrecht der Anna'mCara. Der Webseitenbesucher darf die Inhalte nur im Rahmen der angebotenen Funktionalit\u00e4ten der Webseiten f\u00fcr seine Zeit des Websitenbesuches nutzen und erwirbt im \u00dcbrigen keinerlei Rechte an den Inhalten und den Programmen. Die kommerzielle Nutzung ohne weitere Absprachen ist nicht Rechtens.<\/p>\n<p>Eine kommerzielle Verwendung, Nachdruck und Vervielf\u00e4ltigung von Fotos und Texten einschliesslich Speicherung und Nutzung auf optischen und elektronischen Datentr\u00e4gern, auch in ver\u00e4nderter Form oder verringerter Qualit\u00e4t, ist nur nach vorheriger und zwingend schriftlicher Genehmigung durch Anna'mCara erlaubt. Die Darstellung dieser Website in fremden Frames ist nur mit schriftlicher Erlaubnis zul\u00e4ssig. Die Reproduktion, Modifikation oder Wiederverwendung ganz oder auch nur teilweise ist ohne schriftliche Genehmigung durch Anna'mCara untersagt. - S\u00e4mtliche Verst\u00f6sse werden rechtlich geahndet.<\/p>\n<p>Alle Texte, Bilder und Inhalte dieser Homepage sind urheberrechtlich gesch\u00fctzt. Lediglich f\u00fcr den privaten Gebrauch ist das Kopieren der Texte unter Angabe der Quelle und vorheriger Genehmigung erlaubt.<\/p>\n<\/div>\n<\/div><\/div><div id=\"panel-1036-4-0-2\" class=\"so-panel widget widget_sow-editor\" data-index=\"8\" ><div\n\t\t\t\n\t\t\tclass=\"so-widget-sow-editor so-widget-sow-editor-base\"\n\t\t\t\n\t\t>\n<div class=\"siteorigin-widget-tinymce textwidget\">\n\t<p><strong>HAFTUNG & SEITENINHALT<\/strong><br \/>\nAnna'mCara ist bem\u00fcht, die Informationen und Daten auf ihrer Webseite stets aktuell zu halten und auf seine Richtigkeit zu pr\u00fcfen. Dennoch \u00fcbernimmt Anna'mCara keinerlei Gew\u00e4hr f\u00fcr die Aktualit\u00e4t, Korrektheit, Vollst\u00e4ndigkeit, Qualit\u00e4t oder Verf\u00fcgbarkeit der bereitgestellten Informationen, trotz dauernder Kontrolle.<\/p>\n<p>Haftungsanspr\u00fcche gegen Anna'mCara, als Betreiber dieser Webseite, die sich auf Sch\u00e4den materieller oder ideeller Art beziehen, welche durch die Nutzung oder Nichtnutzung der zur Verf\u00fcgung gestellten Informationen bzw. durch die Nutzung fehlerhafter und unvollst\u00e4ndiger Informationen verursacht wurden, sind ausgeschlossen. Alle Angebote sind freibleibend und unverbindlich. Wir behalten uns ausdr\u00fccklich das Recht vor, Teile der Webseite sowie das gesamte Angebot ohne Ank\u00fcndigung zu ver\u00e4ndern, zu erg\u00e4nzen, zu l\u00f6schen oder die Ver\u00f6ffentlichung zeitweise oder endg\u00fcltig einzustellen.<\/p>\n<\/div>\n<\/div><\/div><div id=\"panel-1036-4-0-3\" class=\"so-panel widget widget_sow-editor\" data-index=\"9\" ><div\n\t\t\t\n\t\t\tclass=\"so-widget-sow-editor so-widget-sow-editor-base\"\n\t\t\t\n\t\t>\n<div class=\"siteorigin-widget-tinymce textwidget\">\n\t<p><strong>HAFTUNGSAUSSCHLUSS - VERWEISE \/ LINKS<\/strong><br \/>\nAnna'mCara ist bem\u00fcht, Verweise und Links, welche zur Verf\u00fcgung gestellt wurden, aktuell zu halten. Die Nutzung von Verweisen und Links auf Webseiten Dritter liegen ausserhalb des Verantwortungsbereichs von Anna'mCara. Es wird jegliche Verantwortung f\u00fcr solche Webseiten abgelehnt. Der Zugriff und die Nutzung solcher Webseiten erfolgen auf eigene Gefahr des jeweiligen Nutzers.<\/p>\n<\/div>\n<\/div><\/div><div id=\"panel-1036-4-0-4\" class=\"so-panel widget widget_sow-editor\" data-index=\"10\" ><div\n\t\t\t\n\t\t\tclass=\"so-widget-sow-editor so-widget-sow-editor-base\"\n\t\t\t\n\t\t>\n<div class=\"siteorigin-widget-tinymce textwidget\">\n\t<p name=\"datensch\" id=\"datensch\"><strong>DATENSCHUTZ<\/strong><\/p>\n<p>Die Nutzung der Webseite von Anna'mCara ist in der Regel ohne Angabe personenbezogener Daten m\u00f6glich. Soweit auf unseren Seiten personenbezogene Daten (beispielsweise Name, Anschrift oder E-Mail-Adressen) erhoben werden, erfolgt dies, soweit m\u00f6glich, stets auf freiwilliger Basis. Ihre Angaben werden bei uns vertraulich behandelt. Wir geben keinerlei Daten an Dritte weiter und verkaufen auch keine Adressen! Ihre Daten werden somit absolut vertraulich behandelt. Wir behalten uns jedoch vor, Sie per E-Mail \u00fcber Aktionen und Neuigkeiten zu informieren. Wir weisen darauf hin, dass die Daten\u00fcbertragung im Internet (z.B. bei<br \/>\nder Kommunikation per E-Mail) Sicherheitsl\u00fccken aufweisen kann. Ein l\u00fcckenloser Schutz der Daten vor dem Zugriff durch Dritte ist nicht m\u00f6glich.<\/p>\n<p>Der Nutzung von im Rahmen der Impressumspflicht ver\u00f6ffentlichten Kontaktdaten durch Dritte zur \u00dcbersendung von nicht ausdr\u00fccklich angeforderter Werbung und Informationsmaterialien wird hiermit ausdr\u00fccklich widersprochen. Die Betreiber der Seiten (namentlich: Anna'mCara) behalten sich ausdr\u00fccklich rechtliche Schritte im Falle der unverlangten Zusendung von Werbeinformationen, etwa durch Spam-Mails, vor.<\/p>\n<\/div>\n<\/div><\/div><div id=\"panel-1036-4-0-5\" class=\"so-panel widget widget_sow-editor\" data-index=\"11\" ><div\n\t\t\t\n\t\t\tclass=\"so-widget-sow-editor so-widget-sow-editor-base\"\n\t\t\t\n\t\t>\n<div class=\"siteorigin-widget-tinymce textwidget\">\n\t<p><strong>KOMMENTARE<\/strong><br \/>\nWenn Besucher Kommentare auf der Website von Anna'mCara schreiben, werden die Daten, die im Kommentar-Formular angezeigt werden, au\u00dferdem die IP-Adresse des Besuchers und den User-Agent-String (damit wird der Browser identifiziert) gesammelt, um die Erkennung von Spam zu unterst\u00fctzen.<\/p>\n<\/div>\n<\/div><\/div><div id=\"panel-1036-4-0-6\" class=\"so-panel widget widget_sow-editor\" data-index=\"12\" ><div\n\t\t\t\n\t\t\tclass=\"so-widget-sow-editor so-widget-sow-editor-base\"\n\t\t\t\n\t\t>\n<div class=\"siteorigin-widget-tinymce textwidget\">\n\t<p><strong>MEDIEN<\/strong><br \/>\nWenn ein registrierter Benutzer Fotos auf die Website von Anna'mCara l\u00e4dt, sollte vermieden werden, Fotos mit einem EXIF-GPS-Standort hochzuladen. Besucher dieser Website k\u00f6nnten Fotos, die auf dieser Website gespeichert sind, herunterladen und deren Standort-Informationen extrahieren.<\/p>\n<\/div>\n<\/div><\/div><div id=\"panel-1036-4-0-7\" class=\"so-panel widget widget_sow-editor\" data-index=\"13\" ><div\n\t\t\t\n\t\t\tclass=\"so-widget-sow-editor so-widget-sow-editor-base\"\n\t\t\t\n\t\t>\n<div class=\"siteorigin-widget-tinymce textwidget\">\n\t<p><strong>COOKIES<\/strong><br \/>\nWenn Benutzer einen Kommentar auf die Website von Anna'mCara schreiben, kann das eine Einwilligung sein, den Namen, E-Mail-Adresse und Website in Cookies zu speichern. Dies ist eine Komfortfunktion, damit die Benutzer nicht, wenn sie einen weiteren Kommentar schreiben, all diese Daten erneut eingeben m\u00fcssen. Diese Cookies werden ein Jahr lang gespeichert.<\/p>\n<p>Falls die Benutzer ein Konto haben und sich auf der Website von Anna'mCara anmelden, wird ein tempor\u00e4res Cookie setzen, um festzustellen, ob der jeweilige Browser Cookies akzeptiert. Dieses Cookie enth\u00e4lt keine personenbezogenen Daten und wird verworfen, wenn der Browser geschlossen wird.<\/p>\n<p>Wenn die Benutzer sich anmelden, werden einige Cookies einrichten, um die Anmeldeinformationen und Anzeigeoptionen zu speichern. Anmelde-Cookies verfallen nach zwei Tagen und Cookies f\u00fcr die Anzeigeoptionen nach einem Jahr. Falls der Benutzer bei der Anmeldung \u201eAngemeldet bleiben\u201c ausw\u00e4hlt, wird die Anmeldung zwei Wochen lang aufrechterhalten. Mit der Abmeldung aus dem eigenen Konto werden die Anmelde-Cookies gel\u00f6scht.<\/p>\n<p>Wenn ein Benutzer einen Artikel bearbeitet oder ver\u00f6ffentlicht, wird ein zus\u00e4tzlicher Cookie im Browser des Benutzers gespeichert. Dieser Cookie enth\u00e4lt keine personenbezogenen Daten und verweist nur auf die Beitrags-ID des Artikels, den der Benutzer gerade bearbeitet hat. Der Cookie verf\u00e4llt nach einem Tag.<\/p>\n<\/div>\n<\/div><\/div><div id=\"panel-1036-4-0-8\" class=\"so-panel widget widget_sow-editor\" data-index=\"14\" ><div\n\t\t\t\n\t\t\tclass=\"so-widget-sow-editor so-widget-sow-editor-base\"\n\t\t\t\n\t\t>\n<div class=\"siteorigin-widget-tinymce textwidget\">\n\t<p><strong>SPEICHERUNG DER DATEN<\/strong><br \/>\nWenn Benutzer einen Kommentar auf die Website von Anna'mCara schreiben, wird dieser inklusive Metadaten zeitlich unbegrenzt gespeichert. Auf diese Art k\u00f6nnen Folgekommentare automatisch erkannt und freigeben werden, anstatt sie in einer Moderations-Warteschlange festzuhalten.<\/p>\n<p>F\u00fcr Benutzer, die sich auf der Website von Anna'mCara registrieren, werden zus\u00e4tzlich die pers\u00f6nlichen Informationen, die sie in ihren Benutzerprofilen angeben gespeichert. Alle Benutzer k\u00f6nnen jederzeit ihre pers\u00f6nlichen Informationen einsehen, ver\u00e4ndern oder l\u00f6schen (der Benutzername kann nicht ver\u00e4ndert werden). Administratoren der Website k\u00f6nnen diese Informationen ebenfalls einsehen und ver\u00e4ndern.<\/p>\n<\/div>\n<\/div><\/div><div id=\"panel-1036-4-0-9\" class=\"so-panel widget widget_sow-editor\" data-index=\"15\" ><div\n\t\t\t\n\t\t\tclass=\"so-widget-sow-editor so-widget-sow-editor-base\"\n\t\t\t\n\t\t>\n<div class=\"siteorigin-widget-tinymce textwidget\">\n\t<\/div>\n<\/div><\/div><div id=\"panel-1036-4-0-10\" class=\"so-panel widget widget_sow-editor\" data-index=\"16\" ><div\n\t\t\t\n\t\t\tclass=\"so-widget-sow-editor so-widget-sow-editor-base\"\n\t\t\t\n\t\t>\n<div class=\"siteorigin-widget-tinymce textwidget\">\n\t<p><strong>RECHTSWIRKSAMKEIT<\/strong><br \/>\nDieses \"Impressum\" ist Teil des Internetauftrittes von Anna'mCara, von dem auf diese verwiesen wurde.<\/p>\n<p>Falls Teile oder Formulierungen des Textes nicht, nicht mehr oder nicht vollst\u00e4ndig der geltenden Rechtslage entsprechen sollten, bleiben die \u00fcbrigen Teile des Dokumentes in ihrem Inhalt und ihrer G\u00fcltigkeit davon unber\u00fchrt.<\/p>\n<\/div>\n<\/div><\/div><div id=\"panel-1036-4-0-11\" class=\"so-panel widget widget_sow-editor panel-last-child\" data-index=\"17\" ><div\n\t\t\t\n\t\t\tclass=\"so-widget-sow-editor so-widget-sow-editor-base\"\n\t\t\t\n\t\t>\n<div class=\"siteorigin-widget-tinymce textwidget\">\n\t<p><strong>Anna'mCara<\/strong> \/ Schweizer Leuchtturm GmbH - Januar 2023<\/p>\n<\/div>\n<\/div><\/div><\/div><\/div><div id=\"pg-1036-5\"  class=\"panel-grid panel-no-style\" ><div id=\"pgc-1036-5-0\"  class=\"panel-grid-cell\" ><div id=\"panel-1036-5-0-0\" class=\"so-panel widget widget_sow-editor panel-first-child panel-last-child\" data-index=\"18\" ><div\n\t\t\t\n\t\t\tclass=\"so-widget-sow-editor so-widget-sow-editor-base\"\n\t\t\t\n\t\t>\n<div class=\"siteorigin-widget-tinymce textwidget\">\n\t<\/div>\n<\/div><\/div><\/div><\/div><\/div>","protected":false},"excerpt":{"rendered":"<p>Anna&#8217;m&#8217;Cara Tel.: +41 (0)78 888 11 02 Farni 443 Mail: info@annamcara.ch 3766 Boltigen URL: www.annamcara.ch \u00a0 \u00a0 \u00a0 vertreten durch Anna K. Grubenmann Schweizer Leuchtturm GmbH Tel.: +41 (0)78 842 81 44 Berglirain 11 Mail: info@schweizerleuchtturm.ch 8750 Glarus URL: www.schweizerleuchtturm.ch \u00a0 \u00a0 \u00a0 \u00a0 UID: CHE-114.601.117 MwSt \u00a0 HR: CH-160.4.004.886-1<\/p>\n","protected":false},"author":1,"featured_media":0,"parent":847,"menu_order":3,"comment_status":"closed","ping_status":"closed","template":"","meta":{"ngg_post_thumbnail":0,"footnotes":""},"class_list":["post-1036","page","type-page","status-publish","hentry"],"_links":{"self":[{"href":"https:\/\/annamcara.ch\/htm\/wp-json\/wp\/v2\/pages\/1036","targetHints":{"allow":["GET"]}}],"collection":[{"href":"https:\/\/annamcara.ch\/htm\/wp-json\/wp\/v2\/pages"}],"about":[{"href":"https:\/\/annamcara.ch\/htm\/wp-json\/wp\/v2\/types\/page"}],"author":[{"embeddable":true,"href":"https:\/\/annamcara.ch\/htm\/wp-json\/wp\/v2\/users\/1"}],"replies":[{"embeddable":true,"href":"https:\/\/annamcara.ch\/htm\/wp-json\/wp\/v2\/comments?post=1036"}],"version-history":[{"count":37,"href":"https:\/\/annamcara.ch\/htm\/wp-json\/wp\/v2\/pages\/1036\/revisions"}],"predecessor-version":[{"id":17086,"href":"https:\/\/annamcara.ch\/htm\/wp-json\/wp\/v2\/pages\/1036\/revisions\/17086"}],"up":[{"embeddable":true,"href":"https:\/\/annamcara.ch\/htm\/wp-json\/wp\/v2\/pages\/847"}],"wp:attachment":[{"href":"https:\/\/annamcara.ch\/htm\/wp-json\/wp\/v2\/media?parent=1036"}],"curies":[{"name":"wp","href":"https:\/\/api.w.org\/{rel}","templated":true}]}}